{"id":3147,"date":"2023-08-01T16:34:34","date_gmt":"2023-08-01T16:34:34","guid":{"rendered":"https:\/\/gamble-online-aus.org\/safe-online-casinos-2\/"},"modified":"2023-08-01T16:34:34","modified_gmt":"2023-08-01T16:34:34","slug":"safe-online-casinos-2","status":"publish","type":"page","link":"https:\/\/gamble-online-aus.org\/pt-pt\/safe-online-casinos-2\/","title":{"rendered":"CASSINOS ONLINE CONFI\u00c1VEIS E SEGUROS DISPON\u00cdVEIS NA AUSTR\u00c1LIA"},"content":{"rendered":"<?xml encoding=\"utf-8\" ?><br><h2>\n CASSINOS ONLINE DE QUALIDADE E SEGUROS NA AUSTR&Aacute;LIA!<br>\n <\/h2><p>   Hoje, existem muitos cassinos respeit&aacute;veis &#8203;&#8203;que oferecem muitos jogos diferentes e uma experi&ecirc;ncia de usu&aacute;rio aprimorada. As ofertas dos cassinos confi&aacute;veis &#8203;&#8203;s&atilde;o direcionadas e empregadas por milhares de jogadores online em todo o mundo. No entanto, para poder jogar nesses sites, voc&ecirc; precisar&aacute; primeiro localizar um cassino online seguro para jogar. Em meio &agrave;s dezenas de milhares de op&ccedil;&otilde;es que os jogadores t&ecirc;m para jogos de azar online, existem in&uacute;meros cassinos &ldquo;desonestos&rdquo; nos quais n&atilde;o se pode confiar. Alguns deles n&atilde;o t&ecirc;m a seguran&ccedil;a essencial de que voc&ecirc; precisa para o seu dinheiro arduamente ganho, enquanto outros se esquecem de fornecer um bom servi&ccedil;o on-line. Dito isto, voc&ecirc; precisa ter cuidado ao escolher o cassino seguro que usar&aacute; na web. Felizmente, a Austr&aacute;lia sempre foi um pa&iacute;s que viveu em total conformidade com o que a lei determina. Portanto, no que diz respeito a discutir plataformas de jogos de azar on-line, n&atilde;o &eacute; de admirar que os jogadores australianos n&atilde;o tenham nada com que se preocupar. Quase todos os cassinos online podem ser considerados seguros na Austr&aacute;lia. De alguma forma, parece que n&atilde;o h&aacute; nada com que se preocupar quando se trata de qualquer coisa que tenha pelo menos o m&iacute;nimo respeito por este pa&iacute;s maravilhoso. No entanto, esta revis&atilde;o foi escrita para responder a uma s&eacute;rie de perguntas que podem ser uma preocupa&ccedil;&atilde;o fundamental para os seus requisitos. Quando se trata de apostar com dinheiro real, &eacute; melhor voc&ecirc; ter as respostas prontas antes que mais perguntas comecem a aparecer.<\/p><h2>\n MELHORES CASSINOS ONLINE SEGUROS DA AUSTR&Aacute;LIA<br>\n <\/h2><h3>\n QUARTO JOKA<br>\n <\/h3><p>   Joka Room &eacute; a p&eacute;rola entre os sites de jogos. &Eacute; um site de internet confi&aacute;vel com muitas op&ccedil;&otilde;es de jogos de cassino de qualidade. Eles realmente s&atilde;o bastante novos quando comparados com v&aacute;rios dos sites que analisamos, mas t&ecirc;m a reputa&ccedil;&atilde;o de crescimento mais r&aacute;pido que a ind&uacute;stria de jogos de azar testemunhou at&eacute; agora. Tudo isso por causa do suporte favorito, sistema operacional seguro do banco e experi&ecirc;ncia de jogo atraente. O cassino possui apenas quatro op&ccedil;&otilde;es banc&aacute;rias dispon&iacute;veis para garantir a total seguran&ccedil;a de seus jogadores.<\/p><h3>\n KAHUNA<br>\n <\/h3><p>   Kahuna se tornou o &uacute;nico site na regi&atilde;o que oferece um b&ocirc;nus de boas-vindas t&atilde;o grande &ndash; at&eacute; incr&iacute;veis $ 4.000 e 200 rodadas gr&aacute;tis. Isso atrai as pessoas imediatamente, mas &eacute; apenas uma das explica&ccedil;&otilde;es fundamentadas por que &eacute; t&atilde;o popular. A Kahuna tem uma longevidade de muitos elogios por parte dos seus jogadores pelos jogos verdadeiramente fant&aacute;sticos que oferecem, bem como pelas promo&ccedil;&otilde;es e ofertas constantes, sem d&uacute;vida generosas. Aqui, voc&ecirc; receber&aacute; constantemente rodadas gr&aacute;tis e outros b&ocirc;nus, especialmente se participar do programa de fidelidade deles.<\/p><h3>\n VAI JUSTO<br>\n <\/h3><p>   Com mais de 250 jogos, Fair GO &eacute; muito mais popular do que parece. Um site aparentemente simples cont&eacute;m v&aacute;rios dos jogos mais emocionantes que os jogadores ter&atilde;o. O mundo sobre o grau de servi&ccedil;o e experi&ecirc;ncia de jogo saiu rapidamente, fazendo com que a classifica&ccedil;&atilde;o do cassino ficasse saturada em quase todas as listas principais. O b&ocirc;nus de boas-vindas muda regularmente, e isso significa que voc&ecirc; precisa verificar suas p&aacute;ginas para ver qual c&oacute;digo pode usar. No momento, eles oferecem 100 rodadas gr&aacute;tis para quem fizer uso do c&oacute;digo no site.<\/p><h3>\n CACHORRO VERMELHO<br>\n <\/h3><p>   Com um b&ocirc;nus emocionante de 225%, o Red Dog &eacute; o site de apostas favorito de milhares de pessoas no pa&iacute;s e no mundo. Eles t&ecirc;m alguns dos ganhos de jackpot mais frequentes gra&ccedil;as &agrave; popularidade do site e seus jogos ao vivo. Como um tapinha nas costas, voc&ecirc; tamb&eacute;m pode desfrutar de v&aacute;rios b&ocirc;nus em dinheiro e rodadas gr&aacute;tis com base no jogo que joga e no dep&oacute;sito que faz. Todas as informa&ccedil;&otilde;es sobre esses b&ocirc;nus podem ser encontradas no site.<\/p><h3>\n POKIE POP<br>\n <\/h3><p>   O Pokie Pop oferece at&eacute; $ 2.500 como b&ocirc;nus para jogar em seus pokies com base em quanto voc&ecirc; depositar&aacute; em sua primeira jogada. N&atilde;o &eacute; apenas interessante para jogar, mas tamb&eacute;m se classificou como um dos cassinos mais seguros que j&aacute; analisamos. Com um programa de criptografia altamente seguro que permite processar seu dinheiro com seguran&ccedil;a, bem como v&aacute;rias op&ccedil;&otilde;es banc&aacute;rias &agrave; sua escolha, o Pokie Pop &eacute; um excelente substituto para considerar.<\/p><h3>\n PLAYAMO<br>\n <\/h3><p>   O pacote de boas-vindas na PLAYAMO inclui 150 rodadas gr&aacute;tis e um b&ocirc;nus de 300 euros ou USD, dependendo da moeda que voc&ecirc; escolher para jogar. Al&eacute;m do b&ocirc;nus, o popular hub de jogos Playamo oferece uma grande quantidade de promo&ccedil;&otilde;es e promo&ccedil;&otilde;es que s&oacute; melhoram &agrave; medida que voc&ecirc; cresce dentro do programa de fidelidade.<\/p><section class=\"jfadd164\">\n<div class=\"jfad647b\">\n<h2>\n O QUE PROCURAR AO PROCURAR UM CASINO ONLINE SEGURO<br>\n <\/h2>\n<h3>\n LICENCIAMENTO<br>\n <\/h3>\n<p>   Os cassinos exibem os dados sobre licenciamento e regulamentos na parte inferior da p&aacute;gina inicial. Al&eacute;m disso, eles colocam os logotipos essenciais l&aacute;. Vendo como v&aacute;rias &aacute;reas do mundo t&ecirc;m diferentes legisla&ccedil;&otilde;es e &oacute;rg&atilde;os reguladores, voc&ecirc; precisa aprender sobre a autoridade do jogo antes de verificar o licenciamento do cassino. Se jogar na Europa, deve procurar casinos seguros que sejam regulamentados e licenciados por autoridades de jogo situadas no Reino Unido, Gibraltar, Malta, Kahnawake, Ilha de Man, Alderney, etc. Mas voc&ecirc; tamb&eacute;m pode encontrar cassinos leg&iacute;timos registrados em Cura&ccedil;ao, Antilhas Holandesas e Ant&iacute;gua.<\/p>\n<h3>\n LEGISLA&Ccedil;&Atilde;O EM VIGOR<br>\n <\/h3>\n<p>   A legisla&ccedil;&atilde;o &eacute; significativamente diferente de um pa&iacute;s para outro. Se voc&ecirc; &eacute;, como um jogador dos EUA, deve estar ciente de sua legisla&ccedil;&atilde;o r&iacute;gida. Isso significa que voc&ecirc; s&oacute; pode jogar em sites que s&atilde;o regulamentados pela autoridade de jogo de um estado e ter idade para jogar com base em sua casa. Por exemplo, se voc&ecirc; mora em Nova Jersey ou Nevada, precisar&aacute; jogar em um cassino seguro registrado pela mais recente Divis&atilde;o de Aplica&ccedil;&atilde;o de Jogos de Jersey e pelo Conselho de Jogos de Nevada, respectivamente.<\/p>\n<h3>\n TIPO DE SOFTWARE<br>\n <\/h3>\n<p>   Os cassinos oferecem grandes variedades de jogos fabricados por v&aacute;rios fornecedores de software de computador. Idealmente, voc&ecirc; deve escolher um cassino seguro que use provedores de software de computador confi&aacute;veis &#8203;&#8203;e respeit&aacute;veis, de prefer&ecirc;ncia alguns deles. Esses provedores s&atilde;o Microgaming, NetEnt e Playtech, todos conhecidos por seus incr&iacute;veis sons e gr&aacute;ficos.<\/p>\n<h3>\n IDADE E PROPRIEDADE<br>\n <\/h3>\n<p>   A maioria dos sites que voc&ecirc; verificar&aacute; pode ter uma p&aacute;gina t&iacute;pica chamada &lsquo;Sobre n&oacute;s&rsquo;. Nesta p&aacute;gina, voc&ecirc; encontrar&aacute; informa&ccedil;&otilde;es sobre o n&uacute;mero de telefone da empresa, propriedade, informa&ccedil;&otilde;es de registro, localiza&ccedil;&atilde;o e assim por diante. Se nenhuma das informa&ccedil;&otilde;es for fornecida, voc&ecirc; deve ficar longe de seu site na Internet.<\/p>\n<h3>\n PROTOCOLO SSL<br>\n <\/h3>\n<p>   O protocolo SSL informa se um site &eacute; seguro ou n&atilde;o. Para quem n&atilde;o sabe como funciona, a seguran&ccedil;a de um site depende da transfer&ecirc;ncia das informa&ccedil;&otilde;es enviadas do seu dispositivo para o servidor da web. A transmiss&atilde;o deve ser certamente segura, especialmente quando se trata de seus dados de pagamento. SSL significa Secure Socket Layer, um sistema que usa trocas de chaves para criptografar os dados confidenciais antes de pass&aacute;-los pela web. Voc&ecirc; pode verificar isso tentando encontrar HTTPS: \/\/ no in&iacute;cio do URL do site, comprando o bloqueio do site e certificando-se de que digitou o URL correto.<\/p>\n<h3>\n FEEDBACK ONLINE<br>\n <\/h3>\n<p>   O que as pessoas informam sobre um cassino seguro &eacute; sua melhor prova de que a decis&atilde;o &eacute; boa ou ruim. Quanto mais depoimentos voc&ecirc; ler de jogadores que usaram o cassino, mais voc&ecirc; descobrir&aacute; sobre sua funcionalidade e qualidade.<\/p>\n<h3>\n FORMAS DE PAGAMENTO DISPON&Iacute;VEIS<br>\n <\/h3>\n<p>   De acordo com o m&eacute;todo que voc&ecirc; deseja usar, verifique os m&eacute;todos de pagamento dispon&iacute;veis em cada site antes de fazer um dep&oacute;sito. Em muitos casos, o cassino exigir&aacute; que voc&ecirc; tamb&eacute;m use o mesmo m&eacute;todo para retirada. Para ser mais, eles podem ter diferentes m&eacute;todos de pagamento dispon&iacute;veis com diferentes&nbsp;prazos de retirada&nbsp;e taxas. Os tipos de pagamento mais populares s&atilde;o: cart&otilde;es, transfer&ecirc;ncias eletr&ocirc;nicas e carteiras eletr&ocirc;nicas.<\/p>\n<h2>\n QUE EMPRESAS PODEM VERIFICAR A SEGURAN&Ccedil;A DA QUALIDADE DO CASINO ONLINE? <\/h2>\n<h3>\n ECOGRA<br>\n <\/h3>\n<p>   A ECOGRA &eacute; cofundada pela Microgaming, uma das empresas de software de computador mais populares. Desde 2003, muitas vezes regula os cassinos da web na ind&uacute;stria de iGaming. &Eacute; uma organiza&ccedil;&atilde;o sem fins lucrativos com o &uacute;nico objetivo de proteger os jogadores on-line, verificando os operadores e fornecedores de software de cassino.<\/p>\n<h3>\n TST (TESTES DE SISTEMAS T&Eacute;CNICOS)<br>\n <\/h3>\n<p>   A TST foi criada em 1993 e, desde ent&atilde;o, talvez seja uma das empresas mais confi&aacute;veis &#8203;&#8203;para verificar jogos em flash online fornecidos por cassinos. Esta empresa faz parte do Gaming Laboratories International Number of Companies, o que a torna um dos servi&ccedil;os de testes t&eacute;cnicos com a classifica&ccedil;&atilde;o mais alta para classifica&ccedil;&atilde;o de jogos de cassino.<\/p>\n<h3>\n THAWTE<br>\n <\/h3>\n<p>   A Thawte &eacute; a empresa mais confi&aacute;vel que fornece certificados SSL e verifica a ind&uacute;stria de jogos de azar na Internet para localizar a excel&ecirc;ncia. Foi lan&ccedil;ado em 1995 na &Aacute;frica do Sul e &eacute; a primeira autoridade de certifica&ccedil;&atilde;o a vender esses certificados. Posteriormente, a empresa foi adquirida pela agora popular VeriSign.<\/p>\n<h3>\n GAMING ASSOCIATES PTY LTD<br>\n <\/h3>\n<p>   A habilidade e o trabalho da Gaming Associates remontam a 1990. Eles t&ecirc;m uma imagem internacional poderosa e s&atilde;o considerados provavelmente uma das instala&ccedil;&otilde;es de credenciamento e teste mais confi&aacute;veis. Eles testam tudo, desde jogos e apostas online at&eacute; loteria e bingo. Jogar em um&nbsp;casino online de qualidade&nbsp;&eacute; um dos maiores benef&iacute;cios que a tecnologia trouxe aos jogadores de cassino hoje em dia. No entanto, com tantas op&ccedil;&otilde;es para seu uso, voc&ecirc; pode falhar e escolher um cassino desonesto. Para evitar que isso aconte&ccedil;a e manter seu dinheiro suado e informa&ccedil;&otilde;es dolorosas e confidenciais seguras, voc&ecirc; deve selecionar os cassinos com as melhores classifica&ccedil;&otilde;es, regulamentados e licenciados por v&aacute;rios dos &oacute;rg&atilde;os mais respeit&aacute;veis &#8203;&#8203;do mundo.<\/p>\n<h2>\n JOGOS DE CASINO SEGURO MAIS POPULARES<br>\n <\/h2>\n<p> <strong><br>\n Roleta<br>\n <\/strong><br>\n &eacute; um verdadeiro sucesso entre os amantes de apostas on-line australianos, que procuram uma excelente experi&ecirc;ncia de roleta em sites como Jackpot City, Slotomania, Spin Palace e outros. <strong><br>\n Vinte-e-um<br>\n <\/strong><br>\n nada mais &eacute; do que os cl&aacute;ssicos de todos os tempos do mundo do jogo. H&aacute; uma grande variedade de ofertas de Blackjack online que podem ser encontradas em Joka, FairGo, Pokie Pop e Kahuna.<br>\n <strong><br>\n p&ocirc;quer<br>\n <\/strong><br>\n &eacute; algo que o mundo do jogo n&atilde;o poderia estar completo sem. As melhores ofertas de p&ocirc;quer para os jogadores australianos existem nas plataformas de jogo Ignition e Americas Cardroom.<br>\n <strong><br>\n ca&ccedil;a-n&iacute;queis<br>\n <\/strong><br>\n &ndash; os favoritos dos jogadores &ndash; tamb&eacute;m est&atilde;o em uma grande variedade para escolher em tais plataformas, como Mucho Vegas, Kahuna, Joka Room, entre outras.\n <\/p><\/div>\n<\/section><section class=\"jfadd164\">\n<div class=\"jfadcb2 \">\n<h2>\n FAQ SOBRE CASINOS DE QUALIDADE<br>\n <\/h2>\n<h3>\n COMO OS CASSINOS PODEM GARANTIR UMA EXPERI&Ecirc;NCIA DE JOGO SEGURA E DE ALTA QUALIDADE?<br>\n <\/h3>\n<p>   Todas as plataformas de jogo online na Austr&aacute;lia s&atilde;o sujeitas a auditorias constantes. Isso indica que cada um deles est&aacute; sendo verificado para usar o gerador de n&uacute;meros aleat&oacute;rios. Al&eacute;m disso, a maioria dos sites de jogos de azar precisam ser licenciados antes do dia em que aceitam os primeiros jogadores. Ou seja, se n&atilde;o houver licen&ccedil;a, n&atilde;o h&aacute; absolutamente nenhum cassino. Tudo &eacute; bem simples. Portanto, parece que n&atilde;o h&aacute; nada com que se preocupar.<\/p>\n<h3>\n &Eacute; SEGURO JOGAR EM UM DISPOSITIVO M&Oacute;VEL?<br>\n <\/h3>\n<p>   N&atilde;o &eacute; apenas seguro, mas at&eacute; recomend&aacute;vel. O progresso tecnol&oacute;gico da &uacute;ltima d&eacute;cada garantiu que o n&iacute;vel de seguran&ccedil;a que os desenvolvedores atribuem aos celulares n&atilde;o seja inferior ao dos laptops e computadores. O jogo m&oacute;vel &eacute; hoje em dia talvez um dos tipos de jogo mais difundidos, em geral. Mesmo os jogadores que est&atilde;o acostumados a jogar em seus laptops, muitas vezes baixam o aplicativo do cassino para seu dispositivo m&oacute;vel para jogar enquanto correm.<\/p>\n<h3>\n COMO VERIFICAR SE O CASINO &Eacute; SEGURO?<br>\n <\/h3>\n<p>   Este procedimento &eacute; implacavelmente f&aacute;cil de executar. Tudo o que voc&ecirc; precisa fazer &eacute; entrar no site. Em seguida, voc&ecirc; deve ir direto para a se&ccedil;&atilde;o de transa&ccedil;&otilde;es financeiras e examinar os m&eacute;todos de pagamento com os quais o cassino trabalha. Em seguida, role nos pr&oacute;ximos par&aacute;grafos e procure as informa&ccedil;&otilde;es de licenciamento e autentica&ccedil;&atilde;o. Al&eacute;m disso, voc&ecirc; pode procurar o selo eCOGRA no site, pois ele informa que &eacute; internacionalmente conhecido como um cassino seguro para jogar.<\/p>\n<h3>\n &Eacute; SEGURO JOGAR COM DINHEIRO REAL?<br>\n <\/h3>\n<p>   Claro, se voc&ecirc; seguir todas as etapas mencionadas sobre a verifica&ccedil;&atilde;o de seguran&ccedil;a. Se tudo &eacute; para poder, s&oacute; falta uma coisa &ndash; escolher o m&eacute;todo de pagamento que pretende utilizar.<\/p>\n<h2>\n AVALIA&Ccedil;&Otilde;ES RELACIONADAS<br>\n <\/h2>\n<ul>\n<li>\n Cassinos com dinheiro real na Austr&aacute;lia\n <\/li>\n<li>\n Melhores cassinos online australianos\n <\/li>\n<li>\n Cassinos online sem dep&oacute;sito com dinheiro real\n <\/li>\n<li>\n Sem Verifica&ccedil;&atilde;o de ID Casinos\n <\/li>\n<li>\n Casinos Online de Pagamento Instant&acirc;neo\n <\/li>\n<li>\n Melhores cassinos online pagos\n <\/li>\n<li>\n Cassinos de apostas mais baixas\n <\/li>\n<li>\n Aplicativos de dinheiro real\n <\/li>\n<\/ul><\/div>\n<\/section>\n","protected":false},"excerpt":{"rendered":"<p>CASSINOS ONLINE DE QUALIDADE E SEGUROS NA AUSTR&Aacute;LIA! Hoje, existem muitos cassinos respeit&aacute;veis &#8203;&#8203;que oferecem muitos jogos diferentes e uma experi&ecirc;ncia de usu&aacute;rio aprimorada. As ofertas dos cassinos confi&aacute;veis &#8203;&#8203;s&atilde;o direcionadas e empregadas por milhares de jogadores online em todo o mundo. No entanto, para poder jogar nesses sites, voc&ecirc; precisar&aacute; primeiro localizar um cassino&hellip;&nbsp;<a href=\"https:\/\/gamble-online-aus.org\/pt-pt\/safe-online-casinos-2\/\" class=\"\" rel=\"bookmark\">Ler mais &raquo;<span class=\"screen-reader-text\">CASSINOS ONLINE CONFI\u00c1VEIS E SEGUROS DISPON\u00cdVEIS NA AUSTR\u00c1LIA<\/span><\/a><\/p>\n","protected":false},"author":1,"featured_media":0,"parent":0,"menu_order":0,"comment_status":"closed","ping_status":"closed","template":"","meta":{"neve_meta_sidebar":"","neve_meta_container":"","neve_meta_enable_content_width":"","neve_meta_content_width":0,"neve_meta_title_alignment":"","neve_meta_author_avatar":"","neve_post_elements_order":"","neve_meta_disable_header":"","neve_meta_disable_footer":"","neve_meta_disable_title":"","footnotes":""},"class_list":["post-3147","page","type-page","status-publish","hentry"],"_links":{"self":[{"href":"https:\/\/gamble-online-aus.org\/pt-pt\/wp-json\/wp\/v2\/pages\/3147","targetHints":{"allow":["GET"]}}],"collection":[{"href":"https:\/\/gamble-online-aus.org\/pt-pt\/wp-json\/wp\/v2\/pages"}],"about":[{"href":"https:\/\/gamble-online-aus.org\/pt-pt\/wp-json\/wp\/v2\/types\/page"}],"author":[{"embeddable":true,"href":"https:\/\/gamble-online-aus.org\/pt-pt\/wp-json\/wp\/v2\/users\/1"}],"replies":[{"embeddable":true,"href":"https:\/\/gamble-online-aus.org\/pt-pt\/wp-json\/wp\/v2\/comments?post=3147"}],"version-history":[{"count":0,"href":"https:\/\/gamble-online-aus.org\/pt-pt\/wp-json\/wp\/v2\/pages\/3147\/revisions"}],"wp:attachment":[{"href":"https:\/\/gamble-online-aus.org\/pt-pt\/wp-json\/wp\/v2\/media?parent=3147"}],"curies":[{"name":"wp","href":"https:\/\/api.w.org\/{rel}","templated":true}]}}