{"id":3133,"date":"2023-08-01T06:44:55","date_gmt":"2023-08-01T06:44:55","guid":{"rendered":"https:\/\/gamble-online-aus.org\/how-to-cheat-pokies-2\/"},"modified":"2023-08-01T06:44:55","modified_gmt":"2023-08-01T06:44:55","slug":"how-to-cheat-pokies-2","status":"publish","type":"page","link":"https:\/\/gamble-online-aus.org\/pt-pt\/how-to-cheat-pokies-2\/","title":{"rendered":"COMO TRAPA\u00c7AR POKIES, ORIENTA\u00c7\u00c3O DE 2023"},"content":{"rendered":"<?xml encoding=\"utf-8\" ?><p> <img decoding=\"async\" src=\"https:\/\/gamble-online-aus.org\/wp-content\/uploads\/2022\/02\/cheat-pokies.png\"><\/p><section class=\"jfadd164\">\n<h2>\n COMO ENGANAR POKIES E GANHAR DINHEIRO<br>\n <\/h2>\n<p>   As m&aacute;quinas ca&ccedil;a-n&iacute;queis s&atilde;o os jogos mais envolventes tanto em jogos f&iacute;sicos quanto<br>\n <a href=\"https:\/\/gamble-online-aus.org\/\"><br>\n Cassinos online<br>\n <\/a><br>\n . Este jogo &eacute; do interesse tanto de clientes quanto de trapaceiros, que utilizam o equipamento para fins fraudulentos.<br>\n <a href=\"https:\/\/gamble-online-aus.org\/best-payout-pokies\/\"><br>\n ca&ccedil;a-n&iacute;queis online<br>\n <\/a><br>\n pode entregar pr&ecirc;mios que mudam a vida de seus jogadores e &eacute; compreens&iacute;vel que muitos trapaceiros queiram enganar a m&aacute;quina e roubar o dinheiro de sua loja. Se voc&ecirc; est&aacute; procurando orienta&ccedil;&otilde;es sobre como enganar pokies, voc&ecirc; pode examinar o seguinte guia para encontrar mais uma possibilidade compar&aacute;vel.<br>\n <\/p><\/section><section class=\"jfadd164\">\n<div class=\"jfad647b\">\n<h3>\n COMO ENGANAR POKIES OFFLINE<br>\n <\/h3>\n<p>   Hackear um slot de v&iacute;deo &eacute; extremamente desafiador, mesmo para hackers profissionais. Esses jogos s&atilde;o feitos por uma equipe experiente e competente de homens e mulheres que usam matem&aacute;tica e outras ferramentas de desenvolvimento para produzir os melhores produtos poss&iacute;veis. Antes do lan&ccedil;amento oficial, cada produto deve passar por v&aacute;rias etapas de testes. Ao longo do processo de teste, os testadores podem encontrar todos os bugs que devem ser corrigidos pelos matem&aacute;ticos. Apesar do trabalho cont&iacute;nuo no processo de tentativa e erro, existe uma possibilidade te&oacute;rica de revelar alguns erros nas m&aacute;quinas. A quest&atilde;o de como enganar uma m&aacute;quina de ca&ccedil;a-n&iacute;queis &eacute; extremamente comum entre os hackers, mas a resposta &eacute; simples &ndash; voc&ecirc; precisa ser um g&ecirc;nio. Al&eacute;m disso, voc&ecirc; deve ter uma equipe de profissionais e descobrir maneiras de desmontar a m&aacute;quina RNG. H&aacute; tamb&eacute;m t&eacute;cnicas adicionais que ajudar&atilde;o em todo o processo.<\/p>\n<h4>\n C&Oacute;DIGOS DE CHEAT<br>\n <\/h4>\n<p>   As autoridades de jogos de azar devem ter cuidado para que tudo funcione sem problemas no mercado de jogos de azar. Os engenheiros s&atilde;o respons&aacute;veis &#8203;&#8203;por projetar m&aacute;quinas que podem ser monitoradas e verificadas posteriormente para fornecer uma jogabilidade justa e de alta qualidade. No entanto, os engenheiros podem manipular o c&oacute;digo e fazer o jogo funcionar a seu favor. De acordo com a famosa hist&oacute;ria, Ronald Dale Harris, um engenheiro da Nevada Gaming Commission manipulou um slot e fez o jogo por anos. Quando seu parceiro ganhou $ 100.000 no keno em 1995, ele foi descoberto.<\/p>\n<h4>\n UTILIZA&Ccedil;&Atilde;O DO &Iacute;M&Atilde;<br>\n <\/h4>\n<p>   Muitas pessoas se perguntam como enganar um jogo de ca&ccedil;a-n&iacute;queis com um &iacute;m&atilde;. &Eacute; importante perceber que as m&aacute;quinas modernas n&atilde;o podem ser enganadas com um &iacute;m&atilde; porque elas s&atilde;o programadas. Independentemente disso, tivemos tipos de pessoas que tiveram sucesso em trapacear com um &iacute;m&atilde; nas m&aacute;quinas dos tempos antigos. Para tornar isso poss&iacute;vel, voc&ecirc; ter&aacute; que girar os rolos do ca&ccedil;a-n&iacute;queis e come&ccedil;ar a usar um im&atilde; robusto para impedir que os rolos girem assim que perceber seus combos vencedores. Tudo &eacute; feito al&eacute;m do equipamento. Depois de eliminar o &iacute;m&atilde; do equipamento, &eacute; poss&iacute;vel reivindicar ganhos.<\/p>\n<h4>\n VARA DE LUZ<br>\n <\/h4>\n<p>   Existe uma maneira adicional para trapaceiros que desejam aprender a manipular um jogo de ca&ccedil;a-n&iacute;queis. Tommy Glenn Carmichael &eacute; um trapaceiro famoso que costumava aplicar uma varinha de luz. Ele usou sua varinha de luz para fornecer pr&ecirc;mios de jackpot do nada. Uma varinha de luz era uma ferramenta ideal para cegar o sensor &oacute;ptico nas m&aacute;quinas e era dif&iacute;cil verificar o n&uacute;mero de moedas depositadas no dispositivo. Tinha sido o jeito de Tommy ganhar grandes quantias com pequenas vit&oacute;rias.<\/p>\n<h4>\n pata do macaco<br>\n <\/h4>\n<p>   Tommy Glenn Carmichael tamb&eacute;m criou a &ldquo;pata de macaco&rdquo;. Ele costumava experimentar novas ideias no v&iacute;deo p&ocirc;quer e inventou a engenhoca adequada. Para isso, ele utilizou uma corda de viol&atilde;o e a ligou a uma haste dobrada. Ele costumava enfi&aacute;-lo na sa&iacute;da de ar do equipamento e contorc&ecirc;-lo o tempo todo antes de clicar no bot&atilde;o da tremonha.<\/p>\n<h4>\n SUBSTITUI&Ccedil;&Atilde;O DO CHIP<br>\n <\/h4>\n<p>   Ainda outra maneira de enganar os slots foi inventada por Dennis Nikrasch. Ele comprou uma m&aacute;quina e a investigou para descobrir todas as falhas poss&iacute;veis. Ele descobriu que os chips de computador nas m&aacute;quinas poderiam ser reprogramados para pagar jackpots ao clicar. Nikrasch comprou muitas fichas, contratou um esquadr&atilde;o de golpistas, pegou as chaves e come&ccedil;ou uma aventura de golpes. Seu golpe foi bem-sucedido por anos e os cassinos perderam enormes quantias de dinheiro. Mas exatamente o que ele fez foi trocar os chips separados pelos manipulados.<\/p>\n<h4>\n USANDO O VALIDADOR DE CONTAS<br>\n <\/h4>\n<p>   A pr&oacute;xima maneira de enganar um slot &eacute; com um validador de notas. Nesse caso, voc&ecirc; pode usar um pequeno dispositivo enrolado em uma nota para enganar a m&aacute;quina ca&ccedil;a-n&iacute;queis. Ao fazer isso, o equipamento assumir&aacute; que est&aacute; recebendo uma nota de $ 100 quando est&aacute; recebendo apenas uma nota de $ 1. Este golpe foi inventado no bar de Nevada por Billy-Joe e Tio Fuzz.<\/p>\n<h4>\n FALHAS DE SOFTWARE<br>\n <\/h4>\n<p>   Os cassinos costumavam recusar ganhos na maioria das vezes por causa de falhas. Um dos muitos incidentes famosos ocorreu em 2015, quando a av&oacute; de Illinois, Pauline McKee, levou $ 41 milh&otilde;es em um jogo de ca&ccedil;a-n&iacute;queis Miss Kitty no Isle Casino Hotel Waterloo. Ela processou o cassino e seu &uacute;ltimo recurso foi negado em 2015. O cassino ganhou este caso com base em inst&acirc;ncias hist&oacute;ricas. Falhas de software de computador tamb&eacute;m s&atilde;o usadas por trapaceiros h&aacute; muito tempo. Eles costumavam jogar um determinado padr&atilde;o de jogos e apostas para confundir o slot de v&iacute;deo e ativar uma falha que entregava uma quantia de jackpot. Muitos trapaceiros tiraram proveito dessa pr&aacute;tica, mas muitos vencedores do jackpot s&atilde;o posteriormente negados devido a essa pr&aacute;tica de trapa&ccedil;a.<\/p>\n<h3>\n POSSO TRAPA&Ccedil;AR EM POKIES ONLINE?<br>\n <\/h3>\n<p>   Mesmo como j&aacute; dissemos, se voc&ecirc; est&aacute; procurando como hackear m&aacute;quinas ca&ccedil;a-n&iacute;queis, voc&ecirc; deve ser um verdadeiro g&ecirc;nio. Depois de ter uma equipe ao seu redor, voc&ecirc; tamb&eacute;m precisar&aacute; de todas as informa&ccedil;&otilde;es sobre o faturamento da m&aacute;quina e os valores atuais. Os funcion&aacute;rios dos locais de jogo t&ecirc;m maiores chances de enganar os ca&ccedil;a-n&iacute;queis porque est&atilde;o pr&oacute;ximos aos jogos. Tamb&eacute;m &eacute; ben&eacute;fico testar o equipamento manualmente. Para experimentar o jogo em geral, voc&ecirc; precisar&aacute; concluir v&aacute;rias fases, incluindo testar o tamanho do empr&eacute;stimo, o tamanho da aposta, a quantidade total de linhas de pagamento ativas e o valor total da aposta. Se o produtor n&atilde;o estiver ativo durante a trapa&ccedil;a, suas chances de enganar o equipamento s&atilde;o maiores. O processo de teste pode ser caro, &eacute; claro, se voc&ecirc; quiser descobrir alguns bugs, precisar&aacute; compr&aacute;-lo. Se voc&ecirc; ler os f&oacute;runs, poder&aacute; encontrar muitas hist&oacute;rias sobre trapa&ccedil;as e jogos de cassino hackeados. A verdade &eacute; que qualquer problema pode ser corrigido rapidamente pelo desenvolvedor. A &uacute;nica exce&ccedil;&atilde;o poderia ser m&aacute;quinas que funcionam sem o apoio do primeiro produtor. Tamb&eacute;m h&aacute; hist&oacute;rias sobre bugs nos jogos de provedores como, por exemplo, Unicum e Igrosoft. Apenas recentemente, tamb&eacute;m foi suportado por exemplos ou hacks de sites 1x, como por exemplo 1xBet ou 1xPokies.<\/p>\n<h3>\n NOMES DOS &ldquo;HACKERS DE SLOTS&rdquo; MAIS CONHECIDOS<br>\n <\/h3>\n<p>   Se voc&ecirc; est&aacute; procurando os hackers de ca&ccedil;a-n&iacute;queis mais famosos, podemos citar alguns dos mais conhecidos nos anais das m&aacute;quinas ca&ccedil;a-n&iacute;queis:<\/p>\n<ul>\n<li aria-level=\"1\">\n Engenheiro Ronald Dale Harris de Nevada\n <\/li>\n<li aria-level=\"1\">\n Louis &ldquo;The Coin&rdquo; Colavecchio ou vigarista\n <\/li>\n<li aria-level=\"1\">\n Tommy Glenn Carmichael\n <\/li>\n<li aria-level=\"1\">\n Dennis Nikrasch\n <\/li>\n<li aria-level=\"1\">\n Billy-Joe e Tio Fuzz\n <\/li>\n<\/ul><\/div>\n<\/section>\n","protected":false},"excerpt":{"rendered":"<p>COMO ENGANAR POKIES E GANHAR DINHEIRO As m&aacute;quinas ca&ccedil;a-n&iacute;queis s&atilde;o os jogos mais envolventes tanto em jogos f&iacute;sicos quanto Cassinos online . Este jogo &eacute; do interesse tanto de clientes quanto de trapaceiros, que utilizam o equipamento para fins fraudulentos. ca&ccedil;a-n&iacute;queis online pode entregar pr&ecirc;mios que mudam a vida de seus jogadores e &eacute; compreens&iacute;vel&hellip;&nbsp;<a href=\"https:\/\/gamble-online-aus.org\/pt-pt\/how-to-cheat-pokies-2\/\" class=\"\" rel=\"bookmark\">Ler mais &raquo;<span class=\"screen-reader-text\">COMO TRAPA\u00c7AR POKIES, ORIENTA\u00c7\u00c3O DE 2023<\/span><\/a><\/p>\n","protected":false},"author":1,"featured_media":0,"parent":0,"menu_order":0,"comment_status":"closed","ping_status":"closed","template":"","meta":{"neve_meta_sidebar":"","neve_meta_container":"","neve_meta_enable_content_width":"","neve_meta_content_width":0,"neve_meta_title_alignment":"","neve_meta_author_avatar":"","neve_post_elements_order":"","neve_meta_disable_header":"","neve_meta_disable_footer":"","neve_meta_disable_title":"","footnotes":""},"class_list":["post-3133","page","type-page","status-publish","hentry"],"_links":{"self":[{"href":"https:\/\/gamble-online-aus.org\/pt-pt\/wp-json\/wp\/v2\/pages\/3133","targetHints":{"allow":["GET"]}}],"collection":[{"href":"https:\/\/gamble-online-aus.org\/pt-pt\/wp-json\/wp\/v2\/pages"}],"about":[{"href":"https:\/\/gamble-online-aus.org\/pt-pt\/wp-json\/wp\/v2\/types\/page"}],"author":[{"embeddable":true,"href":"https:\/\/gamble-online-aus.org\/pt-pt\/wp-json\/wp\/v2\/users\/1"}],"replies":[{"embeddable":true,"href":"https:\/\/gamble-online-aus.org\/pt-pt\/wp-json\/wp\/v2\/comments?post=3133"}],"version-history":[{"count":0,"href":"https:\/\/gamble-online-aus.org\/pt-pt\/wp-json\/wp\/v2\/pages\/3133\/revisions"}],"wp:attachment":[{"href":"https:\/\/gamble-online-aus.org\/pt-pt\/wp-json\/wp\/v2\/media?parent=3133"}],"curies":[{"name":"wp","href":"https:\/\/api.w.org\/{rel}","templated":true}]}}