{"id":3099,"date":"2023-07-31T17:35:45","date_gmt":"2023-07-31T17:35:45","guid":{"rendered":"https:\/\/gamble-online-aus.org\/5-minimum-deposit-casino-2\/"},"modified":"2023-07-31T17:35:45","modified_gmt":"2023-07-31T17:35:45","slug":"5-minimum-deposit-casino-2","status":"publish","type":"page","link":"https:\/\/gamble-online-aus.org\/pt-pt\/5-minimum-deposit-casino-2\/","title":{"rendered":"Casino de dep\u00f3sito m\u00ednimo de $ 5 na Austr\u00e1lia 2023 revis\u00e3o"},"content":{"rendered":"<?xml encoding=\"utf-8\" ?><p> <span style=\"font-weight: 400;\"><br>\n n&atilde;o sei qual<br>\n <\/span><\/p><p> <span style=\"font-weight: 400;\"><br>\n Dep&oacute;sito m&iacute;nimo de $ 5 no cassino Austr&aacute;lia 2026<br>\n <\/span><\/p><p> <span style=\"font-weight: 400;\"><br>\n escolher para entretenimento de ca&ccedil;a-n&iacute;queis de baixo dep&oacute;sito? Preparamos uma classifica&ccedil;&atilde;o dos melhores cassinos com um dep&oacute;sito m&iacute;nimo de AUD 5. No material abaixo, voc&ecirc; aprender&aacute; sobre as vantagens dos estabelecimentos de nossa classifica&ccedil;&atilde;o e como jogar ca&ccedil;a-n&iacute;queis a partir de 5 d&oacute;lares australianos. Um dep&oacute;sito de cassino &eacute; o processo de recarregar uma conta de jogo no site, bem como a pr&oacute;pria conta ou o dinheiro colocado nela. Ou seja, o dep&oacute;sito m&iacute;nimo &eacute; o menor valor que pode ser transferido para uma conta em uma institui&ccedil;&atilde;o online.<br>\n <\/span><\/p><p> <span style=\"font-weight: 400;\"><br>\n Para os jogadores, os clubes de jogo com dep&oacute;sitos baixos s&atilde;o muito mais convenientes. Afinal, voc&ecirc; n&atilde;o precisa gastar muito dinheiro apenas para come&ccedil;ar o jogo. Ao reabastecer o dep&oacute;sito com pequenas quantias, voc&ecirc; pode controlar com sucesso seu or&ccedil;amento de jogos. Nos cassinos da Austr&aacute;lia, as recargas de AUD 5 s&atilde;o o valor m&iacute;nimo poss&iacute;vel. Normalmente, o tamanho do reabastecimento m&iacute;nimo depende do m&eacute;todo escolhido pelo jogador. Al&eacute;m disso, o cassino pode definir um limite inferior para qualquer dep&oacute;sito. Em muitas institui&ccedil;&otilde;es chega a 50 ou 100 d&oacute;lares australianos, ou at&eacute; mais. &Eacute; por isso que os jogadores valorizam<br>\n <\/span><\/p><p> <span style=\"font-weight: 400;\"><br>\n Dep&oacute;sito m&iacute;nimo de $ 5 no cassino<br>\n <\/span><\/p><p> <span style=\"font-weight: 400;\"><br>\n com recarga a partir de AUD 5.<br>\n <\/span><\/p><p style=\"text-align: center;\">\n <!-- No shortcodes are defined -->\n <\/p><h2>\n<\/h2><p> <span style=\"font-weight: 400;\"><br>\n Cassino com dep&oacute;sito de $ 5 na Austr&aacute;lia: b&ocirc;nus e promo&ccedil;&otilde;es<br>\n <\/span><\/p><p> <span style=\"font-weight: 400;\"><br>\n Em 2026, h&aacute; cassinos suficientes na Austr&aacute;lia com recarga de AUD 5. Compilamos uma classifica&ccedil;&atilde;o das melhores institui&ccedil;&otilde;es australianas com dep&oacute;sitos m&iacute;nimos. Ao mesmo tempo, levamos em considera&ccedil;&atilde;o outras vantagens dos clubes de jogos de azar. Voc&ecirc; tamb&eacute;m deve prestar aten&ccedil;&atilde;o a eles ao escolher um<br>\n <\/span><\/p><p> <span style=\"font-weight: 400;\"><br>\n casino online dep&oacute;sito m&iacute;nimo de 5<br>\n <\/span><\/p><p> <span style=\"font-weight: 400;\"><br>\n :<br>\n <\/span><\/p><ul>\n<li style=\"font-weight: 400;\" aria-level=\"1\">\n<p> <span style=\"font-weight: 400;\"><br>\n Uma licen&ccedil;a que d&aacute; permiss&atilde;o para operar e confirma o n&iacute;vel.<br>\n <\/span><\/p>\n<\/li>\n<li style=\"font-weight: 400;\" aria-level=\"1\">\n<p> <span style=\"font-weight: 400;\"><br>\n Numerosas slots, jogos de mesa, dealers ao vivo e outros entretenimentos dos melhores fornecedores. <\/span><\/p>\n<\/li>\n<li style=\"font-weight: 400;\" aria-level=\"1\">\n<p> <span style=\"font-weight: 400;\"><br>\n A capacidade de depositar e retirar dinheiro sem comiss&atilde;o de v&aacute;rias maneiras.<br>\n <\/span><\/p>\n<\/li>\n<li style=\"font-weight: 400;\" aria-level=\"1\">\n<p> <span style=\"font-weight: 400;\"><br>\n Atitude leal aos jogadores &ndash; b&ocirc;nus, presentes, bom servi&ccedil;o de suporte.<br>\n <\/span><\/p>\n<\/li>\n<\/ul><p> <span style=\"font-weight: 400;\"><br>\n Os jogadores podem obter os seguintes b&ocirc;nus:<br>\n <\/span><\/p><ul>\n<li style=\"font-weight: 400;\" aria-level=\"1\">\n<p> <span style=\"font-weight: 400;\"><br>\n B&ocirc;nus de boas-vindas (&agrave;s vezes chamados de b&ocirc;nus de inscri&ccedil;&atilde;o) s&atilde;o incentivos promocionais de cassino usados &#8203;&#8203;para aumentar o interesse entre pessoas que nunca jogaram em um cassino online antes. Os cassinos oferecem certo dinheiro, giros de b&ocirc;nus, etc. na inscri&ccedil;&atilde;o e geralmente exigem que os jogadores joguem o dinheiro do b&ocirc;nus um certo n&uacute;mero de vezes antes de poderem retir&aacute;-lo.<br>\n <\/span><\/p>\n<\/li>\n<li style=\"font-weight: 400;\" aria-level=\"1\">\n<p> <span style=\"font-weight: 400;\"><br>\n Rodadas gr&aacute;tis s&atilde;o geralmente usadas por<br>\n <\/span><\/p>\n<p> <span style=\"font-weight: 400;\"><br>\n 5 dep&oacute;sito m&iacute;nimo de cassino m&oacute;vel<br>\n <\/span><\/p>\n<p> <span style=\"font-weight: 400;\"><br>\n para atrair usu&aacute;rios que preferem m&aacute;quinas ca&ccedil;a-n&iacute;queis. Eles podem ser usados &#8203;&#8203;como parte ou todos de um b&ocirc;nus de boas-vindas, uma promo&ccedil;&atilde;o comemorativa para jogadores existentes ou apenas para divers&atilde;o, quaisquer que sejam as circunst&acirc;ncias. Tudo se resume a dar aos jogadores um certo n&uacute;mero de rodadas gr&aacute;tis que eles podem usar para jogar ca&ccedil;a-n&iacute;queis de gra&ccedil;a (e talvez ganhar algum dinheiro).<br>\n <\/span><\/p>\n<\/li>\n<li style=\"font-weight: 400;\" aria-level=\"1\">\n<p> <span style=\"font-weight: 400;\"><br>\n Os b&ocirc;nus de dep&oacute;sito s&atilde;o normalmente usados &#8203;&#8203;como b&ocirc;nus de boas-vindas, mas tamb&eacute;m s&atilde;o oferecidos para atrair jogadores de cassino existentes para incentiv&aacute;-los a explorar novos jogos ou simplesmente passar algum tempo jogando no site do cassino. A ess&ecirc;ncia deles &eacute; reabastecer a conta com uma certa quantia para receber pontos de b&ocirc;nus.<br>\n <\/span><\/p>\n<\/li>\n<\/ul><p> <img loading=\"lazy\" decoding=\"async\" class=\"aligncenter wp-image-1510\" src=\"https:\/\/gamble-online-aus.org\/wp-content\/uploads\/2022\/07\/5-minimum-deposit-online-casinos-1-300x141.jpg\" alt=\" Minimum Deposit Casino in Australia\" width=\"677\" height=\"318\" srcset=\"https:\/\/gamble-online-aus.org\/wp-content\/uploads\/2022\/07\/5-minimum-deposit-online-casinos-1-300x141.jpg 300w, https:\/\/gamble-online-aus.org\/wp-content\/uploads\/2022\/07\/5-minimum-deposit-online-casinos-1-768x360.jpg 768w, https:\/\/gamble-online-aus.org\/wp-content\/uploads\/2022\/07\/5-minimum-deposit-online-casinos-1.jpg 800w\" sizes=\"auto, (max-width: 677px) 100vw, 677px\"><\/p><h2>\n<\/h2><p> <span style=\"font-weight: 400;\"><br>\n Cassino de dep&oacute;sito de $ 5 na Austr&aacute;lia: dep&oacute;sito e retirada<br>\n <\/span><\/p><p> <span style=\"font-weight: 400;\"><br>\n Para jogar em um cassino online por AUD, o jogador deve primeiro se registrar nele. Voc&ecirc; pode fazer isso no site da institui&ccedil;&atilde;o. O processo de registro em um cassino online geralmente segue o mesmo algoritmo:<br>\n <\/span><\/p><ol>\n<li style=\"font-weight: 400;\" aria-level=\"1\">\n<p> <span style=\"font-weight: 400;\"><br>\n Primeiro, acesse o site da institui&ccedil;&atilde;o em um computador ou celular.<br>\n <\/span><\/p>\n<\/li>\n<li style=\"font-weight: 400;\" aria-level=\"1\">\n<p> <span style=\"font-weight: 400;\"><br>\n Encontre o bot&atilde;o &ldquo;Registro&rdquo; na p&aacute;gina e clique nele. Um novo question&aacute;rio de jogador ser&aacute; aberto antes de voc&ecirc;.<br>\n <\/span><\/p>\n<\/li>\n<li style=\"font-weight: 400;\" aria-level=\"1\">\n<p> <span style=\"font-weight: 400;\"><br>\n Selecione um m&eacute;todo de registro. Normalmente, sugere-se criar uma conta por n&uacute;mero de telefone ou endere&ccedil;o de e-mail. Alguns clubes tamb&eacute;m oferecem vincular a conta a uma conta de rede social existente, se voc&ecirc; tiver uma.<br>\n <\/span><\/p>\n<\/li>\n<li style=\"font-weight: 400;\" aria-level=\"1\">\n<p> <span style=\"font-weight: 400;\"><br>\n Insira detalhes de contato e outras informa&ccedil;&otilde;es exigidas pelo<br>\n <\/span><\/p>\n<p> <span style=\"font-weight: 400;\"><br>\n casino online com dep&oacute;sito m&iacute;nimo de $ 5<br>\n <\/span><\/p>\n<p> <span style=\"font-weight: 400;\"><br>\n . Em alguns clubes de jogos de azar, basta inserir um n&uacute;mero ou e-mail e criar uma senha. Outros podem pedir seu nome e sobrenome, data de nascimento ou outras informa&ccedil;&otilde;es.<br>\n <\/span><\/p>\n<\/li>\n<li style=\"font-weight: 400;\" aria-level=\"1\">\n<p> <span style=\"font-weight: 400;\"><br>\n Al&eacute;m disso, normalmente &eacute; necess&aacute;rio concordar com as regras da institui&ccedil;&atilde;o durante o registro.<br>\n <\/span><\/p>\n<\/li>\n<li style=\"font-weight: 400;\" aria-level=\"1\">\n<p> <span style=\"font-weight: 400;\"><br>\n Alguns clubes tamb&eacute;m oferecem a inser&ccedil;&atilde;o de um c&oacute;digo promocional no formul&aacute;rio para ativ&aacute;-lo no momento do registro.<br>\n <\/span><\/p>\n<\/li>\n<\/ol><p style=\"text-align: center;\">\n <!-- No shortcodes are defined -->\n <\/p><p> <span style=\"font-weight: 400;\"><br>\n Se voc&ecirc; deseja se registrar nas redes sociais, preste aten&ccedil;&atilde;o se o clube de jogos de azar oferece essa op&ccedil;&atilde;o. Nesse caso, voc&ecirc; ver&aacute; logotipos de m&iacute;dia social na parte superior ou inferior do formul&aacute;rio de registro. Para se cadastrar, basta clicar na imagem da rede desejada e confirmar o acesso aos dados. Voc&ecirc; pode recarregar um dep&oacute;sito em um cassino online de AUD 5 diretamente no site da institui&ccedil;&atilde;o. Para depositar dinheiro na conta, o usu&aacute;rio precisa:<br>\n <\/span><\/p><ul>\n<li style=\"font-weight: 400;\" aria-level=\"1\">\n<p> <span style=\"font-weight: 400;\"><br>\n Acesse o site e fa&ccedil;a login na sua conta.<br>\n <\/span><\/p>\n<\/li>\n<li style=\"font-weight: 400;\" aria-level=\"1\">\n<p> <span style=\"font-weight: 400;\"><br>\n V&aacute; para a se&ccedil;&atilde;o financeira. Normalmente, &eacute; chamado de &ldquo;Caixa&rdquo; ou &ldquo;Entrada\/retirada de fundos&rdquo;. Voc&ecirc; pode encontrar um link para ele no topo da p&aacute;gina ou no menu da sua conta pessoal.<br>\n <\/span><\/p>\n<\/li>\n<li style=\"font-weight: 400;\" aria-level=\"1\">\n<p> <span style=\"font-weight: 400;\"><br>\n Em seguida, escolha um m&eacute;todo de recarga. O mais acess&iacute;vel para os australianos &eacute; a recarga com cart&atilde;o de banco. Alguns estabelecimentos tamb&eacute;m oferecem sistemas de pagamento online, carteiras eletr&ocirc;nicas ou criptomoedas para transa&ccedil;&otilde;es. Observe que o limite m&iacute;nimo de recarga pode variar dependendo do m&eacute;todo.<br>\n <\/span><\/p>\n<\/li>\n<li style=\"font-weight: 400;\" aria-level=\"1\">\n<p> <span style=\"font-weight: 400;\"><br>\n Em seguida, insira o valor da recarga e os detalhes do m&eacute;todo de pagamento.<br>\n <\/span><\/p>\n<\/li>\n<li style=\"font-weight: 400;\" aria-level=\"1\">\n<p> <span style=\"font-weight: 400;\"><br>\n E, finalmente, confirme a transa&ccedil;&atilde;o. <\/span><\/p>\n<\/li>\n<\/ul><p> <span style=\"font-weight: 400;\"><br>\n Na maioria das vezes, a recarga &eacute; creditada instantaneamente, independentemente de seu tamanho. Para jogar em m&aacute;quinas ca&ccedil;a-n&iacute;queis a partir de 5 AUD, os jogadores precisam:<br>\n <\/span><\/p><ul>\n<li style=\"font-weight: 400;\" aria-level=\"1\">\n<p> <span style=\"font-weight: 400;\"><br>\n Entre na sua conta e fa&ccedil;a um dep&oacute;sito, caso ainda n&atilde;o o tenha feito.<br>\n <\/span><\/p>\n<\/li>\n<li style=\"font-weight: 400;\" aria-level=\"1\">\n<p> <span style=\"font-weight: 400;\"><br>\n Selecione uma m&aacute;quina ca&ccedil;a-n&iacute;queis a seu crit&eacute;rio.<br>\n <\/span><\/p>\n<\/li>\n<li style=\"font-weight: 400;\" aria-level=\"1\">\n<p> <span style=\"font-weight: 400;\"><br>\n Especifique a aposta e ajuste o n&uacute;mero de linhas de pagamento, se aplic&aacute;vel.<br>\n <\/span><\/p>\n<\/li>\n<li style=\"font-weight: 400;\" aria-level=\"1\">\n<p> <span style=\"font-weight: 400;\"><br>\n Inicie os rolos e conte com a sorte!<br>\n <\/span><\/p>\n<\/li>\n<\/ul><p> <span style=\"font-weight: 400;\"><br>\n Depois que sua sorte lhe trouxer uma vit&oacute;ria, &eacute; hora de ser pago pelo<br>\n <\/span><\/p><p> <span style=\"font-weight: 400;\"><br>\n casino de dep&oacute;sito m&iacute;nimo de $ 5<br>\n <\/span><\/p><p> <span style=\"font-weight: 400;\"><br>\n . Para isso, voc&ecirc; pode usar a p&aacute;gina &ldquo;Retirada&rdquo; na se&ccedil;&atilde;o &ldquo;Checkout&rdquo;. Os usu&aacute;rios podem sacar dinheiro de maneira muito semelhante ao processo de reabastecimento:<br>\n <\/span><\/p><ul>\n<li style=\"font-weight: 400;\" aria-level=\"1\">\n<p> <span style=\"font-weight: 400;\"><br>\n Acesse o site, fa&ccedil;a login em sua conta e abra o &ldquo;Checkout&rdquo;.<br>\n <\/span><\/p>\n<\/li>\n<li style=\"font-weight: 400;\" aria-level=\"1\">\n<p> <span style=\"font-weight: 400;\"><br>\n V&aacute; para a p&aacute;gina de pagamento.<br>\n <\/span><\/p>\n<\/li>\n<li style=\"font-weight: 400;\" aria-level=\"1\">\n<p> <span style=\"font-weight: 400;\"><br>\n Selecione o m&eacute;todo de retirada que voc&ecirc; j&aacute; usou para recarregar.<br>\n <\/span><\/p>\n<\/li>\n<li style=\"font-weight: 400;\" aria-level=\"1\">\n<p> <span style=\"font-weight: 400;\"><br>\n Insira o valor e os detalhes de um cart&atilde;o banc&aacute;rio, carteira eletr&ocirc;nica ou outro meio de pagamento.<br>\n <\/span><\/p>\n<\/li>\n<li style=\"font-weight: 400;\" aria-level=\"1\">\n<p> <span style=\"font-weight: 400;\"><br>\n Confirme a cria&ccedil;&atilde;o da solicita&ccedil;&atilde;o de pagamento.<br>\n <\/span><\/p>\n<\/li>\n<\/ul><p> <span style=\"font-weight: 400;\"><br>\n Pode levar algum tempo desde a inscri&ccedil;&atilde;o at&eacute; o recebimento do dinheiro.<br>\n <\/span><\/p><p style=\"text-align: center;\">\n<\/p><p> <img loading=\"lazy\" decoding=\"async\" class=\"aligncenter wp-image-1513\" src=\"https:\/\/gamble-online-aus.org\/wp-content\/uploads\/2022\/07\/5-AUD-Minimum-Deposit-Casinos-1-300x150.jpg\" alt=\" Minimum Deposit Casino\" width=\"620\" height=\"310\" srcset=\"https:\/\/gamble-online-aus.org\/wp-content\/uploads\/2022\/07\/5-AUD-Minimum-Deposit-Casinos-1-300x150.jpg 300w, https:\/\/gamble-online-aus.org\/wp-content\/uploads\/2022\/07\/5-AUD-Minimum-Deposit-Casinos-1-768x384.jpg 768w, https:\/\/gamble-online-aus.org\/wp-content\/uploads\/2022\/07\/5-AUD-Minimum-Deposit-Casinos-1.jpg 1000w\" sizes=\"auto, (max-width: 620px) 100vw, 620px\"><\/p><h2>\n<\/h2><p> <span style=\"font-weight: 400;\"><br>\n Consola&ccedil;&atilde;o<br>\n <\/span><\/p><p> <span style=\"font-weight: 400;\"><br>\n Portanto, levando em considera&ccedil;&atilde;o todos os itens acima, podemos dizer com seguran&ccedil;a que, se um jogador australiano escolher cassinos licenciados da Austr&aacute;lia, ele escolher&aacute; jogos de baixa qualidade dos melhores fornecedores. Nesse caso, o principal &eacute; que ele decida sua seguran&ccedil;a e a seguran&ccedil;a de seus fundos, bem como as informa&ccedil;&otilde;es privadas que decidir compartilhar com o cassino online escolhido.<br>\n <\/span><\/p><p> <span style=\"font-weight: 400;\"><br>\n O melhor de tudo, como mostra a pr&aacute;tica e as an&aacute;lises de jogadores reais, o cassino online ser&aacute; decidido. Al&eacute;m de todas as vantagens que os cassinos padr&atilde;o licenciados do pa&iacute;s possuem, eles tamb&eacute;m podem oferecer um dos melhores sistemas de pagamento. Isso n&atilde;o apenas ajudar&aacute; a realizar transa&ccedil;&otilde;es financeiras seguras, mas tamb&eacute;m em um curto per&iacute;odo de tempo.<br>\n <\/span> <\/p>\n","protected":false},"excerpt":{"rendered":"<p>n&atilde;o sei qual Dep&oacute;sito m&iacute;nimo de $ 5 no cassino Austr&aacute;lia 2026 escolher para entretenimento de ca&ccedil;a-n&iacute;queis de baixo dep&oacute;sito? Preparamos uma classifica&ccedil;&atilde;o dos melhores cassinos com um dep&oacute;sito m&iacute;nimo de AUD 5. No material abaixo, voc&ecirc; aprender&aacute; sobre as vantagens dos estabelecimentos de nossa classifica&ccedil;&atilde;o e como jogar ca&ccedil;a-n&iacute;queis a partir de 5 d&oacute;lares&hellip;&nbsp;<a href=\"https:\/\/gamble-online-aus.org\/pt-pt\/5-minimum-deposit-casino-2\/\" class=\"\" rel=\"bookmark\">Ler mais &raquo;<span class=\"screen-reader-text\">Casino de dep\u00f3sito m\u00ednimo de $ 5 na Austr\u00e1lia 2023 revis\u00e3o<\/span><\/a><\/p>\n","protected":false},"author":1,"featured_media":0,"parent":0,"menu_order":0,"comment_status":"closed","ping_status":"closed","template":"","meta":{"neve_meta_sidebar":"","neve_meta_container":"","neve_meta_enable_content_width":"","neve_meta_content_width":0,"neve_meta_title_alignment":"","neve_meta_author_avatar":"","neve_post_elements_order":"","neve_meta_disable_header":"","neve_meta_disable_footer":"","neve_meta_disable_title":"","footnotes":""},"class_list":["post-3099","page","type-page","status-publish","hentry"],"_links":{"self":[{"href":"https:\/\/gamble-online-aus.org\/pt-pt\/wp-json\/wp\/v2\/pages\/3099","targetHints":{"allow":["GET"]}}],"collection":[{"href":"https:\/\/gamble-online-aus.org\/pt-pt\/wp-json\/wp\/v2\/pages"}],"about":[{"href":"https:\/\/gamble-online-aus.org\/pt-pt\/wp-json\/wp\/v2\/types\/page"}],"author":[{"embeddable":true,"href":"https:\/\/gamble-online-aus.org\/pt-pt\/wp-json\/wp\/v2\/users\/1"}],"replies":[{"embeddable":true,"href":"https:\/\/gamble-online-aus.org\/pt-pt\/wp-json\/wp\/v2\/comments?post=3099"}],"version-history":[{"count":0,"href":"https:\/\/gamble-online-aus.org\/pt-pt\/wp-json\/wp\/v2\/pages\/3099\/revisions"}],"wp:attachment":[{"href":"https:\/\/gamble-online-aus.org\/pt-pt\/wp-json\/wp\/v2\/media?parent=3099"}],"curies":[{"name":"wp","href":"https:\/\/api.w.org\/{rel}","templated":true}]}}