{"id":3091,"date":"2023-07-31T15:39:25","date_gmt":"2023-07-31T15:39:25","guid":{"rendered":"https:\/\/gamble-online-aus.org\/pokies-2\/"},"modified":"2023-07-31T15:39:25","modified_gmt":"2023-07-31T15:39:25","slug":"pokies-2","status":"publish","type":"page","link":"https:\/\/gamble-online-aus.org\/pt-pt\/pokies-2\/","title":{"rendered":"Ca\u00e7a-n\u00edqueis Online Austr\u00e1lia"},"content":{"rendered":"<?xml encoding=\"utf-8\" ?><p> <img loading=\"lazy\" decoding=\"async\" class=\"aligncenter wp-image-2137\" src=\"https:\/\/gamble-online-aus.org\/wp-content\/uploads\/2022\/10\/online-pokies-Australia.webp\" alt=\"Online Pokies Australia\" width=\"498\" height=\"295\" srcset=\"https:\/\/gamble-online-aus.org\/wp-content\/uploads\/2022\/10\/online-pokies-Australia.webp 1024w, https:\/\/gamble-online-aus.org\/wp-content\/uploads\/2022\/10\/online-pokies-Australia-300x178.webp 300w, https:\/\/gamble-online-aus.org\/wp-content\/uploads\/2022\/10\/online-pokies-Australia-768x455.webp 768w\" sizes=\"auto, (max-width: 498px) 100vw, 498px\"><\/p><p> <span style=\"font-weight: 400;\"><br>\n O<br>\n <\/span><\/p><p> <span style=\"font-weight: 400;\"><br>\n avalia&ccedil;&atilde;o dos melhores ca&ccedil;a-n&iacute;queis online da Austr&aacute;lia<br>\n <\/span><\/p><p> <span style=\"font-weight: 400;\"><br>\n  s&atilde;o o componente de conte&uacute;do b&aacute;sico do cassino, acentuando a aten&ccedil;&atilde;o dos clientes. A cole&ccedil;&atilde;o de slots de v&iacute;deo continua a ser atualizada por novidades recebidas e exclusividades h&aacute; muito esperadas, despertando interesse inquisitivo de t&iacute;tulo a t&iacute;tulo. Voc&ecirc; n&atilde;o ficar&aacute; entediado com o recurso de jogo Klondike, porque levar&aacute; milhares de horas emocionantes para explor&aacute;-lo.<br>\n <\/span><\/p><p> <span style=\"font-weight: 400;\"><br>\n Voc&ecirc; pode jogar slots em dois modos bem conhecidos:<br>\n <\/span><\/p><ul>\n<li style=\"font-weight: 400;\" aria-level=\"1\">\n<p> <span style=\"font-weight: 400;\"><br>\n Gr&aacute;tis em moedas virtuais, ativando vers&otilde;es demo das m&aacute;quinas, quando as apostas n&atilde;o trazem risco de perdas financeiras, mas tamb&eacute;m os ganhos dispon&iacute;veis para saque, n&atilde;o d&atilde;o.<br>\n <\/span><\/p>\n<\/li>\n<li style=\"font-weight: 400;\" aria-level=\"1\">\n<p> <span style=\"font-weight: 400;\"><br>\n Pago, girando<br>\n <\/span><\/p>\n<p> <span style=\"font-weight: 400;\"><br>\n ca&ccedil;a-n&iacute;queis online Austr&aacute;lia<br>\n <\/span><\/p>\n<p> <span style=\"font-weight: 400;\"><br>\n  jogos no lobby do cassino por dinheiro, onde o pre&ccedil;o de cada rodada depende do jogo espec&iacute;fico e os ganhos potenciais s&atilde;o determinados pelas caracter&iacute;sticas do pagamento, n&uacute;mero de linhas de pagamento, disponibilidade de jackpots, jogos de b&ocirc;nus, rodadas gr&aacute;tis, etc.<br>\n <\/span><\/p>\n<\/li>\n<\/ul><p style=\"text-align: center;\">\n <!-- No shortcodes are defined -->\n <\/p><h2>\n<\/h2><p> <b><br>\n Variedade de m&aacute;quinas ca&ccedil;a-n&iacute;queis<br>\n <\/b><\/p><p> <span style=\"font-weight: 400;\"><br>\n O entretenimento de jogos de azar &eacute; segmentado em categorias, o que aumenta o conforto e simplifica a navega&ccedil;&atilde;o:<br>\n <\/span><\/p><ul>\n<li style=\"font-weight: 400;\" aria-level=\"1\">\n<p> <span style=\"font-weight: 400;\"><br>\n Slots &ndash; cl&aacute;ssicos e com bobinas modificadas Megaways;<br>\n <\/span><\/p>\n<\/li>\n<li style=\"font-weight: 400;\" aria-level=\"1\">\n<p> <span style=\"font-weight: 400;\"><br>\n Cassino ao vivo com dealers;<br>\n <\/span><\/p>\n<\/li>\n<li style=\"font-weight: 400;\" aria-level=\"1\">\n<p> <span style=\"font-weight: 400;\"><br>\n jogos de televis&atilde;o;<br>\n <\/span><\/p>\n<\/li>\n<li style=\"font-weight: 400;\" aria-level=\"1\">\n<p> <span style=\"font-weight: 400;\"><br>\n m&aacute;quinas Crash fora do padr&atilde;o.<br>\n <\/span><\/p>\n<\/li>\n<\/ul><p> <span style=\"font-weight: 400;\"><br>\n Antes de come&ccedil;ar, o jogador deve fazer a escolha certa em favor de slots de v&iacute;deo que atendam &agrave;s suas necessidades. Para fazer isso, existe uma funcionalidade inteligente do site com filtros opcionais, cujas configura&ccedil;&otilde;es n&atilde;o requerem habilidades especiais.<br>\n <\/span><\/p><h2>\n<\/h2><p> <b><br>\n Temas de m&aacute;quinas ca&ccedil;a-n&iacute;queis<br>\n <\/b><\/p><p> <span style=\"font-weight: 400;\"><br>\n Os jogadores podem escolher o seu preferido o<br>\n <\/span><\/p><p> <span style=\"font-weight: 400;\"><br>\n melhores ca&ccedil;a-n&iacute;queis online Austr&aacute;lia<br>\n <\/span><\/p><p> <span style=\"font-weight: 400;\"><br>\n  dependendo do tema subjacente ao enredo. Neste contexto, a administra&ccedil;&atilde;o do Casino identificou as seguintes &aacute;reas:<br>\n <\/span><\/p><ul>\n<li style=\"font-weight: 400;\" aria-level=\"1\">\n<p> <span style=\"font-weight: 400;\"><br>\n Fruta;<br>\n <\/span><\/p>\n<\/li>\n<li style=\"font-weight: 400;\" aria-level=\"1\">\n<p> <span style=\"font-weight: 400;\"><br>\n Slots de v&iacute;deo; Cl&aacute;ssicos atemporais 777;<br>\n <\/span><\/p>\n<\/li>\n<li style=\"font-weight: 400;\" aria-level=\"1\">\n<p> <span style=\"font-weight: 400;\"><br>\n Egito;<br>\n <\/span><\/p>\n<\/li>\n<li style=\"font-weight: 400;\" aria-level=\"1\">\n<p> <span style=\"font-weight: 400;\"><br>\n Vikings;<br>\n <\/span><\/p>\n<\/li>\n<li style=\"font-weight: 400;\" aria-level=\"1\">\n<p> <span style=\"font-weight: 400;\"><br>\n Livros;<br>\n <\/span><\/p>\n<\/li>\n<li style=\"font-weight: 400;\" aria-level=\"1\">\n<p> <span style=\"font-weight: 400;\"><br>\n Animais;<br>\n <\/span><\/p>\n<\/li>\n<li style=\"font-weight: 400;\" aria-level=\"1\">\n<p> <span style=\"font-weight: 400;\"><br>\n Futebol;<br>\n <\/span><\/p>\n<\/li>\n<li style=\"font-weight: 400;\" aria-level=\"1\">\n<p> <span style=\"font-weight: 400;\"><br>\n Fantasia;<br>\n <\/span><\/p>\n<\/li>\n<li style=\"font-weight: 400;\" aria-level=\"1\">\n<p> <span style=\"font-weight: 400;\"><br>\n &Aacute;sia;<br>\n <\/span><\/p>\n<\/li>\n<li style=\"font-weight: 400;\" aria-level=\"1\">\n<p> <span style=\"font-weight: 400;\"><br>\n Cristais.<br>\n <\/span><\/p>\n<\/li>\n<\/ul><p> <span style=\"font-weight: 400;\"><br>\n Pesquisa implementada separadamente por categoria<br>\n <\/span><\/p><p> <span style=\"font-weight: 400;\"><br>\n ca&ccedil;a-n&iacute;queis on-line mais bem pagos Austr&aacute;lia<br>\n <\/span><\/p><p> <span style=\"font-weight: 400;\"><br>\n  com jackpots, novas adi&ccedil;&otilde;es que suportam a tecnologia Megaways, marcas exclusivas, etc.<br>\n <\/span><\/p><h2>\n<\/h2><p> <b><br>\n Provedores<br>\n <\/b><\/p><p> <span style=\"font-weight: 400;\"><br>\n O site do cassino<br>\n <\/span><\/p><p> <span style=\"font-weight: 400;\"><br>\n ca&ccedil;a-n&iacute;queis online da Austr&aacute;lia<br>\n <\/span><\/p><p> <span style=\"font-weight: 400;\"><br>\n  de jogos de cassino de fabricantes famosos, entre os quais encontraram lugar n&atilde;o apenas na ind&uacute;stria principal, mas tamb&eacute;m nos estreantes recentes, que conseguiram encontrar um p&uacute;blico por um per&iacute;odo de tempo relativamente curto:<br>\n <\/span><\/p><ul>\n<li style=\"font-weight: 400;\" aria-level=\"1\">\n<p> <span style=\"font-weight: 400;\"><br>\n Igrosoft, Microgaming;<br>\n <\/span><\/p>\n<\/li>\n<li style=\"font-weight: 400;\" aria-level=\"1\">\n<p> <span style=\"font-weight: 400;\"><br>\n Playson, Spribe8, SmartSoft7;<br>\n <\/span><\/p>\n<\/li>\n<li style=\"font-weight: 400;\" aria-level=\"1\">\n<p> <span style=\"font-weight: 400;\"><br>\n Evoplay23, Onlyplay12, Bgaming5;<br>\n <\/span><\/p>\n<\/li>\n<li style=\"font-weight: 400;\" aria-level=\"1\">\n<p> <span style=\"font-weight: 400;\"><br>\n Tom Horn, Booongo, Ruby Play;<br>\n <\/span><\/p>\n<\/li>\n<li style=\"font-weight: 400;\" aria-level=\"1\">\n<p> <span style=\"font-weight: 400;\"><br>\n Playson, Amatic, Jogo pragm&aacute;tico;<br>\n <\/span><\/p>\n<\/li>\n<li style=\"font-weight: 400;\" aria-level=\"1\">\n<p> <span style=\"font-weight: 400;\"><br>\n Endorfina, KA Gaming14, Spadegaming7, etc.<br>\n <\/span><\/p>\n<\/li>\n<\/ul><h2>\n<\/h2><p> <b><br>\n Categorias<br>\n <\/b><\/p><p> <span style=\"font-weight: 400;\"><br>\n Os jogos de cassino virtual s&atilde;o divididos em grupos cujos nomes falam por si:<br>\n <\/span><\/p><ul>\n<li style=\"font-weight: 400;\" aria-level=\"1\">\n<p> <span style=\"font-weight: 400;\"><br>\n Melhores ca&ccedil;a-n&iacute;queis online Austr&aacute;lia<br>\n <\/span><\/p>\n<p> <span style=\"font-weight: 400;\"><br>\n , Novidades, Recomenda&ccedil;&otilde;es;<br>\n <\/span><\/p>\n<\/li>\n<li style=\"font-weight: 400;\" aria-level=\"1\">\n<p> <span style=\"font-weight: 400;\"><br>\n Todos os Slots, Com Jackpots, Exclusivo;<br>\n <\/span><\/p>\n<\/li>\n<li style=\"font-weight: 400;\" aria-level=\"1\">\n<p> <span style=\"font-weight: 400;\"><br>\n Magewise, Drop &amp; Wins, com compra de giros;<br>\n <\/span><\/p>\n<\/li>\n<li style=\"font-weight: 400;\" aria-level=\"1\">\n<p> <span style=\"font-weight: 400;\"><br>\n Jogos de mesa, Jackpot Cards, Crash e outros jogos de b&ocirc;nus.<br>\n <\/span><\/p>\n<\/li>\n<\/ul><p> <span style=\"font-weight: 400;\"><br>\n Para os f&atilde;s zelosos dos estabelecimentos offline agora fechados, h&aacute; uma agrad&aacute;vel surpresa &ndash; a oportunidade de apostar com crupi&ecirc;s ao vivo no Live Casino. O modo &eacute; caracterizado pela simplicidade da jogabilidade, presen&ccedil;a de bate-papo ao vivo e maior emo&ccedil;&atilde;o. <\/span><\/p><p> <img loading=\"lazy\" decoding=\"async\" class=\"aligncenter size-full wp-image-2138\" src=\"https:\/\/gamble-online-aus.org\/wp-content\/uploads\/2022\/10\/image-6-12.jpg\" alt=\"Online Pokies Australia review\" width=\"512\" height=\"303\" srcset=\"https:\/\/gamble-online-aus.org\/wp-content\/uploads\/2022\/10\/image-6-12.jpg 512w, https:\/\/gamble-online-aus.org\/wp-content\/uploads\/2022\/10\/image-6-12-300x178.jpg 300w\" sizes=\"auto, (max-width: 512px) 100vw, 512px\"><\/p><h2>\n<\/h2><p> <b><br>\n Vantagens de jogar ca&ccedil;a-n&iacute;queis no cassino<br>\n <\/b><\/p><p> <span style=\"font-weight: 400;\"><br>\n O site oficial do cassino online &eacute; valorizado por milh&otilde;es de usu&aacute;rios n&atilde;o por &ldquo;uma s&eacute;rie de raz&otilde;es&rdquo;, mas por benef&iacute;cios espec&iacute;ficos:<br>\n <\/span><\/p><ul>\n<li style=\"font-weight: 400;\" aria-level=\"1\">\n<p> <span style=\"font-weight: 400;\"><br>\n Jogo respons&aacute;vel e honesto garantido pela licen&ccedil;a;<br>\n <\/span><\/p>\n<\/li>\n<li style=\"font-weight: 400;\" aria-level=\"1\">\n<p> <span style=\"font-weight: 400;\"><br>\n slots em sua variedade n&atilde;o conhecem limites;<br>\n <\/span><\/p>\n<\/li>\n<li style=\"font-weight: 400;\" aria-level=\"1\">\n<p> <span style=\"font-weight: 400;\"><br>\n pol&iacute;tica de b&ocirc;nus, levando em considera&ccedil;&atilde;o os interesses de clientes novos e regulares;<br>\n <\/span><\/p>\n<\/li>\n<li style=\"font-weight: 400;\" aria-level=\"1\">\n<p> <span style=\"font-weight: 400;\"><br>\n facilidade descontra&iacute;da e conforto de trabalhar com o site, a disponibilidade de aplicativos m&oacute;veis;<br>\n <\/span><\/p>\n<\/li>\n<li style=\"font-weight: 400;\" aria-level=\"1\">\n<p> <span style=\"font-weight: 400;\"><br>\n Suporte 24 horas por dia, 7 dias por semana, processamento r&aacute;pido de solicita&ccedil;&otilde;es de CashOut;<br>\n <\/span><\/p>\n<\/li>\n<li style=\"font-weight: 400;\" aria-level=\"1\">\n<p> <span style=\"font-weight: 400;\"><br>\n h&aacute; um cassino ao vivo no formato de transmiss&otilde;es de streaming dos est&uacute;dios.<br>\n <\/span><\/p>\n<\/li>\n<\/ul><h2>\n<\/h2><p> <b><br>\n Modo de demonstra&ccedil;&atilde;o no casino de m&aacute;quinas ca&ccedil;a-n&iacute;queis<br>\n <\/b><\/p><p> <span style=\"font-weight: 400;\"><br>\n O clube de jogos oferece um servi&ccedil;o para jogar slots online na Austr&aacute;lia, n&atilde;o apenas por dinheiro, mas tamb&eacute;m por divers&atilde;o, girando os rolos gratuitamente. Nesse caso, o curso &eacute; um modo de demonstra&ccedil;&atilde;o, que &eacute; suportado pela maioria dos slots dispon&iacute;veis. Este &ldquo;test drive&rdquo; &eacute; recomendado para iniciantes que planejam jogar por<br>\n <\/span><\/p><p> <span style=\"font-weight: 400;\"><br>\n ca&ccedil;a-n&iacute;queis online Austr&aacute;lia dinheiro real<br>\n <\/span><\/p><p> <span style=\"font-weight: 400;\"><br>\n , mas n&atilde;o conhece as regras e a mec&acirc;nica da unidade selecionada. Por&eacute;m, profissionais tamb&eacute;m n&atilde;o prejudicam o treinamento extra, permitindo depurar estrat&eacute;gia, fazer apostas sem risco e tens&atilde;o nervosa, quando voc&ecirc; pode focar em eliminar erros.<br>\n <\/span><\/p><p> <span style=\"font-weight: 400;\"><br>\n Jogar no cassino gr&aacute;tis n&atilde;o &eacute; um privil&eacute;gio, mas um servi&ccedil;o p&uacute;blico que n&atilde;o exige fazer um dep&oacute;sito. Mas se o objetivo &eacute; adrenalina com perspectiva de vencer, ap&oacute;s o cadastro, n&atilde;o esque&ccedil;a de fazer o dep&oacute;sito.<br>\n <\/span><\/p><p style=\"text-align: center;\">\n <!-- No shortcodes are defined -->\n <\/p><h2>\n<\/h2><p> <b><br>\n B&ocirc;nus em m&aacute;quinas online<br>\n <\/b><\/p><p> <span style=\"font-weight: 400;\"><br>\n Para o desempenho das ofertas promocionais atuais, acumule rodadas gr&aacute;tis, combinando os benef&iacute;cios de<br>\n <\/span><\/p><p> <span style=\"font-weight: 400;\"><br>\n ca&ccedil;a-n&iacute;queis online gr&aacute;tis Austr&aacute;lia<br>\n <\/span><\/p><p> <span style=\"font-weight: 400;\"><br>\n e apostar por dinheiro. Por um lado, voc&ecirc; n&atilde;o paga pelas jogadas e, por outro, &eacute; recompensado com pr&ecirc;mios em dinheiro se coletar uma combina&ccedil;&atilde;o vencedora. Para usar as rodadas gr&aacute;tis com compet&ecirc;ncia, observe atentamente as regras dos programas de incentivo, que especificam as condi&ccedil;&otilde;es de uma promo&ccedil;&atilde;o espec&iacute;fica e as recompensas de apostas.<br>\n <\/span><\/p><p> <span style=\"font-weight: 400;\"><br>\n H&aacute; tamb&eacute;m tempor&aacute;rios e permanentes<br>\n <\/span><\/p><p> <span style=\"font-weight: 400;\"><br>\n ca&ccedil;a-n&iacute;queis online Austr&aacute;lia sem b&ocirc;nus de dep&oacute;sito<br>\n <\/span><\/p><p> <span style=\"font-weight: 400;\"><br>\n  &ndash; o que implica a necessidade de ganhar dinheiro na balan&ccedil;a. Estamos falando de pacotes de boas-vindas, jackpots, cashbacks, b&ocirc;nus de recarga, etc.<br>\n <\/span> <\/p>\n","protected":false},"excerpt":{"rendered":"<p>O avalia&ccedil;&atilde;o dos melhores ca&ccedil;a-n&iacute;queis online da Austr&aacute;lia s&atilde;o o componente de conte&uacute;do b&aacute;sico do cassino, acentuando a aten&ccedil;&atilde;o dos clientes. A cole&ccedil;&atilde;o de slots de v&iacute;deo continua a ser atualizada por novidades recebidas e exclusividades h&aacute; muito esperadas, despertando interesse inquisitivo de t&iacute;tulo a t&iacute;tulo. Voc&ecirc; n&atilde;o ficar&aacute; entediado com o recurso de jogo&hellip;&nbsp;<a href=\"https:\/\/gamble-online-aus.org\/pt-pt\/pokies-2\/\" class=\"\" rel=\"bookmark\">Ler mais &raquo;<span class=\"screen-reader-text\">Ca\u00e7a-n\u00edqueis Online Austr\u00e1lia<\/span><\/a><\/p>\n","protected":false},"author":1,"featured_media":0,"parent":0,"menu_order":0,"comment_status":"closed","ping_status":"closed","template":"","meta":{"neve_meta_sidebar":"","neve_meta_container":"","neve_meta_enable_content_width":"","neve_meta_content_width":0,"neve_meta_title_alignment":"","neve_meta_author_avatar":"","neve_post_elements_order":"","neve_meta_disable_header":"","neve_meta_disable_footer":"","neve_meta_disable_title":"","footnotes":""},"class_list":["post-3091","page","type-page","status-publish","hentry"],"_links":{"self":[{"href":"https:\/\/gamble-online-aus.org\/pt-pt\/wp-json\/wp\/v2\/pages\/3091","targetHints":{"allow":["GET"]}}],"collection":[{"href":"https:\/\/gamble-online-aus.org\/pt-pt\/wp-json\/wp\/v2\/pages"}],"about":[{"href":"https:\/\/gamble-online-aus.org\/pt-pt\/wp-json\/wp\/v2\/types\/page"}],"author":[{"embeddable":true,"href":"https:\/\/gamble-online-aus.org\/pt-pt\/wp-json\/wp\/v2\/users\/1"}],"replies":[{"embeddable":true,"href":"https:\/\/gamble-online-aus.org\/pt-pt\/wp-json\/wp\/v2\/comments?post=3091"}],"version-history":[{"count":0,"href":"https:\/\/gamble-online-aus.org\/pt-pt\/wp-json\/wp\/v2\/pages\/3091\/revisions"}],"wp:attachment":[{"href":"https:\/\/gamble-online-aus.org\/pt-pt\/wp-json\/wp\/v2\/media?parent=3091"}],"curies":[{"name":"wp","href":"https:\/\/api.w.org\/{rel}","templated":true}]}}