{"id":3074,"date":"2023-07-22T19:13:07","date_gmt":"2023-07-22T19:13:07","guid":{"rendered":"https:\/\/gamble-online-aus.org\/atari-leaves-gambling-business-2\/"},"modified":"2023-07-22T19:13:07","modified_gmt":"2023-07-22T19:13:07","slug":"atari-leaves-gambling-business-2","status":"publish","type":"page","link":"https:\/\/gamble-online-aus.org\/et\/atari-leaves-gambling-business-2\/","title":{"rendered":"ATARI L\u00d5HAB HASartm\u00e4ngu\u00e4rist"},"content":{"rendered":"<?xml encoding=\"utf-8\" ?><p> <img decoding=\"async\" src=\"https:\/\/gamble-online-aus.org\/wp-content\/uploads\/2022\/02\/atari-leaves-casino.png\"><\/p><h2>\n ATARI lahkub KASiinodest, et SAADA ARVUTI- JA KONSOOLIDE PREMIUMM&Auml;NGUDE MAAILMA<br>\n <\/h2><p>   Juhtiv meelelahutustoodete pakkuja Atari teatas &auml;sja, et j&auml;tab kasiino&auml;ri ja keskendub arvutitele ja konsoolidele m&otilde;eldud m&auml;ngude tootmisele. Selle otsuse tegi juhatus, kes h&auml;&auml;letas selle poolt, et suunata k&otilde;ik ressursid lisandv&auml;&auml;rtusega premium-m&auml;ngude arendamisele. Lisaks toetab teie valikut &uuml;ksikasjalik &uuml;levaade Atari divisjoni v&otilde;imalustest ja varadest. P&auml;rast pakkuja uut otsust kaob kuulus Atari kasiino, kuid veel pole t&auml;pselt kindlaks tehtud, mis saab br&auml;ndi hotelli- ja kr&uuml;ptodivisjonist. Atari Gaming tegi viimase aasta jooksul mitmeid teadaandeid, millel polnud hasartm&auml;ngudega palju &uuml;hist. Ettev&otilde;te teatas, et selle Atari hotell laieneb &uuml;le USA, olles VR-saalidega varustatud meelelahutusparadiis. Samade teadete p&otilde;hjal peab esimene Atari hotell asuma Las Vegases, kus sellel oleks kasiino nagu &uuml;ks teine &#8203;&#8203;hotell Las Vegases. Lisaks avalikustas Atari veebikasiino uuendusliku lahenduse, kus kasutajad saavad kasutada kr&uuml;ptovaluutasid nagu Bitcoin v&otilde;i Ethereum. N&auml;ib, et m&otilde;lemad ideed t&uuml;histatakse ja ettev&otilde;te lahkub hasartm&auml;ngut&ouml;&ouml;stusest. Koosk&otilde;las Atari tegevjuhi Wade J. Roseni avaldusega on ettev&otilde;tte eesm&auml;rk mis tahes m&auml;ngimisega seotud tootega alati pakkuda juurdep&auml;&auml;setavaid ja nauditavaid m&auml;nguhetki. See on tegelikult Atari teise v&otilde;tmem&otilde;iste, mis &uuml;hendab selle ajaloo tuleviku abil. Praegu usub pakkuja, et esmaklassiline m&auml;ngimine on Atari ja tema enda DNA jaoks rohkem esindav. L&auml;hitulevikus hakkab br&auml;nd pakkuma esmaklassilisi m&auml;ngulahendusi, laiendades samal ajal oma juba populaarset turul saadaolevate tasuta m&auml;ngude baasi. Lisaks Atari Casino sulgemisele m&uuml;&uuml;b pakkuja viit tasuta m&auml;ngu, n&auml;iteks RCT Stories, Crystal Castles, Ninja Golf, Castles and Catapuls ning Atari Combat: Tank Fury. Kuid see ei m&otilde;juta edukaid m&auml;nge, millel on praegu m&auml;rkimisv&auml;&auml;rne kliendibaas. Atari j&auml;tkab 31. m&auml;rtsil 2026 l&otilde;ppeval finantsperioodil 5 miljoni euro suuruse mahakandmisega. See on 2026\/2026 aasta positiivsete netotulemuste juhiste t&uuml;histamise tagaj&auml;rg. Ettev&otilde;te avaldab oma aastatulemused kuni 31. juulini 2026. Esimene premium-m&auml;ng selles reas on saadaval enne aasta l&otilde;ppu ja m&auml;ngijad ei oota palju, enne kui n&auml;evad uut fookusega toodet. <\/p>\n","protected":false},"excerpt":{"rendered":"<p>ATARI lahkub KASiinodest, et SAADA ARVUTI- JA KONSOOLIDE PREMIUMM&Auml;NGUDE MAAILMA Juhtiv meelelahutustoodete pakkuja Atari teatas &auml;sja, et j&auml;tab kasiino&auml;ri ja keskendub arvutitele ja konsoolidele m&otilde;eldud m&auml;ngude tootmisele. Selle otsuse tegi juhatus, kes h&auml;&auml;letas selle poolt, et suunata k&otilde;ik ressursid lisandv&auml;&auml;rtusega premium-m&auml;ngude arendamisele. Lisaks toetab teie valikut &uuml;ksikasjalik &uuml;levaade Atari divisjoni v&otilde;imalustest ja varadest. P&auml;rast pakkuja&hellip;&nbsp;<a href=\"https:\/\/gamble-online-aus.org\/et\/atari-leaves-gambling-business-2\/\" class=\"\" rel=\"bookmark\">Read More &raquo;<span class=\"screen-reader-text\">ATARI L\u00d5HAB HASartm\u00e4ngu\u00e4rist<\/span><\/a><\/p>\n","protected":false},"author":1,"featured_media":0,"parent":0,"menu_order":0,"comment_status":"closed","ping_status":"closed","template":"","meta":{"neve_meta_sidebar":"","neve_meta_container":"","neve_meta_enable_content_width":"","neve_meta_content_width":0,"neve_meta_title_alignment":"","neve_meta_author_avatar":"","neve_post_elements_order":"","neve_meta_disable_header":"","neve_meta_disable_footer":"","neve_meta_disable_title":"","footnotes":""},"class_list":["post-3074","page","type-page","status-publish","hentry"],"_links":{"self":[{"href":"https:\/\/gamble-online-aus.org\/et\/wp-json\/wp\/v2\/pages\/3074","targetHints":{"allow":["GET"]}}],"collection":[{"href":"https:\/\/gamble-online-aus.org\/et\/wp-json\/wp\/v2\/pages"}],"about":[{"href":"https:\/\/gamble-online-aus.org\/et\/wp-json\/wp\/v2\/types\/page"}],"author":[{"embeddable":true,"href":"https:\/\/gamble-online-aus.org\/et\/wp-json\/wp\/v2\/users\/1"}],"replies":[{"embeddable":true,"href":"https:\/\/gamble-online-aus.org\/et\/wp-json\/wp\/v2\/comments?post=3074"}],"version-history":[{"count":0,"href":"https:\/\/gamble-online-aus.org\/et\/wp-json\/wp\/v2\/pages\/3074\/revisions"}],"wp:attachment":[{"href":"https:\/\/gamble-online-aus.org\/et\/wp-json\/wp\/v2\/media?parent=3074"}],"curies":[{"name":"wp","href":"https:\/\/api.w.org\/{rel}","templated":true}]}}