{"id":4124,"date":"2023-08-01T21:27:53","date_gmt":"2023-08-01T21:27:53","guid":{"rendered":"https:\/\/gamble-online-aus.org\/best-payout-pokies-2-2\/"},"modified":"2023-08-01T21:27:53","modified_gmt":"2023-08-01T21:27:53","slug":"best-payout-pokies-2-2","status":"publish","type":"page","link":"https:\/\/gamble-online-aus.org\/es\/best-payout-pokies-2-2\/","title":{"rendered":"LAS POKIES EN L\u00cdNEA QUE MEJOR PAGAN, EL CASINO EN L\u00cdNEA AUSTRALIANO QUE M\u00c1S PAGA EN 2023"},"content":{"rendered":"<?xml encoding=\"utf-8\" ?><br><section class=\"jfadd164\">\n La tasa de pago del casino es el &aacute;rea principal a analizar para cada jugador australiano que busca un casino en l&iacute;nea con el mejor pago para gastar algo de dinero. Por lo tanto, &iquest;c&oacute;mo obtener esta informaci&oacute;n? La misma pregunta se dirige a la tasa de pago de las m&aacute;quinas tragamonedas. Cada sitio de casino muestra un porcentaje de pago mensual en su p&aacute;gina de inicio; cada desarrollador de software de casino en l&iacute;nea tiene detalles similares sobre sus m&aacute;quinas tragamonedas, y usted mismo lo encontrar&aacute;. &iexcl;Pero ahora le ofrecemos perder su tiempo para consultar nuestra revisi&oacute;n imparcial con toda la informaci&oacute;n necesaria actual en un solo lugar!<br>\n <\/section><section class=\"jfadd164\">\n<h2 class=\"jfad486a\">\n MEJOR PAGO EN CASINO EN L&Iacute;NEA AUSTRALIA 2026<br>\n <\/h2>\n<p> <img decoding=\"async\" src=\"https:\/\/gamble-online-aus.org\/wp-content\/uploads\/2022\/02\/parimatch-logo.png\"><\/p>\n<p> <img decoding=\"async\" src=\"https:\/\/gamble-online-aus.org\/wp-content\/uploads\/2022\/02\/rocket_logo_new.png\"><\/p>\n<p> <img decoding=\"async\" src=\"https:\/\/gamble-online-aus.org\/wp-content\/uploads\/2022\/02\/spin_samurai.png\"><\/p>\n<h2 class=\"jfad486a\">\n MEJORES POKIES AUSTRALIANAS<br>\n <\/h2>\n<div class=\"jfadaf9\">\n<div class=\"jfadfec jfade0e\">\n<div class=\"jfadf87\">\n<div class=\"jfadbb4 jfad1bc6\">\n<div class=\"jfad539\">\n<p> <img decoding=\"async\" class=\"categories-item-icon lazyloaded\" src=\"https:\/\/gamble-online-aus.org\/wp-content\/uploads\/2022\/02\/megaways-pokies.png\" data-ll-status=\"loaded\"><\/p>\n<p> <img decoding=\"async\" class=\"categories-item-icon lazyloaded\" src=\"https:\/\/gamble-online-aus.org\/wp-content\/uploads\/2022\/02\/mobile-pokies.png\" data-ll-status=\"loaded\"><\/p>\n<p> <img decoding=\"async\" class=\"categories-item-icon lazyloaded\" src=\"https:\/\/gamble-online-aus.org\/wp-content\/uploads\/2022\/02\/new-pokies.png\" data-ll-status=\"loaded\"><\/p><\/div>\n<\/div>\n<\/div>\n<\/div>\n<div class=\"jfadfec jfade0e\">\n<div class=\"jfadf87\">\n<div class=\"jfadbb4 jfad1bc6\"><\/div>\n<\/div>\n<\/div>\n<div class=\"jfadfec jfade0e\">\n<div class=\"jfadf87\">\n<div class=\"jfadbb4 jfad1bc6\">\n<div class=\"jfad539\">\n<p> <img decoding=\"async\" class=\"categories-item-icon lazyloaded\" src=\"https:\/\/gamble-online-aus.org\/wp-content\/uploads\/2022\/02\/real-money-pokies.png\" data-ll-status=\"loaded\"><\/p>\n<p> <img decoding=\"async\" class=\"categories-item-icon lazyloaded\" src=\"https:\/\/gamble-online-aus.org\/wp-content\/uploads\/2022\/02\/safe-pokies.png\" data-ll-status=\"loaded\"><\/p>\n<p> <img decoding=\"async\" class=\"categories-item-icon lazyloaded\" src=\"https:\/\/gamble-online-aus.org\/wp-content\/uploads\/2022\/02\/5x-pay-pokies.png\" data-ll-status=\"loaded\"><\/p><\/div>\n<div>\n<h2>\n &iexcl;LOS MEJORES POKIES EN L&Iacute;NEA QUE PAGAN EN AUSTRALIA!<br>\n <\/h2>\n<p>   La tasa de pago es un t&eacute;rmino con el que se encontrar&aacute; mucho a lo largo de su tiempo como jugador en l&iacute;nea, y aunque puede parecer complicado, es un concepto muy sencillo. La tasa de pago puede ser el porcentaje de dinero que la m&aacute;quina tragamonedas o tragamonedas probablemente devolver&aacute; una vez m&aacute;s a una persona durante un per&iacute;odo espec&iacute;fico. Tambi&eacute;n se puede considerar como la alternativa de las ventajas de la casa. Si la casa incluye una ventaja del 4 % en el t&iacute;tulo de un juego, entonces la tasa de pago, la cantidad total que probablemente recibir&aacute; de lo que invirti&oacute;, podr&iacute;a ser del 96 %.<br>\n <img decoding=\"async\" src=\"https:\/\/gamble-online-aus.org\/wp-content\/uploads\/2022\/02\/best-payout-casinos.png\"><\/p>\n<h3 id=\"1\">\n &iquest;QU&Eacute; TASA DE PAGO ES BAJA?<br>\n <\/h3>\n<p>   Las tasas de pago de las m&aacute;quinas tragamonedas con dinero real pueden variar de un juego a otro, sin embargo, la mayor&iacute;a de ellas est&aacute;n programadas para tener una tasa de pago de entre el 82 y el 98 % de posibilidades de ganar. En t&eacute;rminos generales, muchas tragamonedas en el mercado podr&iacute;an tener una tasa de pago superior al 90% hoy en d&iacute;a, por lo que es mejor evitar cualquier cosa menor que eso.<\/p>\n<h3 id=\"2\">\n &iquest;QU&Eacute; TASA DE PAGO ES ALTA?<br>\n <\/h3>\n<p>   Algunas m&aacute;quinas tragamonedas tienen una tasa de pago incre&iacute;blemente alta y, por lo tanto, son excelentes para jugar durante alg&uacute;n tiempo. Si una m&aacute;quina tragamonedas incluye una tasa de pago del 95% o m&aacute;s, entonces es una que debe estar en su conjunto de tragamonedas regulares para jugar. Aunque es raro, hay algunos que pueden ser un poco m&aacute;s altos que el 98% disponible.<\/p>\n<h2>\n EL PAGO M&Aacute;S ALTO CASINO EN L&Iacute;NEA AUSTRALIA<br>\n <\/h2>\n<h3>\n JUSTO IR<br>\n <\/h3>\n<p>   Fair GO es uno de los mejores casinos en l&iacute;nea de Australia. El sitio web tiene una gran cantidad de diferentes juegos flash en l&iacute;nea presentados por algunos de los mejores desarrolladores del mercado.<\/p>\n<h3>\n 21 DUQUES<br>\n <\/h3>\n<p>   21 Dukes se encuentra entre los sitios m&aacute;s interesantes de Australia. Cuenta con una extraordinaria variedad de juegos de tragamonedas retro, adem&aacute;s de ofrecer al p&uacute;blico una serie de los nuevos tragamonedas de video m&aacute;s populares. Tambi&eacute;n tiene algunas m&aacute;quinas tragamonedas con una excelente tasa de pago.<\/p>\n<h3>\n KAHUNA<br>\n <\/h3>\n<p>   Kahuna es un sitio alto en lo que respecta a jugar tragamonedas. El sitio funciona con el tipo de Micrograming, NetEnt y muchos otros desarrolladores bien establecidos para brindar a sus jugadores una experiencia de juego perfecta.<\/p>\n<h3>\n PLAYAMO<br>\n <\/h3>\n<p>   La variedad de m&aacute;quinas tragamonedas en l&iacute;nea de PlayAmo har&aacute; que tus ojos se llenen de l&aacute;grimas. Su sitio web tiene una incre&iacute;ble variedad de diferentes m&aacute;quinas tragamonedas en l&iacute;nea para que juegue, que fueron desarrolladas por algunos de los nombres m&aacute;s importantes del mercado. Tambi&eacute;n tienen una excelente variedad de m&aacute;quinas tragamonedas de alto RTP.<\/p>\n<h3>\n 7 GIROS<br>\n <\/h3>\n<p>   7 Spins es otro casino en l&iacute;nea brillante que es popular en Australia. Tiene una gran colecci&oacute;n de m&aacute;quinas tragamonedas en l&iacute;nea de desarrolladores establecidos y varias de ellas son m&aacute;quinas tragamonedas en l&iacute;nea con el mejor pago.<\/p>\n<h3>\n POKIE POP<br>\n <\/h3>\n<p>   Pokie Pop es uno de los sitios de apuestas en l&iacute;nea m&aacute;s coloridos e innovadores disponibles en Australia. Su sitio web incluye un tema de arte pop que le brinda una est&eacute;tica brillante y amigable. Sin embargo, no es el truco y tiene una de las mejores selecciones de m&aacute;quinas tragamonedas en l&iacute;nea disponibles en la regi&oacute;n.<\/p>\n<h3>\n SALA JOKA<br>\n <\/h3>\n<p>   Joka Room es uno de los mejores sitios de juegos en l&iacute;nea disponibles en Australia en este momento. Armado con una est&eacute;tica incre&iacute;ble y una excelente selecci&oacute;n de juegos tragamonedas, Joka Room incluso ofrece algunos juegos que ofrecen a sus jugadores un fant&aacute;stico pago alto.<br>\n <b><br>\n Nuestras calificaciones se derivan de la informaci&oacute;n de los casinos y los jugadores. &iquest;Disfrutas de nuestro proceso de revisi&oacute;n? Visita la&nbsp;gu&iacute;a explicativa.<br>\n <\/b><\/p>\n<h3 id=\"2022\">\n MEJOR PAGO EN CASINO EN L&Iacute;NEA AUSTRALIA 2026<br>\n <\/h3>\n<div class=\"tg-wrap\">\n<table border=\"1\">\n<tbody>\n<tr>\n<td>\n<p> <strong><br>\n Rango<br>\n <\/strong><\/p>\n<\/td>\n<td>\n<p> <strong><br>\n Casino<br>\n <\/strong><\/p>\n<\/td>\n<td>\n<p> <strong><br>\n Tasa de pago aproximada<br>\n <\/strong><\/p>\n<\/td>\n<\/tr>\n<tr>\n<td>\n #1\n <\/td>\n<td>\n Cohete\n <\/td>\n<td>\n ~98,4%\n <\/td>\n<\/tr>\n<tr>\n<td>\n #2\n <\/td>\n<td>\n Girar samur&aacute;i\n <\/td>\n<td>\n ~98%\n <\/td>\n<\/tr>\n<tr>\n<td>\n #3\n <\/td>\n<td>\n Pago r&aacute;pido\n <\/td>\n<td>\n ~97,8%\n <\/td>\n<\/tr>\n<tr>\n<td>\n #4\n <\/td>\n<td>\n Parimatch\n <\/td>\n<td>\n ~97,5%\n <\/td>\n<\/tr>\n<tr>\n<td>\n #5\n <\/td>\n<td>\n Casino4U\n <\/td>\n<td>\n ~96%\n <\/td>\n<\/tr>\n<tr>\n<td>\n #6\n <\/td>\n<td>\n Cobra\n <\/td>\n<td>\n ~96%\n <\/td>\n<\/tr>\n<tr>\n<td>\n #7\n <\/td>\n<td>\n 7 bits\n <\/td>\n<td>\n ~95%\n <\/td>\n<\/tr>\n<\/tbody>\n<\/table><\/div>\n<\/div>\n<\/div>\n<\/div>\n<\/div>\n<div class=\"jfadfec jfade0e\">\n<div class=\"jfadf87\">\n<div class=\"jfadbb4 jfad1bc6\">\n<div class=\"jfaddf3\">\n<p class=\"jfad2844 jfad0dc\">\n<\/p><p> <img decoding=\"async\" src=\"https:\/\/gamble-online-aus.org\/wp-content\/uploads\/2022\/02\/highest-paying-casinos.png\"><\/p>\n<h3 id=\"3\">\n VENTAJAS DE LAS POKIES EN L&Iacute;NEA<br>\n <\/h3>\n<p>   En la web, las m&aacute;quinas tragamonedas est&aacute;n de moda hoy en d&iacute;a. Atr&aacute;s quedaron los d&iacute;as en los que necesitaba hacer un viaje al casino y luego esperar a que alguien m&aacute;s completara su juego favorito y lo probara. Las tragamonedas en l&iacute;nea han hecho que todo sea incre&iacute;blemente conveniente, tambi&eacute;n nos han dejado con muchas opciones. La mayor&iacute;a de los sitios ahora ofrecer&aacute;n una gran selecci&oacute;n de m&aacute;quinas tragamonedas diferentes para usar y, por lo tanto, puede encontrar la m&aacute;quina tragamonedas en l&iacute;nea perfecta para usted.<\/p>\n<ul>\n<li>\n Conveniencia,\n <\/li>\n<li>\n gr&aacute;ficos jugosos,\n <\/li>\n<li>\n Amplia selecci&oacute;n,\n <\/li>\n<li>\n Compatibilidad con dispositivos modernos,\n <\/li>\n<li>\n Reglas simples.\n <\/li>\n<\/ul>\n<h3 id=\"4\">\n DESVENTAJAS DE LAS POKIES EN L&Iacute;NEA<br>\n <\/h3>\n<p>   Seamos honestos, las tragamonedas son muy divertidas. Son coloridos, innovadores y ganar&aacute;s mucho dinero. &iquest;Qu&eacute; hay que nunca te guste? Bueno, hay algunas desventajas para ellos. El mayor riesgo que acompa&ntilde;a a las tragamonedas web, como ocurre con cualquier tipo de juego, es que algunas personas pueden luchar para detenerse y jugar de manera responsable. Significativamente m&aacute;s que cualquier otro juego, las m&aacute;quinas tragamonedas simplemente pueden depender de la suerte, por supuesto, si est&aacute; experimentando una buena racha de victorias, es posible convencerse de que de alguna manera es bueno en el juego en general.<br>\n <img decoding=\"async\" src=\"https:\/\/gamble-online-aus.org\/wp-content\/uploads\/2022\/02\/best-paying-pokies.png\"><\/p>\n<div class=\"tg-wrap\">\n<table>\n<tbody>\n<tr>\n<td>\n<p> <strong><br>\n M&aacute;quina tragamonedas en l&iacute;nea<br>\n <\/strong><\/p>\n<\/td>\n<td>\n<p> <strong><br>\n Porcentaje de pago (%)<br>\n <\/strong><\/p>\n<\/td>\n<td>\n<p> <strong><br>\n Desarrollador<br>\n <\/strong><\/p>\n<\/td>\n<\/tr>\n<tr>\n<td>\n Ugga Bugga\n <\/td>\n<td>\n 99,07%\n <\/td>\n<td>\n Playtech\n <\/td>\n<\/tr>\n<tr>\n<td>\n 1429 Mares desconocidos\n <\/td>\n<td>\n 98,5%\n <\/td>\n<td>\n TRUENO\n <\/td>\n<\/tr>\n<tr>\n<td>\n chupadores de sangre\n <\/td>\n<td>\n 98%\n <\/td>\n<td>\n NETENT\n <\/td>\n<\/tr>\n<tr>\n<td>\n romance inmortal\n <\/td>\n<td>\n 96,96%\n <\/td>\n<td>\n microjuegos\n <\/td>\n<\/tr>\n<tr>\n<td>\n Carnaval\n <\/td>\n<td>\n 96,94%\n <\/td>\n<td>\n microjuegos\n <\/td>\n<\/tr>\n<tr>\n<td>\n chico infernal\n <\/td>\n<td>\n 96,5%\n <\/td>\n<td>\n microjuegos\n <\/td>\n<\/tr>\n<tr>\n<td>\n Dulces 16\n <\/td>\n<td>\n 96,3%\n <\/td>\n<td>\n RTG\n <\/td>\n<\/tr>\n<tr>\n<td>\n Cargado\n <\/td>\n<td>\n 96,2%\n <\/td>\n<td>\n microjuegos\n <\/td>\n<\/tr>\n<tr>\n<td>\n Kahuna grande\n <\/td>\n<td>\n 96,16%\n <\/td>\n<td>\n microjuegos\n <\/td>\n<\/tr>\n<tr>\n<td>\n efectivo vegas\n <\/td>\n<td>\n 96,03%\n <\/td>\n<td>\n Salsear\n <\/td>\n<\/tr>\n<tr>\n<td>\n Sicario\n <\/td>\n<td>\n 95,81%\n <\/td>\n<td>\n microjuegos\n <\/td>\n<\/tr>\n<tr>\n<td>\n Ciudad de oro\n <\/td>\n<td>\n 95,58%\n <\/td>\n<td>\n Salsear\n <\/td>\n<\/tr>\n<tr>\n<td>\n bandidos en efectivo 2\n <\/td>\n<td>\n 95,3%\n <\/td>\n<td>\n RTG\n <\/td>\n<\/tr>\n<tr>\n<td>\n bot&iacute;n de frutas\n <\/td>\n<td>\n 95%\n <\/td>\n<td>\n WGS\n <\/td>\n<\/tr>\n<tr>\n<td>\n Tesoro del Nilo\n <\/td>\n<td>\n 92,11%\n <\/td>\n<td>\n Rival\n <\/td>\n<\/tr>\n<\/tbody>\n<\/table><\/div>\n<h4>\n<\/h4><p> <strong><br>\n 1&#65039;&#8419; ROMANCE INMORTAL (PORCENTAJE DE PAGO &ndash; 96.96%)<br>\n <\/strong><\/p>\n\n<p>   Immortal Romance es una m&aacute;quina tragamonedas popular con grandes ganancias que fue desarrollada por Microgaming. El juego est&aacute; disponible en muchos sitios diferentes y se destaca por tener un alto rendimiento para el jugador. La tragamonedas tiene un RTP de 96. 86%, que es uno de los m&aacute;s altos a la venta en Australia. <\/p>\n<h4>\n<\/h4><p> <strong><br>\n 2&#65039;&#8419; CARNAVAL (PORCENTAJE DE PAGO &ndash; 96,94%)<br>\n <\/strong><\/p>\n\n<p>   El carnaval tambi&eacute;n es muy popular en Australia. La tragamonedas con tema de carnaval es otra hecha por Microgaming. Tambi&eacute;n ofrece un pago superior con un RTP de 96. 94%, que ser&aacute; otra raz&oacute;n detr&aacute;s de su b&uacute;squeda.<\/p>\n<h4>\n<\/h4><p> <strong><br>\n 3&#65039;&#8419; HELLBOY (PORCENTAJE DE PAGO &ndash; 96.5%)<br>\n <\/strong><\/p>\n\n<p>   Basado en el popular personaje Hellboy, este tragamonedas es uno de los mejores del mercado en t&eacute;rminos de un buen RTP. La m&aacute;quina tragamonedas de video de 20 l&iacute;neas de pago fue desarrollada por Microgaming y tiene un RTP impresionante de 96. 5%, lo que la coloca entre las mejores del mercado australiano.<\/p>\n<h4>\n<\/h4><p> <strong><br>\n 4&#65039;&#8419; CARGADO (PORCENTAJE DE PAGO &ndash; 96.2%)<br>\n <\/strong><\/p>\n\n<p>   Loaded es una tragamonedas de cinco carretes y 25 l&iacute;neas de pago proporcionada por el equipo de Microgaming. La tragamonedas tiene un tema rico en efectivo y puede ser incre&iacute;blemente divertido de jugar. Adem&aacute;s de eso, adem&aacute;s, tiene un RTP excepcional de 96. 2%, lo que significa que tiene una excelente oportunidad de ganar algo de dinero con este.<\/p>\n<h4>\n<\/h4><p> <strong><br>\n 5&#65039;&#8419; GRAN KAHUNA (PORCENTAJE DE PAGO &ndash; 96.16%)<br>\n <\/strong><\/p>\n\n<p>   El Big Kahuna hace honor a su nombre. Es una tragamonedas de 9 l&iacute;neas de pago desarrollada por Microgaming. El juego en general tambi&eacute;n es muy generoso e incluye un buen RTP de 96. 16%.<\/p>\n<h4>\n<\/h4><p> <strong><br>\n 6&#65039;&#8419; HITMAN (PORCENTAJE DE PAGO &ndash; 95.81%)<br>\n <\/strong><\/p>\n\n<p>   Hitman es un excelente juego basado en la ic&oacute;nica franquicia de juegos Hitman. La tragamonedas es una diferente desarrollada por Microgaming y tiene cinco carretes y 15 l&iacute;neas de pago. Como todas las m&aacute;quinas tragamonedas en esta lista, cuenta con un RTP extraordinario de 95. 81%, lo que la convierte en una de las m&aacute;quinas tragamonedas en l&iacute;nea con mejores pagos.<\/p>\n<h4>\n<\/h4><p> <strong><br>\n 7&#65039;&#8419; CIUDAD DE ORO (PORCENTAJE DE PAGO &ndash; 95.58%)<br>\n <\/strong><\/p>\n\n<p>   City of Gold es otra de las mejores tragamonedas en l&iacute;nea que se puede jugar en Australia. Posee un RTP impresionante de 95. 58% y, por lo tanto, le presenta muchas posibilidades de ganar algo de dinero. <img decoding=\"async\" src=\"https:\/\/gamble-online-aus.org\/wp-content\/uploads\/2022\/02\/high-rtp-slots.png\"><\/p>\n<h3 id=\"6\">\n LISTA DE LAS NUEVAS POKIES EN L&Iacute;NEA QUE MEJOR PAGAN<br>\n <\/h3>\n<div class=\"tg-wrap\">\n<table>\n<tbody>\n<tr>\n<td>\n<p> <strong><br>\n M&aacute;quina tragamonedas en l&iacute;nea<br>\n <\/strong><\/p>\n<\/td>\n<td>\n<p> <strong><br>\n Porcentaje de pago (%)<br>\n <\/strong><\/p>\n<\/td>\n<td>\n<p> <strong><br>\n Desarrollador<br>\n <\/strong><\/p>\n<\/td>\n<\/tr>\n<tr>\n<td>\n Bonanza de graves grandes\n <\/td>\n<td>\n 96,71%\n <\/td>\n<td>\n Juego pragm&aacute;tico\n <\/td>\n<\/tr>\n<tr>\n<td>\n dulce bonanza\n <\/td>\n<td>\n 96,48%\n <\/td>\n<td>\n Juego pragm&aacute;tico\n <\/td>\n<\/tr>\n<tr>\n<td>\n Estallido estelar extremo\n <\/td>\n<td>\n 96,26%\n <\/td>\n<td>\n NETENT\n <\/td>\n<\/tr>\n<tr>\n<td>\n Cuernos de oro\n <\/td>\n<td>\n 96,26%\n <\/td>\n<td>\n BETSOFT\n <\/td>\n<\/tr>\n<tr>\n<td>\n charlie oportunidad\n <\/td>\n<td>\n 96,25%\n <\/td>\n<td>\n Play&rsquo;N Go\n <\/td>\n<\/tr>\n<tr>\n<td>\n bromista de hielo\n <\/td>\n<td>\n 96,23%\n <\/td>\n<td>\n Play&rsquo;N Go\n <\/td>\n<\/tr>\n<tr>\n<td>\n drag&oacute;n 24k\n <\/td>\n<td>\n 96,20%\n <\/td>\n<td>\n Play&rsquo;N Go\n <\/td>\n<\/tr>\n<tr>\n<td>\n Piratas 2 mot&iacute;n\n <\/td>\n<td>\n 96,20%\n <\/td>\n<td>\n Yggdrasil\n <\/td>\n<\/tr>\n<tr>\n<td>\n Crystal Quest: Torre arcana\n <\/td>\n<td>\n 96,17%\n <\/td>\n<td>\n TRUENO\n <\/td>\n<\/tr>\n<tr>\n<td>\n Vence a la bestia: el oro de Griffin\n <\/td>\n<td>\n 96,12%\n <\/td>\n<td>\n TRUENO\n <\/td>\n<\/tr>\n<tr>\n<td>\n Megav&iacute;as de la fortuna divina\n <\/td>\n<td>\n 96,09%\n <\/td>\n<td>\n Netent, BTG\n <\/td>\n<\/tr>\n<tr>\n<td>\n Parten&oacute;n: B&uacute;squeda de la inmortalidad\n <\/td>\n<td>\n 96,03%\n <\/td>\n<td>\n NETENT\n <\/td>\n<\/tr>\n<tr>\n<td>\n bandidos en efectivo 3\n <\/td>\n<td>\n 96%\n <\/td>\n<td>\n RTG\n <\/td>\n<\/tr>\n<tr>\n<td>\n BountyPop\n <\/td>\n<td>\n 96%\n <\/td>\n<td>\n Yggdrasil\n <\/td>\n<\/tr>\n<tr>\n<td>\n Riquezas de Midgard: tierra y expansi&oacute;n\n <\/td>\n<td>\n 96%\n <\/td>\n<td>\n NETENT\n <\/td>\n<\/tr>\n<\/tbody>\n<\/table><\/div>\n<section class=\"jfadd164\">\n<div class=\"jfad647b\">\n<h3 id=\"myths\">\n MITOS COMUNES RELATIVOS A LAS POKIES EN L&Iacute;NEA EN AUSTRALIA<br>\n <\/h3>\n<h4>\n MITO 1. &iexcl;TODAS LAS POKIES EN L&Iacute;NEA EST&Aacute;N MANIPULADAS Y SON PELIGROSAS PARA JUGAR!<br>\n <\/h4>\n<p>   Las m&aacute;quinas tragamonedas en l&iacute;nea desarrolladas por operadores con licencia son probadas por organizaciones particulares (eCOGRA) y no pueden manipularse. Las m&aacute;quinas tragamonedas en l&iacute;nea con licencia usan un generador RNG y no se pueden manipular ni siquiera te&oacute;ricamente.<\/p>\n<h4>\n MITO 2. EN AUSTRALIA EST&Aacute;N PROHIBIDAS LAS POKIES EN L&Iacute;NEA.<br>\n <\/h4>\n<p>   De acuerdo con la Ley de juegos de azar interactivos de 2001, los casinos en l&iacute;nea alojados en Australia son ilegales y est&aacute;n prohibidos. Pero los operadores de juego internacionales est&aacute;n permitidos.<\/p>\n<h4>\n MITO 3. NO HAY POKIES EN L&Iacute;NEA LEGALES EN AUSTRALIA.<br>\n <\/h4>\n<p>   Este mito es en parte cierto debido a la Ley de Apuestas Interactivas de 2001. No encontrar&aacute; casinos australianos en la web con una licencia local, pero muchos operadores extranjeros tienen una licencia global como MGA o Curacao.\n <\/p><\/div>\n<\/section>\n<section class=\"jfadd164\">\n<h2 class=\"jfad486a\">\n NUEVO MEJOR PAGO CASINO EN L&Iacute;NEA AUSTRALIA<br>\n <\/h2>\n<p> <img decoding=\"async\" src=\"https:\/\/gamble-online-aus.org\/wp-content\/uploads\/2022\/02\/bao_casino-1.png\"><\/p>\n<p> <img decoding=\"async\" src=\"https:\/\/gamble-online-aus.org\/wp-content\/uploads\/2022\/02\/casitsu-casino.png\"><\/p>\n<p> <img decoding=\"async\" src=\"https:\/\/gamble-online-aus.org\/wp-content\/uploads\/2022\/02\/joe_fortune.png\"><\/p>\n<section class=\"jfadd164\">\n<div class=\"jfad647b\">\n<h3 id=\"7\">\n DESARROLLADORES POPULARES DE POKIES EN L&Iacute;NEA EN AUSTRALIA<br>\n <\/h3>\n<ul>\n<li>\n NetEnt,\n <\/li>\n<li>\n habanero,\n <\/li>\n<li>\n giro rapido,\n <\/li>\n<li>\n RTG,\n <\/li>\n<li>\n microjuegos,\n <\/li>\n<li>\n Play&rsquo;n GO,\n <\/li>\n<li>\n juego de evoluci&oacute;n,\n <\/li>\n<li>\n juego de tigre rojo,\n <\/li>\n<li>\n juegos de yggdrasil,\n <\/li>\n<li>\n IGT,\n <\/li>\n<li>\n Novomatic. <\/li>\n<\/ul>\n<h3 id=\"best-pokies-2022\">\n MEJORES POKIES EN L&Iacute;NEA AUSTRALIA 2026, TOP-21<br>\n <\/h3>\n<div class=\"tg-wrap\">\n<table border=\"1\">\n<tbody>\n<tr>\n<td>\n<p> <strong><br>\n Rango<br>\n <\/strong><\/p>\n<\/td>\n<td>\n<p> <strong><br>\n m&aacute;quina tragamonedas<br>\n <\/strong><\/p>\n<\/td>\n<td>\n<p> <strong><br>\n Tasa RTP<br>\n <\/strong><\/p>\n<\/td>\n<\/tr>\n<tr>\n<td>\n #1\n <\/td>\n<td>\n Tesoro del lobo\n <\/td>\n<td>\n 96%\n <\/td>\n<\/tr>\n<tr>\n<td>\n #2\n <\/td>\n<td>\n Fortuna de Caishen\n <\/td>\n<td>\n 97,08%\n <\/td>\n<\/tr>\n<tr>\n<td>\n #3\n <\/td>\n<td>\n sol de egipto\n <\/td>\n<td>\n 95,98%\n <\/td>\n<\/tr>\n<tr>\n<td>\n #4\n <\/td>\n<td>\n Gran Panda: aguanta y gana\n <\/td>\n<td>\n 95,20%\n <\/td>\n<\/tr>\n<tr>\n<td>\n #5\n <\/td>\n<td>\n 243 Frutas de cristal invertidas\n <\/td>\n<td>\n 96%\n <\/td>\n<\/tr>\n<tr>\n<td>\n #6\n <\/td>\n<td>\n Dioses contra titanes\n <\/td>\n<td>\n No se indica\n <\/td>\n<\/tr>\n<tr>\n<td>\n #7\n <\/td>\n<td>\n Pl&aacute;tanos en auge\n <\/td>\n<td>\n 96,55%\n <\/td>\n<\/tr>\n<tr>\n<td>\n #8\n <\/td>\n<td>\n La bella y la Bestia\n <\/td>\n<td>\n 96,6%\n <\/td>\n<\/tr>\n<tr>\n<td>\n #9\n <\/td>\n<td>\n Drag&oacute;n salvaje\n <\/td>\n<td>\n No se indica\n <\/td>\n<\/tr>\n<tr>\n<td>\n #10\n <\/td>\n<td>\n Riquezas sucias VIP\n <\/td>\n<td>\n 95,2%\n <\/td>\n<\/tr>\n<tr>\n<td>\n #11\n <\/td>\n<td>\n reina y los dragones\n <\/td>\n<td>\n 96,47%\n <\/td>\n<\/tr>\n<tr>\n<td>\n #12\n <\/td>\n<td>\n Veta de oro\n <\/td>\n<td>\n 95,3%\n <\/td>\n<\/tr>\n<tr>\n<td>\n #13\n <\/td>\n<td>\n libro de gatos\n <\/td>\n<td>\n 94,00%\n <\/td>\n<\/tr>\n<tr>\n<td>\n #14\n <\/td>\n<td>\n Tren del dinero\n <\/td>\n<td>\n 96,20%\n <\/td>\n<\/tr>\n<tr>\n<td>\n #15\n <\/td>\n<td>\n Millonario\n <\/td>\n<td>\n 96,27%\n <\/td>\n<\/tr>\n<tr>\n<td>\n #diecis&eacute;is\n <\/td>\n<td>\n Dragon Pearls: aguanta y gana\n <\/td>\n<td>\n 95,01%\n <\/td>\n<\/tr>\n<tr>\n<td>\n #17\n <\/td>\n<td>\n Larry el duende\n <\/td>\n<td>\n 96,47%\n <\/td>\n<\/tr>\n<tr>\n<td>\n #18\n <\/td>\n<td>\n Rayo de fuego\n <\/td>\n<td>\n 97,61%\n <\/td>\n<\/tr>\n<tr>\n<td>\n #19\n <\/td>\n<td>\n &iexcl;Peligro! Alto voltaje\n <\/td>\n<td>\n 95,67%\n <\/td>\n<\/tr>\n<tr>\n<td>\n #20\n <\/td>\n<td>\n 3 brujas\n <\/td>\n<td>\n 96,2%\n <\/td>\n<\/tr>\n<tr>\n<td>\n #21\n <\/td>\n<td>\n Choc&oacute; Carretes\n <\/td>\n<td>\n 96,22%\n <\/td>\n<\/tr>\n<\/tbody>\n<\/table><\/div>\n<h3 id=\"best-casinos-2022\">\n MEJORES CASINOS EN L&Iacute;NEA AUSTRALIA 2026, TOP-10<br>\n <\/h3>\n<div class=\"tg-wrap\">\n<table border=\"1\">\n<tbody>\n<tr>\n<td>\n<p> <strong><br>\n Rango<br>\n <\/strong><\/p>\n<\/td>\n<td>\n<p> <strong><br>\n Casino online<br>\n <\/strong><\/p>\n<\/td>\n<td>\n<p> <strong><br>\n Prima<br>\n <\/strong><\/p>\n<\/td>\n<\/tr>\n<tr>\n<td>\n #1\n <\/td>\n<td>\n Cohete\n <\/td>\n<td>\n $2500 + 100 FS\n <\/td>\n<\/tr>\n<tr>\n<td>\n #2\n <\/td>\n<td>\n parimatchwin\n <\/td>\n<td>\n $1250 + 325 FS\n <\/td>\n<\/tr>\n<tr>\n<td>\n #3\n <\/td>\n<td>\n Girar samur&aacute;i\n <\/td>\n<td>\n $5700 + 75 FS\n <\/td>\n<\/tr>\n<tr>\n<td>\n #4\n <\/td>\n<td>\n &Ouml;zwin\n <\/td>\n<td>\n $2000 + 50 FS\n <\/td>\n<\/tr>\n<tr>\n<td>\n #5\n <\/td>\n<td>\n Cobra\n <\/td>\n<td>\n $1550 + 300 FS\n <\/td>\n<\/tr>\n<tr>\n<td>\n #6\n <\/td>\n<td>\n Pago r&aacute;pido\n <\/td>\n<td>\n $150 + 100 FS\n <\/td>\n<\/tr>\n<tr>\n<td>\n #7\n <\/td>\n<td>\n Casino4U\n <\/td>\n<td>\n $150 + 100 FS\n <\/td>\n<\/tr>\n<tr>\n<td>\n #8\n <\/td>\n<td>\n Nacional\n <\/td>\n<td>\n $500 + 100 FS\n <\/td>\n<\/tr>\n<tr>\n<td>\n #9\n <\/td>\n<td>\n 7 bits\n <\/td>\n<td>\n $500 + 100 FS\n <\/td>\n<\/tr>\n<tr>\n<td>\n #10\n <\/td>\n<td>\n iLucki\n <\/td>\n<td>\n $500 + 100 FS\n <\/td>\n<\/tr>\n<\/tbody>\n<\/table><\/div>\n<h2>\n PREGUNTAS FRECUENTES SOBRE LAS POKIES EN L&Iacute;NEA QUE MEJOR PAGAN<br>\n <\/h2>\n<h3>\n &iquest;SON LEGALES LAS POKIES EN L&Iacute;NEA EN AUSTRALIA?<br>\n <\/h3>\n<p>   Las m&aacute;quinas tragamonedas en l&iacute;nea son totalmente legales en Australia. Todo lo que necesita hacer para garantizar su seguridad es siempre asegurarse de que el lugar en el que los est&aacute; jugando tenga licencia y est&eacute; completamente regulado. Obviamente, tambi&eacute;n existen restricciones de edad para jugar en las m&aacute;quinas tragamonedas m&oacute;viles web y los juegos de azar en general.<\/p>\n<h3>\n &iquest;CU&Aacute;LES SON LAS MEJORES POKIES EN L&Iacute;NEA EN AUSTRALIA?<br>\n <\/h3>\n<p>   Pregunta capciosa. Seg&uacute;n nuestros conocimientos, Wolf Run, fabricado por IGT, puede ser la m&aacute;quina tragamonedas en l&iacute;nea favorita de los australianos.<\/p>\n<h3>\n &iquest;PAGAN REALMENTE LOS CASINOS EN L&Iacute;NEA?<br>\n <\/h3>\n<p>   &iexcl;S&iacute;! Los casinos en l&iacute;nea con licencia deben desembolsar las ganancias de sus jugadores. En el caso del casino sin licencia, la solicitud de pago podr&iacute;a ser rechazada.<\/p>\n<h3>\n &iquest;QU&Eacute; CASINOS EN L&Iacute;NEA REALMENTE PAGAN EN AUSTRALIA? <\/h3>\n<p>   Seg&uacute;n los datos m&aacute;s recientes, todos los casinos en l&iacute;nea con licencia de Curazao ganan con respecto a proporcionar todos los documentos requeridos.\n <\/p><\/div>\n<\/section>\n<\/section><\/div>\n<\/div>\n<\/div>\n<\/div>\n<\/div>\n<\/section>\n","protected":false},"excerpt":{"rendered":"<p>La tasa de pago del casino es el &aacute;rea principal a analizar para cada jugador australiano que busca un casino en l&iacute;nea con el mejor pago para gastar algo de dinero. Por lo tanto, &iquest;c&oacute;mo obtener esta informaci&oacute;n? La misma pregunta se dirige a la tasa de pago de las m&aacute;quinas tragamonedas. Cada sitio de&hellip;&nbsp;<a href=\"https:\/\/gamble-online-aus.org\/es\/best-payout-pokies-2-2\/\" class=\"\" rel=\"bookmark\">Leer m\u00e1s &raquo;<span class=\"screen-reader-text\">LAS POKIES EN L\u00cdNEA QUE MEJOR PAGAN, EL CASINO EN L\u00cdNEA AUSTRALIANO QUE M\u00c1S PAGA EN 2023<\/span><\/a><\/p>\n","protected":false},"author":1,"featured_media":0,"parent":0,"menu_order":0,"comment_status":"closed","ping_status":"closed","template":"","meta":{"neve_meta_sidebar":"","neve_meta_container":"","neve_meta_enable_content_width":"","neve_meta_content_width":0,"neve_meta_title_alignment":"","neve_meta_author_avatar":"","neve_post_elements_order":"","neve_meta_disable_header":"","neve_meta_disable_footer":"","neve_meta_disable_title":"","footnotes":""},"class_list":["post-4124","page","type-page","status-publish","hentry"],"_links":{"self":[{"href":"https:\/\/gamble-online-aus.org\/es\/wp-json\/wp\/v2\/pages\/4124","targetHints":{"allow":["GET"]}}],"collection":[{"href":"https:\/\/gamble-online-aus.org\/es\/wp-json\/wp\/v2\/pages"}],"about":[{"href":"https:\/\/gamble-online-aus.org\/es\/wp-json\/wp\/v2\/types\/page"}],"author":[{"embeddable":true,"href":"https:\/\/gamble-online-aus.org\/es\/wp-json\/wp\/v2\/users\/1"}],"replies":[{"embeddable":true,"href":"https:\/\/gamble-online-aus.org\/es\/wp-json\/wp\/v2\/comments?post=4124"}],"version-history":[{"count":0,"href":"https:\/\/gamble-online-aus.org\/es\/wp-json\/wp\/v2\/pages\/4124\/revisions"}],"wp:attachment":[{"href":"https:\/\/gamble-online-aus.org\/es\/wp-json\/wp\/v2\/media?parent=4124"}],"curies":[{"name":"wp","href":"https:\/\/api.w.org\/{rel}","templated":true}]}}