{"id":4117,"date":"2023-08-01T21:26:56","date_gmt":"2023-08-01T21:26:56","guid":{"rendered":"https:\/\/gamble-online-aus.org\/finding-the-best-15-minimum-deposit-online-casino-2\/"},"modified":"2023-08-01T21:26:56","modified_gmt":"2023-08-01T21:26:56","slug":"finding-the-best-15-minimum-deposit-online-casino-2","status":"publish","type":"page","link":"https:\/\/gamble-online-aus.org\/es\/finding-the-best-15-minimum-deposit-online-casino-2\/","title":{"rendered":"ENCONTRAR EL MEJOR CASINO EN L\u00cdNEA CON DEP\u00d3SITO M\u00cdNIMO DE $15"},"content":{"rendered":"<?xml encoding=\"utf-8\" ?><br><section class=\"jfadd164\">\n<div class=\"jfad647b\">\n<h3>\n POPULARIDAD DE LOS CASINOS EN L&Iacute;NEA EN AUSTRALIA<br>\n <\/h3>\n<p> &iquest;Los casinos en l&iacute;nea son populares en Australia? Es posible que est&eacute; pensando en esta pregunta, considerando c&oacute;mo Australia est&aacute; endureciendo su legislaci&oacute;n sobre juegos de azar. No se preocupe, la industria de los casinos est&aacute; viva y coleando. Una mayor regulaci&oacute;n implica que necesitar&aacute; ayuda para descubrir a qu&eacute; plataformas puede acceder. Siga leyendo para conocer nuestra gu&iacute;a completa para elegir el mejor casino con un dep&oacute;sito m&iacute;nimo de 15 d&oacute;lares.<\/p>\n<h2>\n LOS MEJORES CASINOS DE DEP&Oacute;SITO DE $15 EN AUSTRALIA<br>\n <\/h2>\n<p> Aqu&iacute; est&aacute;n las mejores selecciones de nuestros editores. Cada uno puede ser un casino en l&iacute;nea con un dep&oacute;sito m&iacute;nimo de 15 d&oacute;lares con muchas otras caracter&iacute;sticas destacadas.<\/p>\n<table>\n<tbody>\n<tr>\n<td>\n<p> <strong><br>\n Casino<br>\n <\/strong><\/p>\n<\/td>\n<td>\n<p> <strong><br>\n &iquest;Disponible en Australia?<br>\n <\/strong><\/p>\n<\/td>\n<td>\n<p> <strong><br>\n Nuestra revisi&oacute;n<br>\n <\/strong><\/p>\n<\/td>\n<\/tr>\n<tr>\n<td>\n ir justo?\n <\/td>\n<td>\n S&iacute;\n <\/td>\n<td>\n Chequea aqu&iacute;\n <\/td>\n<\/tr>\n<tr>\n<td>\n Kahuna\n <\/td>\n<td>\n S&iacute;\n <\/td>\n<td>\n Chequea aqu&iacute;\n <\/td>\n<\/tr>\n<tr>\n<td>\n Juega Amo\n <\/td>\n<td>\n S&iacute;\n <\/td>\n<td>\n Chequea aqu&iacute;\n <\/td>\n<\/tr>\n<tr>\n<td>\n Giros tragamonedas\n <\/td>\n<td>\n S&iacute;\n <\/td>\n<td>\n Chequea aqu&iacute;\n <\/td>\n<\/tr>\n<tr>\n<td>\n compa&ntilde;ero de casino\n <\/td>\n<td>\n S&iacute;\n <\/td>\n<td>\n Chequea aqu&iacute;\n <\/td>\n<\/tr>\n<tr>\n<td>\n M&aacute;quinas tragamonedas de la zona alta\n <\/td>\n<td>\n S&iacute;\n <\/td>\n<td>\n Chequea aqu&iacute;\n <\/td>\n<\/tr>\n<tr>\n<td>\n Gato genial\n <\/td>\n<td>\n S&iacute;\n <\/td>\n<td>\n Chequea aqu&iacute;\n <\/td>\n<\/tr>\n<tr>\n<td>\n Toro furioso\n <\/td>\n<td>\n S&iacute;\n <\/td>\n<td>\n Chequea aqu&iacute;\n <\/td>\n<\/tr>\n<tr>\n<td>\n 21 duques\n <\/td>\n<td>\n S&iacute;\n <\/td>\n<td>\n Chequea aqu&iacute;\n <\/td>\n<\/tr>\n<tr>\n<td>\n 7 giros\n <\/td>\n<td>\n S&iacute;\n <\/td>\n<td>\n Chequea aqu&iacute;\n <\/td>\n<\/tr>\n<tr>\n<td>\n Juego australiano\n <\/td>\n<td>\n S&iacute;\n <\/td>\n<td>\n Chequea aqu&iacute;\n <\/td>\n<\/tr>\n<tr>\n<td>\n Apuesta Bondi\n <\/td>\n<td>\n S&iacute;\n <\/td>\n<td>\n Chequea aqu&iacute;\n <\/td>\n<\/tr>\n<tr>\n<td>\n apostar\n <\/td>\n<td>\n S&iacute;\n <\/td>\n<td>\n Chequea aqu&iacute;\n <\/td>\n<\/tr>\n<\/tbody>\n<\/table>\n<h4>\n 1&#65039;&#8419; KAHUNA<br>\n <\/h4>\n<p> Kahuna incluye una gran variedad de juegos. Estos incluyen m&aacute;quinas tragamonedas, mesas y tarjetas con dinero real, as&iacute; como bingo y tarjetas para raspar. El bono de bienvenida existente es un bono de dep&oacute;sito del 100%, hasta $1000, y 20 giros gratis ($0,10 cada uno). El requisito de apuesta es 30x.<\/p>\n<h4>\n 2&#65039;&#8419; SALIDA JUSTA<br>\n <\/h4>\n<p> Fair Go es un sitio web elegante dise&ntilde;ado por australianos y su moneda predeterminada es&nbsp;AUD. Esta plataforma ofrece muchos juegos de grandes y peque&ntilde;os desarrolladores de software. Su selecci&oacute;n de juegos de mesa es impresionante, incluidas ofertas &uacute;nicas como Pai Gow Poker y Vegas Three Card Rummy. El bono de bienvenida es una coincidencia del 100%, hasta $200, para sus primeros cinco dep&oacute;sitos. Requisito de juego 60x.<\/p>\n<h4>\n 3&#65039;&#8419; JUGAR AMO<br>\n <\/h4>\n<p> Play Amo tiene muchas m&aacute;quinas tragamonedas y juegos con crupier en vivo, con menos video p&oacute;quer y juegos de mesa. El bono de bienvenida incluye una igualaci&oacute;n del 100 % de $500 en su primer dep&oacute;sito, 100 giros gratis en Lucky Lady. Las 4 coincidencias posteriores del 50% pueden permitirle obtener otros $ 1000. El requisito de apuesta es 50x.<\/p>\n<h4>\n 4&#65039;&#8419; 21 DUQUES<br>\n <\/h4>\n<p> 21 Dukes se encuentra entre los casinos internacionales m&aacute;s populares. Tienen una amplia selecci&oacute;n de juegos de nombres reconocibles: m&aacute;quinas tragamonedas, mesa de comedor y tarjetas de&nbsp;MicroGaming,&nbsp;BETSOFT y Pragmatic. Su promoci&oacute;n de bienvenida inicial es un complemento del 200% a $2000 y 30 giros gratis en cualquier tragamonedas de BetSoft. A los jugadores de Get Back les encantar&aacute; un 675 % de coincidencia en sus primeros cinco dep&oacute;sitos, hasta $4750 y 150 giros gratis. 35x de juego.<\/p>\n<h4>\n 5&#65039;&#8419; 7 GIROS<br>\n <\/h4>\n<p> 7 Spins funciona con BetSoft, Rival, Pragmatic y Visionary iGaming. A pesar de que su colecci&oacute;n de juegos de cartas, de mesa y tragamonedas es excelente, sus ofertas de crupier en vivo a trav&eacute;s de Visionary son sobresalientes. El paquete de bienvenida es similar a 21 Dukes. 675% de coincidencia en los primeros cinco dep&oacute;sitos, 150 giros gratis en las tragamonedas BetSoft y un requisito de apuesta de 35x.<\/p>\n<h4>\n 6&#65039;&#8419; TORO RABIO<br>\n <\/h4>\n<p> Raging Bull incluye una selecci&oacute;n completa de juegos de casino cl&aacute;sicos, incluidas muchas opciones de video p&oacute;quer y jackpot progresivo. Proporcionan una igualaci&oacute;n ilimitada del 200% en su primer dep&oacute;sito y 100 giros gratis para tragamonedas o keno. Su juego es solo 5x.<\/p>\n<h4>\n 7&#65039;&#8419; APUESTA BONDI<br>\n <\/h4>\n<p> Finalmente, Bondi Bet combina una gran lista de juegos con un lucrativo paquete de bienvenida. Su lista de juegos incluye cartas, mesa de comedor, tragamonedas y juegos con crupier en vivo. Estos son proporcionados por Microgaming, NETENT, BetSoft y otros nombres reconocibles. Su oferta introductoria es un sorprendente partido potencial de $6750 en sus primeros 3 dep&oacute;sitos, junto con 150 giros gratis y un juego de 35x.<\/p>\n<h3>\n C&Oacute;MO NUESTROS EDITORES CALIFICAN CADA CASINO CON DEP&Oacute;SITO M&Iacute;NIMO DE $15<br>\n <\/h3>\n<p> Nuestra misi&oacute;n es brindarle recomendaciones sobre los&nbsp;mejores sitios web de juegos de apuestas disponibles. Nuestros editores exploran la selecci&oacute;n de juegos, los requisitos de apuesta, los comentarios en l&iacute;nea y las promociones que ofrece cada plataforma de juegos.\n <\/p><\/div>\n<\/section><section class=\"jfadd164\">\n<div class=\"jfadcb2 \">\n<div class=\"jfad456\">\n<dl class=\"active jfadb907 js-faq-block \" data-iterator=\"1\">\n<dt class=\"jfad3cc9 js-faq-question\">\n TIPOS DE OFERTAS DE BONOS DISPONIBLES\n <\/dt>\n<dd class=\"active jfad252 js-faq-answer\">\n Quiz&aacute;s la forma m&aacute;s sencilla para que una plataforma de juegos localice y retenga clientes es ofreciendo bonos. Este tipo de promociones recompensan a los nuevos jugadores o agradecen a los patrocinadores leales. Ahora tenemos informaci&oacute;n sobre la generosidad de cada sitio.\n <\/dd>\n<\/dl>\n<dl class=\"jfadb907 js-faq-block \" data-iterator=\"2\">\n<dt class=\"jfad3cc9 js-faq-question\">\n &iquest;CU&Aacute;LES SON LOS REQUISITOS DE APUESTAS?\n <\/dt>\n<\/dl>\n<dl class=\"jfadb907 js-faq-block \" data-iterator=\"3\">\n<dt class=\"jfad3cc9 js-faq-question\">\n &iquest;QU&Eacute; LISTA DE JUEGOS SE OFRECE?\n <\/dt>\n<\/dl>\n<dl class=\"jfadb907 js-faq-block \" data-iterator=\"4\">\n<dt class=\"jfad3cc9 js-faq-question\">\n &iquest;QU&Eacute; COMENTARIOS EN L&Iacute;NEA DAN LOS CLIENTES?\n <\/dt>\n<\/dl><\/div>\n<\/div>\n<\/section><section class=\"jfadd164\">\n<div class=\"jfad647b\">\n<h3>\n VENTAJAS DE JUGAR EN CASINOS DE DEP&Oacute;SITO DE $15<br>\n <\/h3>\n<p> Estas son las distintas ventajas que acompa&ntilde;an a los juegos de azar en un casino con un dep&oacute;sito m&iacute;nimo de $15:<\/p>\n<ul>\n<li>\n Bajo compromiso. Si no est&aacute; acostumbrado a una plataforma de juegos, es bueno hurgar y explorar un sitio antes de instalarse. Un dep&oacute;sito de $ 15 le permite ver el software de la computadora de juego, la selecci&oacute;n de juegos, el servicio al cliente y m&aacute;s. Si est&aacute; satisfecho, siempre puede hacer un segundo dep&oacute;sito m&aacute;s sustancial\n <\/li>\n<li>\n Presupuesto f&aacute;cil. Cuando deposita cantidades m&aacute;s bajas, puede ser m&aacute;s sencillo monitorear su tiempo de juego. Puede ver f&aacute;cilmente sus ganancias y p&eacute;rdidas. Cuando llega el momento de dar un paso atr&aacute;s y finalizar la sesi&oacute;n de juego, es f&aacute;cil hacerlo.\n <\/li>\n<li>\n Bonos. Incluso si no est&aacute; interesado en ser un gran apostador, a&uacute;n debe ser recompensado. Las plataformas de dep&oacute;sito m&aacute;s bajas ($1,&nbsp;$5 o&nbsp;$10) tienen bonos menos ventajosos. Al llegar a la marca de $ 15, recibe una mejor selecci&oacute;n de bonificaciones de bienvenida y promociones continuas.\n <\/li>\n<\/ul>\n<h3>\n INCONVENIENTES DE JUGAR EN CASINOS DE DEP&Oacute;SITO DE $15<br>\n <\/h3>\n<ul>\n<li>\n Un peque&ntilde;o n&uacute;mero de casinos con esta opci&oacute;n de dep&oacute;sito,\n <\/li>\n<li>\n Hay menos m&eacute;todos bancarios disponibles,\n <\/li>\n<li>\n Los botes enormes son en su mayor&iacute;a imposibles.\n <\/li>\n<\/ul>\n<p> Por supuesto, hay un par de aspectos negativos. Aunque tienen bonos de bienvenida, algunos de ellos son menos generosos. Puede ser m&aacute;s dif&iacute;cil encontrar 15 sitios de dep&oacute;sito que tambi&eacute;n brinden un gran bono de igualaci&oacute;n. En segundo lugar, algunos sitios web pueden tener una selecci&oacute;n de juegos restringida. Un casino en l&iacute;nea con un dep&oacute;sito de 15 d&oacute;lares solo puede ofrecer m&aacute;quinas tragamonedas o juegos de mesa. M&aacute;s adelante, revelamos aquellas plataformas con las selecciones de juegos m&aacute;s amplias disponibles.\n <\/p><\/div>\n<\/section><section class=\"jfadd164\">\n<div class=\"jfade27\">\n<div class=\"jfad0ae\">\n<div class=\"jfadaf9\">\n<div class=\"jfad259 jfad1ad jfad31f\">\n<div class=\"jfad89a jfad1bc6\">\n<div class=\"jfadd35\">\n<p> <img decoding=\"async\" class=\"lazyloaded\" src=\"https:\/\/gamble-online-aus.org\/wp-content\/uploads\/2022\/04\/Choy-Sun-Doa.png\" data-ll-status=\"loaded\"><\/p>\n<p> <img decoding=\"async\" src=\"https:\/\/gamble-online-aus.org\/wp-content\/uploads\/2022\/04\/Big-Red.png\"><\/p><\/div>\n<div class=\"jfaded3d\"><\/div>\n<\/div>\n<\/div>\n<div class=\"jfad259 jfad1ad jfad31f\">\n<div class=\"jfad89a jfad1bc6\">\n<div class=\"jfadd35\">\n<p> <img decoding=\"async\" class=\"lazyloaded\" src=\"https:\/\/gamble-online-aus.org\/wp-content\/uploads\/2022\/04\/Dolphin-Treasure.png\" data-ll-status=\"loaded\"><\/p>\n<p> <img decoding=\"async\" class=\"lazyloaded\" src=\"https:\/\/gamble-online-aus.org\/wp-content\/uploads\/2022\/04\/Lucky-88.png\" data-ll-status=\"loaded\"><\/p><\/div>\n<div><\/div>\n<\/div>\n<\/div>\n<div class=\"jfad259 jfad1ad jfad31f\">\n<div class=\"jfad89a jfad1bc6\">\n<div class=\"jfadd35\">\n<p> <img decoding=\"async\" class=\"lazyloaded\" src=\"https:\/\/gamble-online-aus.org\/wp-content\/uploads\/2022\/04\/More-Chilli.png\" data-ll-status=\"loaded\"><\/p>\n<p> <img decoding=\"async\" class=\"lazyloaded\" src=\"https:\/\/gamble-online-aus.org\/wp-content\/uploads\/2022\/04\/Mustang-Money.png\" data-ll-status=\"loaded\"><\/p><\/div>\n<div class=\"jfaded3d\"><\/div>\n<\/div>\n<\/div>\n<div class=\"jfad259 jfad1ad jfad31f\">\n<div class=\"jfad89a jfad1bc6\">\n<div class=\"jfaded3d\"><\/div>\n<\/div>\n<\/div>\n<\/div>\n<\/div>\n<\/div>\n<\/section><section class=\"jfadd164\">\n<div class=\"jfadcb2 \"><\/div>\n<\/section>\n","protected":false},"excerpt":{"rendered":"<p>POPULARIDAD DE LOS CASINOS EN L&Iacute;NEA EN AUSTRALIA &iquest;Los casinos en l&iacute;nea son populares en Australia? Es posible que est&eacute; pensando en esta pregunta, considerando c&oacute;mo Australia est&aacute; endureciendo su legislaci&oacute;n sobre juegos de azar. No se preocupe, la industria de los casinos est&aacute; viva y coleando. Una mayor regulaci&oacute;n implica que necesitar&aacute; ayuda para&hellip;&nbsp;<a href=\"https:\/\/gamble-online-aus.org\/es\/finding-the-best-15-minimum-deposit-online-casino-2\/\" class=\"\" rel=\"bookmark\">Leer m\u00e1s &raquo;<span class=\"screen-reader-text\">ENCONTRAR EL MEJOR CASINO EN L\u00cdNEA CON DEP\u00d3SITO M\u00cdNIMO DE $15<\/span><\/a><\/p>\n","protected":false},"author":1,"featured_media":0,"parent":0,"menu_order":0,"comment_status":"closed","ping_status":"closed","template":"","meta":{"neve_meta_sidebar":"","neve_meta_container":"","neve_meta_enable_content_width":"","neve_meta_content_width":0,"neve_meta_title_alignment":"","neve_meta_author_avatar":"","neve_post_elements_order":"","neve_meta_disable_header":"","neve_meta_disable_footer":"","neve_meta_disable_title":"","footnotes":""},"class_list":["post-4117","page","type-page","status-publish","hentry"],"_links":{"self":[{"href":"https:\/\/gamble-online-aus.org\/es\/wp-json\/wp\/v2\/pages\/4117","targetHints":{"allow":["GET"]}}],"collection":[{"href":"https:\/\/gamble-online-aus.org\/es\/wp-json\/wp\/v2\/pages"}],"about":[{"href":"https:\/\/gamble-online-aus.org\/es\/wp-json\/wp\/v2\/types\/page"}],"author":[{"embeddable":true,"href":"https:\/\/gamble-online-aus.org\/es\/wp-json\/wp\/v2\/users\/1"}],"replies":[{"embeddable":true,"href":"https:\/\/gamble-online-aus.org\/es\/wp-json\/wp\/v2\/comments?post=4117"}],"version-history":[{"count":0,"href":"https:\/\/gamble-online-aus.org\/es\/wp-json\/wp\/v2\/pages\/4117\/revisions"}],"wp:attachment":[{"href":"https:\/\/gamble-online-aus.org\/es\/wp-json\/wp\/v2\/media?parent=4117"}],"curies":[{"name":"wp","href":"https:\/\/api.w.org\/{rel}","templated":true}]}}