{"id":4113,"date":"2023-08-01T21:26:25","date_gmt":"2023-08-01T21:26:25","guid":{"rendered":"https:\/\/gamble-online-aus.org\/5-minimum-deposit-casino-2\/"},"modified":"2023-08-01T21:26:25","modified_gmt":"2023-08-01T21:26:25","slug":"5-minimum-deposit-casino-2","status":"publish","type":"page","link":"https:\/\/gamble-online-aus.org\/es\/5-minimum-deposit-casino-2\/","title":{"rendered":"Casino de dep\u00f3sito m\u00ednimo de $ 5 en Australia 2023 revisi\u00f3n"},"content":{"rendered":"<?xml encoding=\"utf-8\" ?><p> <span style=\"font-weight: 400;\"><br>\n no se cual<br>\n <\/span><\/p><p> <span style=\"font-weight: 400;\"><br>\n Dep&oacute;sito m&iacute;nimo de $ 5 casino Australia 2026<br>\n <\/span><\/p><p> <span style=\"font-weight: 400;\"><br>\n elegir para el entretenimiento de m&aacute;quinas tragamonedas de bajo dep&oacute;sito? Hemos preparado una calificaci&oacute;n de los MEJORES casinos con un dep&oacute;sito m&iacute;nimo de AUD 5. En el material a continuaci&oacute;n, aprender&aacute; sobre las ventajas de los establecimientos de nuestra calificaci&oacute;n y c&oacute;mo jugar en m&aacute;quinas tragamonedas desde 5 d&oacute;lares australianos. Un dep&oacute;sito de casino es el proceso de recargar una cuenta de juego en el sitio, as&iacute; como la cuenta en s&iacute; o el dinero depositado en ella. Es decir, el dep&oacute;sito m&iacute;nimo es la cantidad m&aacute;s peque&ntilde;a que se puede transferir a una cuenta en una instituci&oacute;n en l&iacute;nea.<br>\n <\/span><\/p><p> <span style=\"font-weight: 400;\"><br>\n Para los jugadores, los clubes de juego con dep&oacute;sitos bajos son mucho m&aacute;s convenientes. Despu&eacute;s de todo, no necesitas gastar mucho dinero solo para comenzar el juego. Al reponer el dep&oacute;sito con peque&ntilde;as cantidades, puede controlar con &eacute;xito su presupuesto de juego. En los casinos de Australia, las recargas desde AUD 5 son la cantidad m&iacute;nima posible. Por lo general, el tama&ntilde;o de la reposici&oacute;n m&iacute;nima depende del m&eacute;todo elegido por el jugador. Adem&aacute;s, el casino puede establecer un l&iacute;mite inferior para cualquier dep&oacute;sito. En muchas instituciones llega a los 50 o 100 d&oacute;lares australianos, o incluso m&aacute;s. Por eso los jugadores valoran<br>\n <\/span><\/p><p> <span style=\"font-weight: 400;\"><br>\n Casino de dep&oacute;sito m&iacute;nimo de $ 5<br>\n <\/span><\/p><p> <span style=\"font-weight: 400;\"><br>\n con recarga desde AUD 5.<br>\n <\/span><\/p><p style=\"text-align: center;\">\n <!-- No shortcodes are defined -->\n <\/p><h2>\n<\/h2><p> <span style=\"font-weight: 400;\"><br>\n Casino de dep&oacute;sito de $5 en Australia: bonos y promociones<br>\n <\/span><\/p><p> <span style=\"font-weight: 400;\"><br>\n En 2026, hay suficientes casinos en Australia con recargas desde AUD 5. Hemos compilado una calificaci&oacute;n de las mejores instituciones de Australia con dep&oacute;sitos m&iacute;nimos. Al mismo tiempo, tuvimos en cuenta otras ventajas de los clubes de juego. Tambi&eacute;n debe prestarles atenci&oacute;n al elegir un<br>\n <\/span><\/p><p> <span style=\"font-weight: 400;\"><br>\n dep&oacute;sito m&iacute;nimo de casino en l&iacute;nea 5<br>\n <\/span><\/p><p> <span style=\"font-weight: 400;\"><br>\n :<br>\n <\/span><\/p><ul>\n<li style=\"font-weight: 400;\" aria-level=\"1\">\n<p> <span style=\"font-weight: 400;\"><br>\n Una licencia que da permiso para operar y confirma el nivel.<br>\n <\/span><\/p>\n<\/li>\n<li style=\"font-weight: 400;\" aria-level=\"1\">\n<p> <span style=\"font-weight: 400;\"><br>\n Numerosas m&aacute;quinas tragamonedas, juegos de mesa, crupieres en vivo y otros entretenimientos de los mejores proveedores. <\/span><\/p>\n<\/li>\n<li style=\"font-weight: 400;\" aria-level=\"1\">\n<p> <span style=\"font-weight: 400;\"><br>\n La capacidad de depositar y retirar dinero sin comisi&oacute;n de muchas maneras.<br>\n <\/span><\/p>\n<\/li>\n<li style=\"font-weight: 400;\" aria-level=\"1\">\n<p> <span style=\"font-weight: 400;\"><br>\n Actitud leal a los jugadores: bonos, obsequios, buen servicio de apoyo.<br>\n <\/span><\/p>\n<\/li>\n<\/ul><p> <span style=\"font-weight: 400;\"><br>\n Los jugadores pueden obtener los siguientes bonos:<br>\n <\/span><\/p><ul>\n<li style=\"font-weight: 400;\" aria-level=\"1\">\n<p> <span style=\"font-weight: 400;\"><br>\n Los bonos de bienvenida (a veces llamados bonos de registro) son incentivos promocionales de casino que se utilizan para aumentar el inter&eacute;s entre las personas que nunca antes han jugado en un casino en l&iacute;nea. Los casinos ofrecen cierto dinero, giros de bonificaci&oacute;n, etc. al registrarse y, a menudo, requieren que los jugadores jueguen el dinero de la bonificaci&oacute;n una cierta cantidad de veces antes de poder retirarlo.<br>\n <\/span><\/p>\n<\/li>\n<li style=\"font-weight: 400;\" aria-level=\"1\">\n<p> <span style=\"font-weight: 400;\"><br>\n Los giros gratis generalmente son utilizados por<br>\n <\/span><\/p>\n<p> <span style=\"font-weight: 400;\"><br>\n 5 dep&oacute;sito m&iacute;nimo casino m&oacute;vil<br>\n <\/span><\/p>\n<p> <span style=\"font-weight: 400;\"><br>\n para atraer a los usuarios que prefieren las m&aacute;quinas tragamonedas. Se pueden usar como parte o la totalidad de un bono de bienvenida, una promoci&oacute;n de celebraci&oacute;n para jugadores existentes o simplemente por diversi&oacute;n, en cualquier circunstancia. Todo se reduce a dar a los jugadores una cierta cantidad de giros gratis que pueden usar para jugar tragamonedas gratis (y tal vez ganar algo de dinero).<br>\n <\/span><\/p>\n<\/li>\n<li style=\"font-weight: 400;\" aria-level=\"1\">\n<p> <span style=\"font-weight: 400;\"><br>\n Los bonos de dep&oacute;sito generalmente se usan como bonos de bienvenida, pero tambi&eacute;n se ofrecen para atraer a los jugadores de casino existentes para alentarlos a explorar nuevos juegos o simplemente pasar un tiempo jugando en el sitio del casino. Su esencia es reponer la cuenta con una cierta cantidad para recibir puntos de bonificaci&oacute;n.<br>\n <\/span><\/p>\n<\/li>\n<\/ul><p> <img loading=\"lazy\" decoding=\"async\" class=\"aligncenter wp-image-1510\" src=\"https:\/\/gamble-online-aus.org\/wp-content\/uploads\/2022\/07\/5-minimum-deposit-online-casinos-1-300x141.jpg\" alt=\" Minimum Deposit Casino in Australia\" width=\"677\" height=\"318\" srcset=\"https:\/\/gamble-online-aus.org\/wp-content\/uploads\/2022\/07\/5-minimum-deposit-online-casinos-1-300x141.jpg 300w, https:\/\/gamble-online-aus.org\/wp-content\/uploads\/2022\/07\/5-minimum-deposit-online-casinos-1-768x360.jpg 768w, https:\/\/gamble-online-aus.org\/wp-content\/uploads\/2022\/07\/5-minimum-deposit-online-casinos-1.jpg 800w\" sizes=\"auto, (max-width: 677px) 100vw, 677px\"><\/p><h2>\n<\/h2><p> <span style=\"font-weight: 400;\"><br>\n Casino de dep&oacute;sito de $ 5 en Australia: dep&oacute;sito y retiro<br>\n <\/span><\/p><p> <span style=\"font-weight: 400;\"><br>\n Para jugar en un casino en l&iacute;nea por AUD, un jugador primero debe registrarse en &eacute;l. Puede hacerlo en el sitio web de la instituci&oacute;n. El proceso de registro en un casino online suele seguir el mismo algoritmo:<br>\n <\/span><\/p><ol>\n<li style=\"font-weight: 400;\" aria-level=\"1\">\n<p> <span style=\"font-weight: 400;\"><br>\n Primero, vaya al sitio web de la instituci&oacute;n desde una computadora o tel&eacute;fono m&oacute;vil.<br>\n <\/span><\/p>\n<\/li>\n<li style=\"font-weight: 400;\" aria-level=\"1\">\n<p> <span style=\"font-weight: 400;\"><br>\n Busque el bot&oacute;n &laquo;Registro&raquo; en la p&aacute;gina y haga clic en &eacute;l. Un nuevo cuestionario de jugador se abrir&aacute; ante ti.<br>\n <\/span><\/p>\n<\/li>\n<li style=\"font-weight: 400;\" aria-level=\"1\">\n<p> <span style=\"font-weight: 400;\"><br>\n Seleccione un m&eacute;todo de registro. Por lo general, se sugiere crear una cuenta por n&uacute;mero de tel&eacute;fono o direcci&oacute;n de correo electr&oacute;nico. Algunos clubes tambi&eacute;n ofrecen vincular la cuenta a una cuenta de red social existente, si tiene una.<br>\n <\/span><\/p>\n<\/li>\n<li style=\"font-weight: 400;\" aria-level=\"1\">\n<p> <span style=\"font-weight: 400;\"><br>\n Ingrese los datos de contacto y otra informaci&oacute;n requerida por el<br>\n <\/span><\/p>\n<p> <span style=\"font-weight: 400;\"><br>\n casino en l&iacute;nea con dep&oacute;sito m&iacute;nimo de $ 5<br>\n <\/span><\/p>\n<p> <span style=\"font-weight: 400;\"><br>\n . En algunos clubes de juego, basta con ingresar un n&uacute;mero o correo electr&oacute;nico y generar una contrase&ntilde;a. Otros pueden pedirle su nombre y apellido, fecha de nacimiento u otra informaci&oacute;n.<br>\n <\/span><\/p>\n<\/li>\n<li style=\"font-weight: 400;\" aria-level=\"1\">\n<p> <span style=\"font-weight: 400;\"><br>\n Adem&aacute;s, normalmente es necesario aceptar las reglas de la instituci&oacute;n durante el registro.<br>\n <\/span><\/p>\n<\/li>\n<li style=\"font-weight: 400;\" aria-level=\"1\">\n<p> <span style=\"font-weight: 400;\"><br>\n Algunos clubes tambi&eacute;n ofrecen ingresar un c&oacute;digo promocional en el formulario para activarlo al registrarse.<br>\n <\/span><\/p>\n<\/li>\n<\/ol><p style=\"text-align: center;\">\n <!-- No shortcodes are defined -->\n <\/p><p> <span style=\"font-weight: 400;\"><br>\n Si desea registrarse a trav&eacute;s de las redes sociales, preste atenci&oacute;n a si el club de juego ofrece esa opci&oacute;n. Si es as&iacute;, ver&aacute; los logotipos de las redes sociales en la parte superior o inferior del formulario de registro. Para registrarse, simplemente haga clic en la imagen de la red deseada y confirme el acceso a los datos. Puede recargar un dep&oacute;sito en un casino en l&iacute;nea desde AUD 5 directamente en el sitio web de la instituci&oacute;n. Para depositar dinero en la cuenta, el usuario necesita:<br>\n <\/span><\/p><ul>\n<li style=\"font-weight: 400;\" aria-level=\"1\">\n<p> <span style=\"font-weight: 400;\"><br>\n Vaya al sitio e inicie sesi&oacute;n en su cuenta.<br>\n <\/span><\/p>\n<\/li>\n<li style=\"font-weight: 400;\" aria-level=\"1\">\n<p> <span style=\"font-weight: 400;\"><br>\n Ir a la secci&oacute;n financiera. Por lo general, se denomina &laquo;Cajero&raquo; o &laquo;Entrada\/retirada de fondos&raquo;. Puede encontrar un enlace en la parte superior de la p&aacute;gina o en el men&uacute; de su cuenta personal.<br>\n <\/span><\/p>\n<\/li>\n<li style=\"font-weight: 400;\" aria-level=\"1\">\n<p> <span style=\"font-weight: 400;\"><br>\n A continuaci&oacute;n, elija un m&eacute;todo de recarga. Lo m&aacute;s accesible para los australianos es recargar usando una tarjeta bancaria. Algunos establecimientos tambi&eacute;n ofrecen sistemas de pago en l&iacute;nea, billeteras electr&oacute;nicas o criptomonedas para transacciones. Tenga en cuenta que el l&iacute;mite m&iacute;nimo de recarga puede variar seg&uacute;n el m&eacute;todo.<br>\n <\/span><\/p>\n<\/li>\n<li style=\"font-weight: 400;\" aria-level=\"1\">\n<p> <span style=\"font-weight: 400;\"><br>\n Luego, ingrese el monto de la recarga y los detalles del m&eacute;todo de pago.<br>\n <\/span><\/p>\n<\/li>\n<li style=\"font-weight: 400;\" aria-level=\"1\">\n<p> <span style=\"font-weight: 400;\"><br>\n Y finalmente, confirme la transacci&oacute;n. <\/span><\/p>\n<\/li>\n<\/ul><p> <span style=\"font-weight: 400;\"><br>\n La mayor&iacute;a de las veces, la recarga se acredita instant&aacute;neamente, independientemente de su tama&ntilde;o. Para jugar en m&aacute;quinas tragamonedas desde 5 AUD, los jugadores necesitan:<br>\n <\/span><\/p><ul>\n<li style=\"font-weight: 400;\" aria-level=\"1\">\n<p> <span style=\"font-weight: 400;\"><br>\n Inicie sesi&oacute;n en su cuenta y haga un dep&oacute;sito, si no lo ha hecho antes.<br>\n <\/span><\/p>\n<\/li>\n<li style=\"font-weight: 400;\" aria-level=\"1\">\n<p> <span style=\"font-weight: 400;\"><br>\n Seleccione una m&aacute;quina tragamonedas a su discreci&oacute;n.<br>\n <\/span><\/p>\n<\/li>\n<li style=\"font-weight: 400;\" aria-level=\"1\">\n<p> <span style=\"font-weight: 400;\"><br>\n Especifique la apuesta y ajuste el n&uacute;mero de l&iacute;neas de pago, si corresponde.<br>\n <\/span><\/p>\n<\/li>\n<li style=\"font-weight: 400;\" aria-level=\"1\">\n<p> <span style=\"font-weight: 400;\"><br>\n &iexcl;Empieza los carretes y conf&iacute;a en la suerte!<br>\n <\/span><\/p>\n<\/li>\n<\/ul><p> <span style=\"font-weight: 400;\"><br>\n Despu&eacute;s de que tu suerte te haya tra&iacute;do una victoria, es hora de que el<br>\n <\/span><\/p><p> <span style=\"font-weight: 400;\"><br>\n el mejor casino con dep&oacute;sito m&iacute;nimo de $ 5<br>\n <\/span><\/p><p> <span style=\"font-weight: 400;\"><br>\n . Para ello, puede utilizar la p&aacute;gina &laquo;Retiro&raquo; en la secci&oacute;n &laquo;Pagar&raquo;. Los usuarios pueden retirar dinero de una manera muy similar al proceso de reposici&oacute;n:<br>\n <\/span><\/p><ul>\n<li style=\"font-weight: 400;\" aria-level=\"1\">\n<p> <span style=\"font-weight: 400;\"><br>\n Vaya al sitio, inicie sesi&oacute;n en su cuenta y abra el &laquo;Pago&raquo;.<br>\n <\/span><\/p>\n<\/li>\n<li style=\"font-weight: 400;\" aria-level=\"1\">\n<p> <span style=\"font-weight: 400;\"><br>\n Ve a la p&aacute;gina de pagos.<br>\n <\/span><\/p>\n<\/li>\n<li style=\"font-weight: 400;\" aria-level=\"1\">\n<p> <span style=\"font-weight: 400;\"><br>\n Seleccione el m&eacute;todo de retiro que ya ha utilizado para la recarga.<br>\n <\/span><\/p>\n<\/li>\n<li style=\"font-weight: 400;\" aria-level=\"1\">\n<p> <span style=\"font-weight: 400;\"><br>\n Introduce el importe y los datos de una tarjeta bancaria, monedero electr&oacute;nico u otro medio de pago.<br>\n <\/span><\/p>\n<\/li>\n<li style=\"font-weight: 400;\" aria-level=\"1\">\n<p> <span style=\"font-weight: 400;\"><br>\n Confirme la creaci&oacute;n de la solicitud de pago.<br>\n <\/span><\/p>\n<\/li>\n<\/ul><p> <span style=\"font-weight: 400;\"><br>\n Puede pasar alg&uacute;n tiempo desde que se presenta la solicitud hasta que se recibe el dinero.<br>\n <\/span><\/p><p style=\"text-align: center;\">\n<\/p><p> <img loading=\"lazy\" decoding=\"async\" class=\"aligncenter wp-image-1513\" src=\"https:\/\/gamble-online-aus.org\/wp-content\/uploads\/2022\/07\/5-AUD-Minimum-Deposit-Casinos-1-300x150.jpg\" alt=\" Minimum Deposit Casino\" width=\"620\" height=\"310\" srcset=\"https:\/\/gamble-online-aus.org\/wp-content\/uploads\/2022\/07\/5-AUD-Minimum-Deposit-Casinos-1-300x150.jpg 300w, https:\/\/gamble-online-aus.org\/wp-content\/uploads\/2022\/07\/5-AUD-Minimum-Deposit-Casinos-1-768x384.jpg 768w, https:\/\/gamble-online-aus.org\/wp-content\/uploads\/2022\/07\/5-AUD-Minimum-Deposit-Casinos-1.jpg 1000w\" sizes=\"auto, (max-width: 620px) 100vw, 620px\"><\/p><h2>\n<\/h2><p> <span style=\"font-weight: 400;\"><br>\n Consuelo<br>\n <\/span><\/p><p> <span style=\"font-weight: 400;\"><br>\n Entonces, teniendo en cuenta todo lo anterior, podemos decir con confianza que si un jugador de Australia elige casinos con licencia de Australia, entonces, ante todo, elige juegos de baja calidad de los mejores proveedores. En este caso, lo principal es que &eacute;l decide su seguridad y la seguridad de sus fondos, as&iacute; como la informaci&oacute;n privada que decide compartir con el casino en l&iacute;nea elegido.<br>\n <\/span><\/p><p> <span style=\"font-weight: 400;\"><br>\n Lo mejor de todo, como muestran la pr&aacute;ctica y las rese&ntilde;as de jugadores reales, es que se decidir&aacute; el casino en l&iacute;nea. Adem&aacute;s de todas las ventajas que tienen los casinos con licencia est&aacute;ndar del pa&iacute;s, tambi&eacute;n pueden ofrecer uno de los mejores sistemas de pago. No solo ayudar&aacute; a realizar transacciones financieras seguras, sino que tambi&eacute;n lo har&aacute; en un corto per&iacute;odo de tiempo.<br>\n <\/span> <\/p>\n","protected":false},"excerpt":{"rendered":"<p>no se cual Dep&oacute;sito m&iacute;nimo de $ 5 casino Australia 2026 elegir para el entretenimiento de m&aacute;quinas tragamonedas de bajo dep&oacute;sito? Hemos preparado una calificaci&oacute;n de los MEJORES casinos con un dep&oacute;sito m&iacute;nimo de AUD 5. En el material a continuaci&oacute;n, aprender&aacute; sobre las ventajas de los establecimientos de nuestra calificaci&oacute;n y c&oacute;mo jugar en&hellip;&nbsp;<a href=\"https:\/\/gamble-online-aus.org\/es\/5-minimum-deposit-casino-2\/\" class=\"\" rel=\"bookmark\">Leer m\u00e1s &raquo;<span class=\"screen-reader-text\">Casino de dep\u00f3sito m\u00ednimo de $ 5 en Australia 2023 revisi\u00f3n<\/span><\/a><\/p>\n","protected":false},"author":1,"featured_media":0,"parent":0,"menu_order":0,"comment_status":"closed","ping_status":"closed","template":"","meta":{"neve_meta_sidebar":"","neve_meta_container":"","neve_meta_enable_content_width":"","neve_meta_content_width":0,"neve_meta_title_alignment":"","neve_meta_author_avatar":"","neve_post_elements_order":"","neve_meta_disable_header":"","neve_meta_disable_footer":"","neve_meta_disable_title":"","footnotes":""},"class_list":["post-4113","page","type-page","status-publish","hentry"],"_links":{"self":[{"href":"https:\/\/gamble-online-aus.org\/es\/wp-json\/wp\/v2\/pages\/4113","targetHints":{"allow":["GET"]}}],"collection":[{"href":"https:\/\/gamble-online-aus.org\/es\/wp-json\/wp\/v2\/pages"}],"about":[{"href":"https:\/\/gamble-online-aus.org\/es\/wp-json\/wp\/v2\/types\/page"}],"author":[{"embeddable":true,"href":"https:\/\/gamble-online-aus.org\/es\/wp-json\/wp\/v2\/users\/1"}],"replies":[{"embeddable":true,"href":"https:\/\/gamble-online-aus.org\/es\/wp-json\/wp\/v2\/comments?post=4113"}],"version-history":[{"count":0,"href":"https:\/\/gamble-online-aus.org\/es\/wp-json\/wp\/v2\/pages\/4113\/revisions"}],"wp:attachment":[{"href":"https:\/\/gamble-online-aus.org\/es\/wp-json\/wp\/v2\/media?parent=4113"}],"curies":[{"name":"wp","href":"https:\/\/api.w.org\/{rel}","templated":true}]}}