{"id":3860,"date":"2023-08-01T19:22:39","date_gmt":"2023-08-01T19:22:39","guid":{"rendered":"https:\/\/gamble-online-aus.org\/atari-leaves-gambling-business-2\/"},"modified":"2023-08-01T19:22:39","modified_gmt":"2023-08-01T19:22:39","slug":"atari-leaves-gambling-business-2","status":"publish","type":"page","link":"https:\/\/gamble-online-aus.org\/de\/atari-leaves-gambling-business-2\/","title":{"rendered":"ATARI VERL\u00c4SST DAS GL\u00dcCKSSPIELGESCH\u00c4FT"},"content":{"rendered":"<?xml encoding=\"utf-8\" ?><p> <img decoding=\"async\" src=\"https:\/\/gamble-online-aus.org\/wp-content\/uploads\/2022\/02\/atari-leaves-casino.png\"><\/p><h2>\n ATARI verl&auml;sst die Casinos, um in die Welt der Premium-Spiele f&uuml;r PC und Konsolen einzutauchen<br>\n <\/h2><p>   Der f&uuml;hrende Anbieter von Unterhaltungsprodukten, Atari, hat gerade bekannt gegeben, dass er das Casino-Gesch&auml;ft aufgibt und sich auf die Produktion von Spielen f&uuml;r PCs und Konsolen konzentriert. Diese Entscheidung wurde vom Vorstand getroffen, der daf&uuml;r gestimmt hat, alle Ressourcen auf die Entwicklung von Premium-Spielen mit Mehrwert zu konzentrieren. Ihre Wahl wird zus&auml;tzlich durch einen detaillierten &Uuml;berblick &uuml;ber die M&ouml;glichkeiten und Vorteile der Atari-Abteilung unterst&uuml;tzt. Nach einer neuen Entscheidung des Anbieters wird das ber&uuml;hmte Atari-Casino verschwinden, es steht jedoch noch nicht genau fest, was mit den Hotel- und Krypto-Abteilungen der Marke passieren wird. Atari Gaming machte im letzten Jahr mehrere Ank&uuml;ndigungen, die nicht viel mit Gl&uuml;cksspiel zu tun hatten. Das Unternehmen gab bekannt, dass sein Atari-Hotel in den USA expandieren und als Unterhaltungsparadies mit VR-Spielhallen dienen wird. Den gleichen Ank&uuml;ndigungen zufolge soll das erste Atari-Hotel in Las Vegas errichtet werden, wo es ein Casino wie jedes andere Hotel in Las Vegas geben w&uuml;rde. Dar&uuml;ber hinaus stellte Atari auch ein innovatives Online-Casino vor, in dem Benutzer Kryptow&auml;hrungen wie Bitcoin oder Ethereum nutzen k&ouml;nnen. Es sieht so aus, als w&uuml;rden beide Ideen abgesagt und das Unternehmen verl&auml;sst die Gl&uuml;cksspielbranche. In &Uuml;bereinstimmung mit der Aussage von Wade J. Rosen, CEO von Atari, besteht die Absicht des Unternehmens bei allen Gaming-Produkten immer darin, zug&auml;ngliche und unterhaltsame Momente des Gameplays zu bieten. Dies ist tats&auml;chlich der Schl&uuml;sselgedanke von Atari, dem Anderen, der seine Geschichte mit seiner Zukunft verbindet. Derzeit geht der Anbieter davon aus, dass Premium-Gaming eher repr&auml;sentativ f&uuml;r den Atari und seine eigene DNA sei. In naher Zukunft wird die Marke Premium-Gaming-L&ouml;sungen anbieten und gleichzeitig ihre bereits beliebte Basis an kostenlosen Spielen auf dem Markt erweitern. Neben der Schlie&szlig;ung des Atari Casinos wird der Anbieter f&uuml;nf kostenlose Spiele verkaufen, darunter RCT Stories, Crystal Castles, Ninja Golf, Castles and Catapults und Atari Combat: Tank Fury. Erfolgreiche Spiele, die derzeit &uuml;ber einen bedeutenden Kundenstamm verf&uuml;gen, sind davon jedoch nicht betroffen. Atari wird f&uuml;r den am 31. M&auml;rz 2026 endenden Finanzzeitraum weiterhin eine Abschreibung in H&ouml;he von 5 Millionen Euro vornehmen. Dies ist die Folge der R&uuml;cknahme der Prognose f&uuml;r positive Nettoergebnisse f&uuml;r das Jahr 2026\/2026. Das Unternehmen wird seine Jahresergebnisse bis zum 31. Juli 2026 ver&ouml;ffentlichen. Das erste Premium-Spiel in Folge wird noch vor Jahresende verf&uuml;gbar sein und Spieler werden nicht lange warten m&uuml;ssen, bis sie ein neues, neu ausgerichtetes Produkt sehen. <\/p>\n","protected":false},"excerpt":{"rendered":"<p>ATARI verl&auml;sst die Casinos, um in die Welt der Premium-Spiele f&uuml;r PC und Konsolen einzutauchen Der f&uuml;hrende Anbieter von Unterhaltungsprodukten, Atari, hat gerade bekannt gegeben, dass er das Casino-Gesch&auml;ft aufgibt und sich auf die Produktion von Spielen f&uuml;r PCs und Konsolen konzentriert. Diese Entscheidung wurde vom Vorstand getroffen, der daf&uuml;r gestimmt hat, alle Ressourcen auf&hellip;&nbsp;<a href=\"https:\/\/gamble-online-aus.org\/de\/atari-leaves-gambling-business-2\/\" class=\"\" rel=\"bookmark\">Weiterlesen &raquo;<span class=\"screen-reader-text\">ATARI VERL\u00c4SST DAS GL\u00dcCKSSPIELGESCH\u00c4FT<\/span><\/a><\/p>\n","protected":false},"author":1,"featured_media":0,"parent":0,"menu_order":0,"comment_status":"closed","ping_status":"closed","template":"","meta":{"neve_meta_sidebar":"","neve_meta_container":"","neve_meta_enable_content_width":"","neve_meta_content_width":0,"neve_meta_title_alignment":"","neve_meta_author_avatar":"","neve_post_elements_order":"","neve_meta_disable_header":"","neve_meta_disable_footer":"","neve_meta_disable_title":"","footnotes":""},"class_list":["post-3860","page","type-page","status-publish","hentry"],"_links":{"self":[{"href":"https:\/\/gamble-online-aus.org\/de\/wp-json\/wp\/v2\/pages\/3860","targetHints":{"allow":["GET"]}}],"collection":[{"href":"https:\/\/gamble-online-aus.org\/de\/wp-json\/wp\/v2\/pages"}],"about":[{"href":"https:\/\/gamble-online-aus.org\/de\/wp-json\/wp\/v2\/types\/page"}],"author":[{"embeddable":true,"href":"https:\/\/gamble-online-aus.org\/de\/wp-json\/wp\/v2\/users\/1"}],"replies":[{"embeddable":true,"href":"https:\/\/gamble-online-aus.org\/de\/wp-json\/wp\/v2\/comments?post=3860"}],"version-history":[{"count":0,"href":"https:\/\/gamble-online-aus.org\/de\/wp-json\/wp\/v2\/pages\/3860\/revisions"}],"wp:attachment":[{"href":"https:\/\/gamble-online-aus.org\/de\/wp-json\/wp\/v2\/media?parent=3860"}],"curies":[{"name":"wp","href":"https:\/\/api.w.org\/{rel}","templated":true}]}}