{"id":2983,"date":"2023-07-17T17:30:50","date_gmt":"2023-07-17T17:30:50","guid":{"rendered":"https:\/\/gamble-online-aus.org\/5-minimum-deposit-casino-2\/"},"modified":"2023-07-17T17:30:50","modified_gmt":"2023-07-17T17:30:50","slug":"5-minimum-deposit-casino-2","status":"publish","type":"page","link":"https:\/\/gamble-online-aus.org\/can\/5-minimum-deposit-casino-2\/","title":{"rendered":"Revisi\u00f3 del casino de dip\u00f2sit m\u00ednim de 5 d\u00f2lars a Austr\u00e0lia 2023"},"content":{"rendered":"<?xml encoding=\"utf-8\" ?><p> <span style=\"font-weight: 400;\"><br>\n No s&eacute; quin<br>\n <\/span><\/p><p> <span style=\"font-weight: 400;\"><br>\n Casino de dip&ograve;sit m&iacute;nim de 5 d&ograve;lars Austr&agrave;lia 2026<br>\n <\/span><\/p><p> <span style=\"font-weight: 400;\"><br>\n triar per a l&rsquo;entreteniment de les m&agrave;quines escurabutxaques de baix dip&ograve;sit? Hem preparat una classificaci&oacute; dels casinos TOP amb un dip&ograve;sit m&iacute;nim de 5 AUD. Al material seg&uuml;ent, coneixer&agrave;s els avantatges dels establiments a partir de la nostra classificaci&oacute; i com jugar a les m&agrave;quines escurabutxaques des de 5 d&ograve;lars australians. Un dip&ograve;sit de casino &eacute;s el proc&eacute;s de rec&agrave;rrega d&rsquo;un compte de joc al lloc, aix&iacute; com el compte en si o els diners que s&rsquo;hi col&middot;loquen. &Eacute;s a dir, el dip&ograve;sit m&iacute;nim &eacute;s l&rsquo;import m&eacute;s petit que es pot transferir a un compte d&rsquo;una instituci&oacute; en l&iacute;nia.<br>\n <\/span><\/p><p> <span style=\"font-weight: 400;\"><br>\n Per als jugadors, els clubs d&rsquo;apostes amb dip&ograve;sits baixos s&oacute;n molt m&eacute;s convenients. Despr&eacute;s de tot, no cal gastar molts diners nom&eacute;s per comen&ccedil;ar el joc. En reomplir el dip&ograve;sit amb petites quantitats, podeu controlar amb &egrave;xit el vostre pressupost de joc. Als casinos d&rsquo;Austr&agrave;lia, les rec&agrave;rregues a partir de 5 AUD s&oacute;n l&rsquo;import m&iacute;nim possible. Normalment, la mida de la reposici&oacute; m&iacute;nima dep&egrave;n del m&egrave;tode escollit pel jugador. A m&eacute;s, el casino pot establir un l&iacute;mit inferior per a qualsevol dip&ograve;sit. En moltes institucions, arriba als 50 o 100 d&ograve;lars australians, o fins i tot m&eacute;s. Per aix&ograve; els jugadors valoren<br>\n <\/span><\/p><p> <span style=\"font-weight: 400;\"><br>\n Casino de dip&ograve;sit m&iacute;nim de 5 d&ograve;lars<br>\n <\/span><\/p><p> <span style=\"font-weight: 400;\"><br>\n amb rec&agrave;rrega des de 5 AUD.<br>\n <\/span><\/p><p style=\"text-align: center;\">\n [nom sc = &ldquo;bot&oacute;&rdquo;][\/sc]\n <\/p><h2>\n<\/h2><p> <span style=\"font-weight: 400;\"><br>\n Casino de dip&ograve;sit de $ 5 a Austr&agrave;lia: bonificacions i promocions<br>\n <\/span><\/p><p> <span style=\"font-weight: 400;\"><br>\n L&rsquo;any 2026, hi ha prou casinos a Austr&agrave;lia amb rec&agrave;rregues des de 5 AUD. Hem recopilat una puntuaci&oacute; de les millors institucions d&rsquo;Austr&agrave;lia amb dip&ograve;sits m&iacute;nims. Al mateix temps, vam tenir en compte altres avantatges dels clubs de joc. Tamb&eacute; haur&iacute;eu de parar atenci&oacute; a ells a l&rsquo;hora de triar un<br>\n <\/span><\/p><p> <span style=\"font-weight: 400;\"><br>\n casino en l&iacute;nia dip&ograve;sit m&iacute;nim de 5<br>\n <\/span><\/p><p> <span style=\"font-weight: 400;\"><br>\n :<br>\n <\/span><\/p><ul>\n<li style=\"font-weight: 400;\" aria-level=\"1\">\n<p> <span style=\"font-weight: 400;\"><br>\n Una llic&egrave;ncia que d&oacute;na perm&iacute;s per operar i confirma el nivell.<br>\n <\/span><\/p>\n<\/li>\n<li style=\"font-weight: 400;\" aria-level=\"1\">\n<p> <span style=\"font-weight: 400;\"><br>\n Nombroses m&agrave;quines escurabutxaques, jocs de taula, repartidors en directe i altres entreteniments dels millors prove&iuml;dors. <\/span><\/p>\n<\/li>\n<li style=\"font-weight: 400;\" aria-level=\"1\">\n<p> <span style=\"font-weight: 400;\"><br>\n La capacitat de dipositar i retirar diners sense comissi&oacute; de moltes maneres.<br>\n <\/span><\/p>\n<\/li>\n<li style=\"font-weight: 400;\" aria-level=\"1\">\n<p> <span style=\"font-weight: 400;\"><br>\n Actitud lleial als jugadors: bonificacions, regals, bon servei de suport.<br>\n <\/span><\/p>\n<\/li>\n<\/ul><p> <span style=\"font-weight: 400;\"><br>\n Els jugadors poden obtenir les seg&uuml;ents bonificacions:<br>\n <\/span><\/p><ul>\n<li style=\"font-weight: 400;\" aria-level=\"1\">\n<p> <span style=\"font-weight: 400;\"><br>\n Les bonificacions de benvinguda (de vegades anomenades bonificacions d&rsquo;inscripci&oacute;) s&oacute;n incentius promocionals de casino que s&rsquo;utilitzen per augmentar l&rsquo;inter&egrave;s entre les persones que no han jugat mai abans en un casino en l&iacute;nia. Els casinos ofereixen determinats diners, girs de bonificaci&oacute;, etc. en el moment de registrar-se i sovint requereixen que els jugadors juguin els diners de la bonificaci&oacute; un cert nombre de vegades abans de poder-los retirar.<br>\n <\/span><\/p>\n<\/li>\n<li style=\"font-weight: 400;\" aria-level=\"1\">\n<p> <span style=\"font-weight: 400;\"><br>\n Els girs gratu&iuml;ts solen utilitzar<br>\n <\/span><\/p>\n<p> <span style=\"font-weight: 400;\"><br>\n Casino m&ograve;bil de 5 dip&ograve;sits m&iacute;nims<br>\n <\/span><\/p>\n<p> <span style=\"font-weight: 400;\"><br>\n per atraure usuaris que prefereixen les m&agrave;quines escurabutxaques. Es poden utilitzar com a part o com a totalitat d&rsquo;un bo de benvinguda, una promoci&oacute; de celebraci&oacute; per als jugadors existents o simplement per diversi&oacute;, siguin les circumst&agrave;ncies. Tot es redueix a oferir als jugadors un cert nombre de girs gratu&iuml;ts que poden utilitzar per jugar a les escurabutxaques de forma gratu&iuml;ta (i potser guanyar diners en efectiu).<br>\n <\/span><\/p>\n<\/li>\n<li style=\"font-weight: 400;\" aria-level=\"1\">\n<p> <span style=\"font-weight: 400;\"><br>\n Les bonificacions de dip&ograve;sit s&rsquo;utilitzen normalment com a bonificacions de benvinguda, per&ograve; tamb&eacute; s&rsquo;ofereixen per atraure els jugadors de casino existents per animar-los a explorar nous jocs o simplement passar una estona jugant al lloc del casino. La seva ess&egrave;ncia &eacute;s omplir el compte amb una quantitat determinada per rebre punts de bonificaci&oacute;.<br>\n <\/span><\/p>\n<\/li>\n<\/ul><p> <img loading=\"lazy\" decoding=\"async\" class=\"aligncenter wp-image-1510\" src=\"https:\/\/gamble-online-aus.org\/wp-content\/uploads\/2022\/07\/5-minimum-deposit-online-casinos-1-300x141.jpg\" alt=\" Minimum Deposit Casino in Australia\" width=\"677\" height=\"318\" srcset=\"https:\/\/gamble-online-aus.org\/wp-content\/uploads\/2022\/07\/5-minimum-deposit-online-casinos-1-300x141.jpg 300w, https:\/\/gamble-online-aus.org\/wp-content\/uploads\/2022\/07\/5-minimum-deposit-online-casinos-1-768x360.jpg 768w, https:\/\/gamble-online-aus.org\/wp-content\/uploads\/2022\/07\/5-minimum-deposit-online-casinos-1.jpg 800w\" sizes=\"auto, (max-width: 677px) 100vw, 677px\"><\/p><h2>\n<\/h2><p> <span style=\"font-weight: 400;\"><br>\n Casino de dip&ograve;sit de 5 d&ograve;lars a Austr&agrave;lia: dip&ograve;sit i retirada<br>\n <\/span><\/p><p> <span style=\"font-weight: 400;\"><br>\n Per jugar en un casino en l&iacute;nia per AUD, un jugador primer s&rsquo;ha de registrar-hi. Podeu fer-ho al web de l&rsquo;entitat. El proc&eacute;s de registre en un casino en l&iacute;nia sol seguir el mateix algorisme:<br>\n <\/span><\/p><ol>\n<li style=\"font-weight: 400;\" aria-level=\"1\">\n<p> <span style=\"font-weight: 400;\"><br>\n En primer lloc, aneu al lloc web de la instituci&oacute; des d&rsquo;un ordinador o tel&egrave;fon m&ograve;bil.<br>\n <\/span><\/p>\n<\/li>\n<li style=\"font-weight: 400;\" aria-level=\"1\">\n<p> <span style=\"font-weight: 400;\"><br>\n Cerqueu el bot&oacute; &ldquo;Registre&rdquo; a la p&agrave;gina i feu-hi clic. S&rsquo;obrir&agrave; un q&uuml;estionari de jugador nou davant teu.<br>\n <\/span><\/p>\n<\/li>\n<li style=\"font-weight: 400;\" aria-level=\"1\">\n<p> <span style=\"font-weight: 400;\"><br>\n Seleccioneu un m&egrave;tode de registre. Normalment, es recomana crear un compte per n&uacute;mero de tel&egrave;fon o adre&ccedil;a de correu electr&ograve;nic. Alguns clubs tamb&eacute; ofereixen enlla&ccedil;ar el compte a un compte de xarxa social existent, si en teniu un.<br>\n <\/span><\/p>\n<\/li>\n<li style=\"font-weight: 400;\" aria-level=\"1\">\n<p> <span style=\"font-weight: 400;\"><br>\n Introdu&iuml;u les dades de contacte i altra informaci&oacute; requerida per<br>\n <\/span><\/p>\n<p> <span style=\"font-weight: 400;\"><br>\n casino en l&iacute;nia amb un dip&ograve;sit m&iacute;nim de 5 d&ograve;lars<br>\n <\/span><\/p>\n<p> <span style=\"font-weight: 400;\"><br>\n . En alguns clubs d&rsquo;apostes, n&rsquo;hi ha prou amb introduir un n&uacute;mero o un correu electr&ograve;nic i trobar una contrasenya. Altres poden demanar-te el teu nom i cognoms, data de naixement o altra informaci&oacute;.<br>\n <\/span><\/p>\n<\/li>\n<li style=\"font-weight: 400;\" aria-level=\"1\">\n<p> <span style=\"font-weight: 400;\"><br>\n A m&eacute;s, normalment &eacute;s necessari estar d&rsquo;acord amb les regles de la instituci&oacute; durant el registre.<br>\n <\/span><\/p>\n<\/li>\n<li style=\"font-weight: 400;\" aria-level=\"1\">\n<p> <span style=\"font-weight: 400;\"><br>\n Alguns clubs tamb&eacute; ofereixen introduir un codi promocional al formulari per activar-lo en el moment del registre.<br>\n <\/span><\/p>\n<\/li>\n<\/ol><p style=\"text-align: center;\">\n [nom sc = &ldquo;bot&oacute;&rdquo;][\/sc]\n <\/p><p> <span style=\"font-weight: 400;\"><br>\n Si voleu registrar-vos a trav&eacute;s de les xarxes socials, presteu atenci&oacute; a si el club d&rsquo;apostes ofereix aquesta opci&oacute;. Si &eacute;s aix&iacute;, veureu els logotips de les xarxes socials a la part superior o inferior del formulari de registre. Per registrar-se, nom&eacute;s cal que feu clic a la imatge de la xarxa desitjada i confirmeu l&rsquo;acc&eacute;s a les dades. Podeu recarregar un dip&ograve;sit en un casino en l&iacute;nia des de 5 AUD directament al lloc web de la instituci&oacute;. Per dipositar diners al compte, l&rsquo;usuari necessita:<br>\n <\/span><\/p><ul>\n<li style=\"font-weight: 400;\" aria-level=\"1\">\n<p> <span style=\"font-weight: 400;\"><br>\n Aneu al lloc i inicieu sessi&oacute; al vostre compte.<br>\n <\/span><\/p>\n<\/li>\n<li style=\"font-weight: 400;\" aria-level=\"1\">\n<p> <span style=\"font-weight: 400;\"><br>\n Aneu a la secci&oacute; financera. Normalment, s&rsquo;anomena &ldquo;Caixer&rdquo; o &ldquo;Entrada\/retirada de fons&rdquo;. Podeu trobar un enlla&ccedil; a la part superior de la p&agrave;gina o al men&uacute; del vostre compte personal.<br>\n <\/span><\/p>\n<\/li>\n<li style=\"font-weight: 400;\" aria-level=\"1\">\n<p> <span style=\"font-weight: 400;\"><br>\n A continuaci&oacute;, trieu un m&egrave;tode de rec&agrave;rrega. El m&eacute;s accessible per a Austr&agrave;lia &eacute;s la rec&agrave;rrega mitjan&ccedil;ant una targeta banc&agrave;ria. Alguns establiments tamb&eacute; ofereixen sistemes de pagament en l&iacute;nia, carteres electr&ograve;niques o criptomonedes per a transaccions. Tingueu en compte que el l&iacute;mit m&iacute;nim de rec&agrave;rrega pot variar segons el m&egrave;tode.<br>\n <\/span><\/p>\n<\/li>\n<li style=\"font-weight: 400;\" aria-level=\"1\">\n<p> <span style=\"font-weight: 400;\"><br>\n A continuaci&oacute;, introdu&iuml;u l&rsquo;import de la rec&agrave;rrega i els detalls del m&egrave;tode de pagament.<br>\n <\/span><\/p>\n<\/li>\n<li style=\"font-weight: 400;\" aria-level=\"1\">\n<p> <span style=\"font-weight: 400;\"><br>\n I finalment, confirmeu la transacci&oacute;. <\/span><\/p>\n<\/li>\n<\/ul><p> <span style=\"font-weight: 400;\"><br>\n Molt sovint, la rec&agrave;rrega s&rsquo;abona a l&rsquo;instant, independentment de la seva mida. Per jugar a les m&agrave;quines escurabutxaques a partir de 5 AUD, els jugadors necessiten:<br>\n <\/span><\/p><ul>\n<li style=\"font-weight: 400;\" aria-level=\"1\">\n<p> <span style=\"font-weight: 400;\"><br>\n Inicieu sessi&oacute; al vostre compte i feu un ingr&eacute;s, si no ho heu fet abans.<br>\n <\/span><\/p>\n<\/li>\n<li style=\"font-weight: 400;\" aria-level=\"1\">\n<p> <span style=\"font-weight: 400;\"><br>\n Seleccioneu una m&agrave;quina escurabutxaques al vostre criteri.<br>\n <\/span><\/p>\n<\/li>\n<li style=\"font-weight: 400;\" aria-level=\"1\">\n<p> <span style=\"font-weight: 400;\"><br>\n Especifiqueu l&rsquo;aposta i ajusteu el nombre de l&iacute;nies de pagament, si escau.<br>\n <\/span><\/p>\n<\/li>\n<li style=\"font-weight: 400;\" aria-level=\"1\">\n<p> <span style=\"font-weight: 400;\"><br>\n Comen&ccedil;a els rodets i confia en la sort!<br>\n <\/span><\/p>\n<\/li>\n<\/ul><p> <span style=\"font-weight: 400;\"><br>\n Despr&eacute;s que la vostra sort us hagi portat una vict&ograve;ria, &eacute;s hora de rebre el pagament<br>\n <\/span><\/p><p> <span style=\"font-weight: 400;\"><br>\n casino de dip&ograve;sit m&iacute;nim de 5 d&ograve;lars superior<br>\n <\/span><\/p><p> <span style=\"font-weight: 400;\"><br>\n . Per a aix&ograve;, podeu utilitzar la p&agrave;gina &ldquo;Retirada&rdquo; a la secci&oacute; &ldquo;Pagament&rdquo;. Els usuaris poden retirar diners d&rsquo;una manera molt semblant al proc&eacute;s de reposici&oacute;:<br>\n <\/span><\/p><ul>\n<li style=\"font-weight: 400;\" aria-level=\"1\">\n<p> <span style=\"font-weight: 400;\"><br>\n Aneu al lloc, inicieu sessi&oacute; al vostre compte i obriu el &ldquo;Pagament&rdquo;.<br>\n <\/span><\/p>\n<\/li>\n<li style=\"font-weight: 400;\" aria-level=\"1\">\n<p> <span style=\"font-weight: 400;\"><br>\n Aneu a la p&agrave;gina de pagament.<br>\n <\/span><\/p>\n<\/li>\n<li style=\"font-weight: 400;\" aria-level=\"1\">\n<p> <span style=\"font-weight: 400;\"><br>\n Seleccioneu el m&egrave;tode de retirada que ja heu utilitzat per a la rec&agrave;rrega.<br>\n <\/span><\/p>\n<\/li>\n<li style=\"font-weight: 400;\" aria-level=\"1\">\n<p> <span style=\"font-weight: 400;\"><br>\n Introdu&iuml;u l&rsquo;import i les dades d&rsquo;una targeta banc&agrave;ria, cartera electr&ograve;nica o un altre mitj&agrave; de pagament.<br>\n <\/span><\/p>\n<\/li>\n<li style=\"font-weight: 400;\" aria-level=\"1\">\n<p> <span style=\"font-weight: 400;\"><br>\n Confirmeu la creaci&oacute; de la sol&middot;licitud de pagament.<br>\n <\/span><\/p>\n<\/li>\n<\/ul><p> <span style=\"font-weight: 400;\"><br>\n Pot passar un temps des de la sol&middot;licitud fins a la recepci&oacute; dels diners.<br>\n <\/span><\/p><p style=\"text-align: center;\">\n<\/p><p> <img loading=\"lazy\" decoding=\"async\" class=\"aligncenter wp-image-1513\" src=\"https:\/\/gamble-online-aus.org\/wp-content\/uploads\/2022\/07\/5-AUD-Minimum-Deposit-Casinos-1-300x150.jpg\" alt=\" Minimum Deposit Casino\" width=\"620\" height=\"310\" srcset=\"https:\/\/gamble-online-aus.org\/wp-content\/uploads\/2022\/07\/5-AUD-Minimum-Deposit-Casinos-1-300x150.jpg 300w, https:\/\/gamble-online-aus.org\/wp-content\/uploads\/2022\/07\/5-AUD-Minimum-Deposit-Casinos-1-768x384.jpg 768w, https:\/\/gamble-online-aus.org\/wp-content\/uploads\/2022\/07\/5-AUD-Minimum-Deposit-Casinos-1.jpg 1000w\" sizes=\"auto, (max-width: 620px) 100vw, 620px\"><\/p><h2>\n<\/h2><p> <span style=\"font-weight: 400;\"><br>\n Consol<br>\n <\/span><\/p><p> <span style=\"font-weight: 400;\"><br>\n Per tant, tenint en compte tot l&rsquo;anterior, podem dir amb confian&ccedil;a que si un jugador d&rsquo;Austr&agrave;lia tria casinos amb llic&egrave;ncia d&rsquo;Austr&agrave;lia, llavors, sobretot, tria jocs de baixa qualitat dels millors prove&iuml;dors. En aquest cas, el m&eacute;s important &eacute;s que decideixi la seva seguretat i la seguretat dels seus fons, aix&iacute; com la informaci&oacute; privada que decideix compartir amb el casino en l&iacute;nia escollit.<br>\n <\/span><\/p><p> <span style=\"font-weight: 400;\"><br>\n El millor de tot &eacute;s que, tal com mostren les pr&agrave;ctiques i les revisions de jugadors reals, es decidir&agrave; el casino en l&iacute;nia. A m&eacute;s de tots els avantatges que tenen els casinos amb llic&egrave;ncia est&agrave;ndard del pa&iacute;s, tamb&eacute; poden oferir un dels millors sistemes de pagament. No nom&eacute;s ajudar&agrave; a realitzar transaccions financeres segures, sin&oacute; que tamb&eacute; ho far&agrave; en un curt per&iacute;ode de temps.<br>\n <\/span> <\/p>\n","protected":false},"excerpt":{"rendered":"<p>No s&eacute; quin Casino de dip&ograve;sit m&iacute;nim de 5 d&ograve;lars Austr&agrave;lia 2026 triar per a l&rsquo;entreteniment de les m&agrave;quines escurabutxaques de baix dip&ograve;sit? Hem preparat una classificaci&oacute; dels casinos TOP amb un dip&ograve;sit m&iacute;nim de 5 AUD. Al material seg&uuml;ent, coneixer&agrave;s els avantatges dels establiments a partir de la nostra classificaci&oacute; i com jugar a&hellip;&nbsp;<a href=\"https:\/\/gamble-online-aus.org\/can\/5-minimum-deposit-casino-2\/\" class=\"\" rel=\"bookmark\">Read More &raquo;<span class=\"screen-reader-text\">Revisi\u00f3 del casino de dip\u00f2sit m\u00ednim de 5 d\u00f2lars a Austr\u00e0lia 2023<\/span><\/a><\/p>\n","protected":false},"author":1,"featured_media":0,"parent":0,"menu_order":0,"comment_status":"closed","ping_status":"closed","template":"","meta":{"neve_meta_sidebar":"","neve_meta_container":"","neve_meta_enable_content_width":"","neve_meta_content_width":0,"neve_meta_title_alignment":"","neve_meta_author_avatar":"","neve_post_elements_order":"","neve_meta_disable_header":"","neve_meta_disable_footer":"","neve_meta_disable_title":"","footnotes":""},"class_list":["post-2983","page","type-page","status-publish","hentry"],"_links":{"self":[{"href":"https:\/\/gamble-online-aus.org\/can\/wp-json\/wp\/v2\/pages\/2983","targetHints":{"allow":["GET"]}}],"collection":[{"href":"https:\/\/gamble-online-aus.org\/can\/wp-json\/wp\/v2\/pages"}],"about":[{"href":"https:\/\/gamble-online-aus.org\/can\/wp-json\/wp\/v2\/types\/page"}],"author":[{"embeddable":true,"href":"https:\/\/gamble-online-aus.org\/can\/wp-json\/wp\/v2\/users\/1"}],"replies":[{"embeddable":true,"href":"https:\/\/gamble-online-aus.org\/can\/wp-json\/wp\/v2\/comments?post=2983"}],"version-history":[{"count":0,"href":"https:\/\/gamble-online-aus.org\/can\/wp-json\/wp\/v2\/pages\/2983\/revisions"}],"wp:attachment":[{"href":"https:\/\/gamble-online-aus.org\/can\/wp-json\/wp\/v2\/media?parent=2983"}],"curies":[{"name":"wp","href":"https:\/\/api.w.org\/{rel}","templated":true}]}}